{"id":31325,"date":"2025-02-20T22:33:11","date_gmt":"2025-02-20T22:33:11","guid":{"rendered":"http:\/\/olemosaic.com\/producto\/llavero-de-madera-letra-u-barcelona\/"},"modified":"2025-07-25T18:45:18","modified_gmt":"2025-07-25T16:45:18","slug":"porte-cles-bois-lettre-u-barcelone","status":"publish","type":"product","link":"https:\/\/olemosaic.com\/fr\/produit\/porte-cles-bois-lettre-u-barcelone\/","title":{"rendered":"Porte-cl\u00e9s en bois. Lettre U. Barcelone."},"content":{"rendered":"<p>Ce porte-cl\u00e9s en bois en forme de lettre \u00ab\u00a0U\u00a0\u00bb est un charmant souvenir qui encapsule l&rsquo;essence de l&#8217;embl\u00e9matique ville de Barcelone. Avec un design vibrant et color\u00e9, il pr\u00e9sente des illustrations remarquables de la Sagrada Familia, l&rsquo;un des monuments les plus iconiques de la ville, ainsi que d&rsquo;autres \u00e9l\u00e9ments repr\u00e9sentatifs du modernisme catalan, tels que des b\u00e2timents embl\u00e9matiques et des ornements floraux \u00e9voquant la richesse culturelle de la r\u00e9gion. Ce porte-cl\u00e9s est une pi\u00e8ce minutieusement \u00e9labor\u00e9e en bois, dont la finition brillante rehausse la gamme de couleurs, rendant chaque d\u00e9tail visible et attrayant.<\/p>\n<p>Le design, plein de cr\u00e9ativit\u00e9, refl\u00e8te la singularit\u00e9 artistique de Barcelone, en faisant un souvenir id\u00e9al pour ceux qui souhaitent ramener chez eux un morceau de cette m\u00e9tropole vibrante. Ce souvenir n&rsquo;est pas seulement pratique, il agit \u00e9galement comme un excellent souvenir repr\u00e9sentant la magie de Barcelone, \u00e9tant parfait tant pour les touristes que pour ceux qui veulent partager un fragment de leur exp\u00e9rience dans la ville avec leurs amis et leur famille.<\/p>\n<p>Chez Ol\u00e9 Mosaic, nous distribuons ce porte-cl\u00e9s en bois en gros, offrant un produit authentique et de qualit\u00e9 qui se distingue comme un souvenir repr\u00e9sentatif de la culture barcelonaise. C&rsquo;est un choix parfait pour les boutiques de cadeaux touristiques cherchant \u00e0 offrir \u00e0 leurs clients un souvenir significatif et plein de couleurs.<\/p>\n","protected":false},"excerpt":{"rendered":"<p>Porte-cl\u00e9s en bois en forme de lettre \u00ab\u00a0U\u00a0\u00bb, inspir\u00e9 de l&#8217;embl\u00e9matique ville de Barcelone. Ce porte-cl\u00e9s attrayant pr\u00e9sente des illustrations color\u00e9es de la Sagrada Familia et d&rsquo;autres \u00e9l\u00e9ments iconiques de la ville, tels que des b\u00e2timents modernistes, des ornements floraux et des formes abstraites. Fabriqu\u00e9 en bois, ce design vibrant capture l&rsquo;essence artistique et culturelle de Barcelone, en faisant un souvenir id\u00e9al pour se souvenir de votre visite ou pour offrir \u00e0 vos proches.<\/p>\n","protected":false},"featured_media":10532,"template":"","meta":{"_acf_changed":false},"product_brand":[],"product_cat":[607],"product_tag":[614],"class_list":{"0":"post-31325","1":"product","2":"type-product","3":"status-publish","4":"has-post-thumbnail","6":"product_cat-porte-cles","7":"product_tag-lettres","8":"pa_ciudad-barcelona","9":"pa_motivo-lettre-u","10":"pa_pais-espana","12":"first","13":"instock","14":"shipping-taxable","15":"product-type-simple"},"acf":[],"_links":{"self":[{"href":"https:\/\/olemosaic.com\/fr\/wp-json\/wp\/v2\/product\/31325","targetHints":{"allow":["GET"]}}],"collection":[{"href":"https:\/\/olemosaic.com\/fr\/wp-json\/wp\/v2\/product"}],"about":[{"href":"https:\/\/olemosaic.com\/fr\/wp-json\/wp\/v2\/types\/product"}],"wp:featuredmedia":[{"embeddable":true,"href":"https:\/\/olemosaic.com\/fr\/wp-json\/wp\/v2\/media\/10532"}],"wp:attachment":[{"href":"https:\/\/olemosaic.com\/fr\/wp-json\/wp\/v2\/media?parent=31325"}],"wp:term":[{"taxonomy":"product_brand","embeddable":true,"href":"https:\/\/olemosaic.com\/fr\/wp-json\/wp\/v2\/product_brand?post=31325"},{"taxonomy":"product_cat","embeddable":true,"href":"https:\/\/olemosaic.com\/fr\/wp-json\/wp\/v2\/product_cat?post=31325"},{"taxonomy":"product_tag","embeddable":true,"href":"https:\/\/olemosaic.com\/fr\/wp-json\/wp\/v2\/product_tag?post=31325"}],"curies":[{"name":"wp","href":"https:\/\/api.w.org\/{rel}","templated":true}]}}