{"id":31322,"date":"2025-02-20T23:33:11","date_gmt":"2025-02-20T22:33:11","guid":{"rendered":"http:\/\/olemosaic.com\/producto\/llavero-de-madera-sardina-lisboa\/"},"modified":"2025-07-25T20:12:51","modified_gmt":"2025-07-25T18:12:51","slug":"porte-cles-bois-sardine-lisbonne","status":"publish","type":"product","link":"https:\/\/olemosaic.com\/fr\/produit\/porte-cles-bois-sardine-lisbonne\/","title":{"rendered":"Porte-cl\u00e9s en bois. Sardine. Lisbonne."},"content":{"rendered":"<p>Ce porte-cl\u00e9s en bois en forme de sardine est un v\u00e9ritable symbole du folklore lisbo\u00e8te, un souvenir vibrant qui capture l&rsquo;essence de la gastronomie locale et de la culture portugaise. Avec son design color\u00e9 aux tons jaunes, oranges, rouges et bleus, ce porte-cl\u00e9s se distingue par ses motifs ondul\u00e9s \u00e9voquant la texture des \u00e9cailles d&rsquo;une sardine, un aliment embl\u00e9matique du r\u00e9gime lisbo\u00e8te. La pi\u00e8ce est fabriqu\u00e9e en bois de haute qualit\u00e9, ce qui lui conf\u00e8re une finition artisanale et distinctive qui la rend unique.<\/p>\n<p>Attach\u00e9 \u00e0 un anneau m\u00e9tallique r\u00e9sistant, ce porte-cl\u00e9s n&rsquo;est pas seulement fonctionnel pour tenir les cl\u00e9s, mais il est aussi parfait pour orner un sac, ajoutant une touche de joie et d&rsquo;authenticit\u00e9 au quotidien. Ce porte-cl\u00e9s sardine est une repr\u00e9sentation id\u00e9ale de Lisbonne, une ville fi\u00e8re de son riche h\u00e9ritage maritime et gastronomique.<\/p>\n<p>Chez Ol\u00e9 Mosaic, en tant que distributeurs de souvenirs en gros, nous proposons des produits qui refl\u00e8tent la culture et la tradition de chaque r\u00e9gion. Ce porte-cl\u00e9s sardine de Lisbonne est une excellente option pour les boutiques de cadeaux touristiques cherchant \u00e0 offrir des articles singuliers et repr\u00e9sentatifs. Avec son design attrayant et sa signification culturelle, ce porte-cl\u00e9s est le souvenir parfait pour ceux qui souhaitent ramener un petit morceau de Lisbonne chez eux.<\/p>\n","protected":false},"excerpt":{"rendered":"<p>Porte-cl\u00e9s en bois en forme de sardine, inspir\u00e9 du folklore color\u00e9 de Lisbonne. Ce porte-cl\u00e9s attrayant pr\u00e9sente un design vibrant dans les tons jaunes, oranges, rouges et bleus, avec des motifs ondul\u00e9s \u00e9voquant les \u00e9cailles. La sardine, symbole de la gastronomie locale, est attach\u00e9e \u00e0 un anneau m\u00e9tallique r\u00e9sistant, id\u00e9al pour tenir vos cl\u00e9s ou d\u00e9corer votre sac. Un souvenir parfait de la riche culture lisbo\u00e8te.<\/p>\n","protected":false},"featured_media":10715,"template":"","meta":{"_acf_changed":false},"product_brand":[],"product_cat":[607],"product_tag":[530],"class_list":{"0":"post-31322","1":"product","2":"type-product","3":"status-publish","4":"has-post-thumbnail","6":"product_cat-porte-cles","7":"product_tag-animaux","8":"pa_ciudad-lisboa","9":"pa_motivo-sardines","10":"pa_pais-portugal","12":"first","13":"instock","14":"shipping-taxable","15":"product-type-simple"},"acf":[],"_links":{"self":[{"href":"https:\/\/olemosaic.com\/fr\/wp-json\/wp\/v2\/product\/31322","targetHints":{"allow":["GET"]}}],"collection":[{"href":"https:\/\/olemosaic.com\/fr\/wp-json\/wp\/v2\/product"}],"about":[{"href":"https:\/\/olemosaic.com\/fr\/wp-json\/wp\/v2\/types\/product"}],"wp:featuredmedia":[{"embeddable":true,"href":"https:\/\/olemosaic.com\/fr\/wp-json\/wp\/v2\/media\/10715"}],"wp:attachment":[{"href":"https:\/\/olemosaic.com\/fr\/wp-json\/wp\/v2\/media?parent=31322"}],"wp:term":[{"taxonomy":"product_brand","embeddable":true,"href":"https:\/\/olemosaic.com\/fr\/wp-json\/wp\/v2\/product_brand?post=31322"},{"taxonomy":"product_cat","embeddable":true,"href":"https:\/\/olemosaic.com\/fr\/wp-json\/wp\/v2\/product_cat?post=31322"},{"taxonomy":"product_tag","embeddable":true,"href":"https:\/\/olemosaic.com\/fr\/wp-json\/wp\/v2\/product_tag?post=31322"}],"curies":[{"name":"wp","href":"https:\/\/api.w.org\/{rel}","templated":true}]}}