{"id":31316,"date":"2025-02-20T22:33:10","date_gmt":"2025-02-20T22:33:10","guid":{"rendered":"http:\/\/olemosaic.com\/producto\/llavero-de-madera-letra-t-barcelona\/"},"modified":"2025-07-25T20:16:47","modified_gmt":"2025-07-25T18:16:47","slug":"porte-cles-en-bois-lettre-t-barcelone","status":"publish","type":"product","link":"https:\/\/olemosaic.com\/fr\/produit\/porte-cles-en-bois-lettre-t-barcelone\/","title":{"rendered":"Porte-cl\u00e9s en bois. Lettre T. Barcelone."},"content":{"rendered":"<p>Ce porte-cl\u00e9s en bois en forme de lettre T est une pi\u00e8ce charmante qui rend hommage \u00e0 la ville embl\u00e9matique de Barcelone. Son design vibrant pr\u00e9sente l&rsquo;iconique Sagrada Familia, avec ses c\u00e9l\u00e8bres tours repr\u00e9sent\u00e9es dans des tons rouges et dor\u00e9s. Les d\u00e9tails color\u00e9s qui entourent le monument \u00e9voquent le style moderniste qui caract\u00e9rise la ville et l&rsquo;\u0153uvre d&rsquo;Antoni Gaud\u00ed. La lettre T, en elle-m\u00eame, refl\u00e8te le symbolisme du \u00ab\u00a0T\u00a0\u00bb de \u00ab\u00a0Barcelona\u00a0\u00bb, faisant de ce porte-cl\u00e9s un souvenir significatif et personnel pour tout visiteur.<\/p>\n<p>Fabriqu\u00e9 en bois de haute qualit\u00e9, ce porte-cl\u00e9s assure durabilit\u00e9 et une touche artisanale qui se d\u00e9marque sur le march\u00e9 des souvenirs. L&rsquo;anneau r\u00e9sistant permet une utilisation pratique et confortable, que ce soit pour attacher les cl\u00e9s ou pour orner un sac. Ce souvenir de Barcelone n&rsquo;est pas seulement un accessoire fonctionnel, c&rsquo;est aussi une excellente fa\u00e7on d&#8217;emporter avec soi un fragment de la riche architecture et culture catalane.<\/p>\n<p>Chez Ol\u00e9 Mosaic, nous sommes distributeurs de souvenirs en gros et proposons une s\u00e9lection unique de produits qui repr\u00e9sentent l&rsquo;authenticit\u00e9 de chaque r\u00e9gion. Ce porte-cl\u00e9s de la Sagrada Familia est une option id\u00e9ale pour les boutiques de cadeaux touristiques qui cherchent \u00e0 int\u00e9grer \u00e0 leur offre des souvenirs significatifs et authentiques de Barcelone.<\/p>\n","protected":false},"excerpt":{"rendered":"<p>Porte-cl\u00e9s en bois en forme de lettre T, inspir\u00e9 par la ville embl\u00e9matique de Barcelone. Ce design vibrant pr\u00e9sente la c\u00e9l\u00e8bre Sagrada Familia, avec ses tours caract\u00e9ristiques dans des tons rouges et dor\u00e9s, entour\u00e9es de d\u00e9tails color\u00e9s \u00e9voquant le style moderniste. Le porte-cl\u00e9s comprend un anneau r\u00e9sistant pour une utilisation pratique et durable, devenant un souvenir parfait de l&rsquo;architecture unique de la ville.<\/p>\n","protected":false},"featured_media":10531,"template":"","meta":{"_acf_changed":false},"product_brand":[],"product_cat":[607],"product_tag":[614],"class_list":{"0":"post-31316","1":"product","2":"type-product","3":"status-publish","4":"has-post-thumbnail","6":"product_cat-porte-cles","7":"product_tag-lettres","8":"pa_ciudad-barcelona","9":"pa_motivo-lettre-t","10":"pa_pais-espana","12":"first","13":"instock","14":"shipping-taxable","15":"product-type-simple"},"acf":[],"_links":{"self":[{"href":"https:\/\/olemosaic.com\/fr\/wp-json\/wp\/v2\/product\/31316","targetHints":{"allow":["GET"]}}],"collection":[{"href":"https:\/\/olemosaic.com\/fr\/wp-json\/wp\/v2\/product"}],"about":[{"href":"https:\/\/olemosaic.com\/fr\/wp-json\/wp\/v2\/types\/product"}],"wp:featuredmedia":[{"embeddable":true,"href":"https:\/\/olemosaic.com\/fr\/wp-json\/wp\/v2\/media\/10531"}],"wp:attachment":[{"href":"https:\/\/olemosaic.com\/fr\/wp-json\/wp\/v2\/media?parent=31316"}],"wp:term":[{"taxonomy":"product_brand","embeddable":true,"href":"https:\/\/olemosaic.com\/fr\/wp-json\/wp\/v2\/product_brand?post=31316"},{"taxonomy":"product_cat","embeddable":true,"href":"https:\/\/olemosaic.com\/fr\/wp-json\/wp\/v2\/product_cat?post=31316"},{"taxonomy":"product_tag","embeddable":true,"href":"https:\/\/olemosaic.com\/fr\/wp-json\/wp\/v2\/product_tag?post=31316"}],"curies":[{"name":"wp","href":"https:\/\/api.w.org\/{rel}","templated":true}]}}