{"id":31313,"date":"2025-02-20T23:33:09","date_gmt":"2025-02-20T22:33:09","guid":{"rendered":"http:\/\/olemosaic.com\/producto\/llavero-de-madera-letra-k-sevilla\/"},"modified":"2025-07-25T18:55:16","modified_gmt":"2025-07-25T16:55:16","slug":"porte-cles-en-bois-lettre-k-seville","status":"publish","type":"product","link":"https:\/\/olemosaic.com\/fr\/produit\/porte-cles-en-bois-lettre-k-seville\/","title":{"rendered":"Porte-cl\u00e9s en bois. Lettre K. S\u00e9ville."},"content":{"rendered":"<p>Ce porte-cl\u00e9s en bois en forme de lettre K est un charmant hommage \u00e0 la vibrante culture s\u00e9villane, parfait pour ceux qui souhaitent emporter un morceau de cette ville captivante toujours avec eux. Chaque porte-cl\u00e9s est une petite \u0153uvre d&rsquo;art, avec des illustrations color\u00e9es inspir\u00e9es de l&rsquo;architecture embl\u00e9matique de S\u00e9ville, mettant en avant la majestueuse Giralda et les d\u00e9cors typiques qui font de cette m\u00e9tropole une destination touristique incontournable. Disponible en deux designs uniques, l&rsquo;un avec un fond en c\u00e9ramique \u00e9voquant la tradition andalouse, et l&rsquo;autre pr\u00e9sentant un ciel bleu, symbolisant la lumi\u00e8re et la fra\u00eecheur du climat s\u00e9villan. L&rsquo;utilisation du bois assure non seulement un produit \u00e9cologique, mais lui conf\u00e8re \u00e9galement une touche d&rsquo;authenticit\u00e9 et de chaleur.<\/p>\n<p>Ce porte-cl\u00e9s n&rsquo;est pas seulement un accessoire, mais un authentique souvenir qui symbolise l&rsquo;essence de S\u00e9ville, constituant un rappel id\u00e9al pour les touristes cherchant \u00e0 encapsuler des moments sp\u00e9ciaux de leur visite. Chez Ol\u00e9 Mosaic, nous nous sp\u00e9cialisons dans la distribution de souvenirs en gros, offrant des produits authentiques qui refl\u00e8tent la riche culture espagnole. Ce porte-cl\u00e9s avec la lettre K est une option de choix pour les boutiques de cadeaux touristiques souhaitant proposer des articles uniques et repr\u00e9sentatifs, garantissant qualit\u00e9 et originalit\u00e9 \u00e0 chaque achat.<\/p>\n","protected":false},"excerpt":{"rendered":"<p>Porte-cl\u00e9s en bois en forme de lettre K, inspir\u00e9 de S\u00e9ville. Ce porte-cl\u00e9s distinctif pr\u00e9sente une illustration color\u00e9e qui refl\u00e8te l&rsquo;architecture et la culture s\u00e9villane, avec des \u00e9l\u00e9ments tels que la Giralda et des d\u00e9cors typiques, le tout dans un style vibrant et d\u00e9taill\u00e9. Disponible en deux designs, l&rsquo;un avec un fond en c\u00e9ramique et l&rsquo;autre avec un ciel bleu, chaque pi\u00e8ce est un souvenir parfait pour emporter un morceau de S\u00e9ville avec soi.<\/p>\n","protected":false},"featured_media":10895,"template":"","meta":{"_acf_changed":false},"product_brand":[],"product_cat":[607],"product_tag":[614],"class_list":{"0":"post-31313","1":"product","2":"type-product","3":"status-publish","4":"has-post-thumbnail","6":"product_cat-porte-cles","7":"product_tag-lettres","8":"pa_ciudad-sevilla","9":"pa_motivo-lettre-k","10":"pa_pais-espana","12":"first","13":"instock","14":"shipping-taxable","15":"product-type-simple"},"acf":[],"_links":{"self":[{"href":"https:\/\/olemosaic.com\/fr\/wp-json\/wp\/v2\/product\/31313","targetHints":{"allow":["GET"]}}],"collection":[{"href":"https:\/\/olemosaic.com\/fr\/wp-json\/wp\/v2\/product"}],"about":[{"href":"https:\/\/olemosaic.com\/fr\/wp-json\/wp\/v2\/types\/product"}],"wp:featuredmedia":[{"embeddable":true,"href":"https:\/\/olemosaic.com\/fr\/wp-json\/wp\/v2\/media\/10895"}],"wp:attachment":[{"href":"https:\/\/olemosaic.com\/fr\/wp-json\/wp\/v2\/media?parent=31313"}],"wp:term":[{"taxonomy":"product_brand","embeddable":true,"href":"https:\/\/olemosaic.com\/fr\/wp-json\/wp\/v2\/product_brand?post=31313"},{"taxonomy":"product_cat","embeddable":true,"href":"https:\/\/olemosaic.com\/fr\/wp-json\/wp\/v2\/product_cat?post=31313"},{"taxonomy":"product_tag","embeddable":true,"href":"https:\/\/olemosaic.com\/fr\/wp-json\/wp\/v2\/product_tag?post=31313"}],"curies":[{"name":"wp","href":"https:\/\/api.w.org\/{rel}","templated":true}]}}