{"id":31305,"date":"2025-02-20T23:33:09","date_gmt":"2025-02-20T22:33:09","guid":{"rendered":"http:\/\/olemosaic.com\/producto\/llavero-de-madera-letra-x-valencia\/"},"modified":"2025-07-25T18:46:51","modified_gmt":"2025-07-25T16:46:51","slug":"porte-cles-en-bois-lettre-x-valence","status":"publish","type":"product","link":"https:\/\/olemosaic.com\/fr\/produit\/porte-cles-en-bois-lettre-x-valence\/","title":{"rendered":"Porte-cl\u00e9s en bois. Lettre X. Valence."},"content":{"rendered":"<p>Ce porte-cl\u00e9s en bois en forme de lettre \u00ab\u00a0X\u00a0\u00bb est un souvenir exclusif qui capture l&rsquo;essence de Valence, fusionnant art et symbolisme dans une pi\u00e8ce unique. Cet accessoire frappant pr\u00e9sente un design vibrant qui combine des \u00e9l\u00e9ments architecturaux embl\u00e9matiques de la ville, tels que l&rsquo;impressionnante Cit\u00e9 des Arts et des Sciences et la Lonja de la Seda historique, le tout repr\u00e9sent\u00e9 avec un style de mosa\u00efque captivant. La base en bois ajoute une touche d&rsquo;authenticit\u00e9 et de chaleur \u00e0 ce porte-cl\u00e9s, en faisant un rappel tangible des merveilles valenciennes.<\/p>\n<p>Les d\u00e9tails artistiques du porte-cl\u00e9s soulignent les tons bleus, jaunes et rouges, \u00e9voquant la luminosit\u00e9 du paysage urbain de Valence. Ce design n&rsquo;est pas seulement visuellement attrayant, il offre \u00e9galement une connexion culturelle profonde, refl\u00e9tant la riche histoire et la modernit\u00e9 dynamique de la ville. Id\u00e9al comme souvenir, ce porte-cl\u00e9s est une excellente option pour les touristes \u00e0 la recherche d&rsquo;une repr\u00e9sentation authentique de Valence \u00e0 emporter avec eux.<\/p>\n<p>Chez Ol\u00e9 Mosaic, nous sommes des distributeurs de souvenirs en gros et nous sommes fiers de proposer des produits uniques qui c\u00e9l\u00e8brent la diversit\u00e9 culturelle de l&rsquo;Espagne. Ce porte-cl\u00e9s de Valence est un cadeau id\u00e9al pour les boutiques de souvenirs touristiques qui souhaitent offrir des articles authentiques et attrayants, fusionnant art et fonctionnalit\u00e9 dans un seul produit, recherch\u00e9 tant par les touristes que par les locaux.<\/p>\n","protected":false},"excerpt":{"rendered":"<p>Porte-cl\u00e9s en bois en forme de lettre \u00ab\u00a0X\u00a0\u00bb, inspir\u00e9 par Valence. Cet accessoire original pr\u00e9sente un design color\u00e9 qui combine des \u00e9l\u00e9ments architecturaux embl\u00e9matiques de la ville, comme la Cit\u00e9 des Arts et des Sciences et la Lonja de la Seda, avec un style de mosa\u00efque vibrant. La base en bois apporte une touche d&rsquo;authenticit\u00e9, tandis que l&rsquo;impression artistique souligne les d\u00e9tails dans les tons bleus, jaunes et rouges, capturant l&rsquo;essence culturelle de Valence.<\/p>\n","protected":false},"featured_media":10882,"template":"","meta":{"_acf_changed":false},"product_brand":[],"product_cat":[607],"product_tag":[614],"class_list":{"0":"post-31305","1":"product","2":"type-product","3":"status-publish","4":"has-post-thumbnail","6":"product_cat-porte-cles","7":"product_tag-lettres","8":"pa_ciudad-valencia","9":"pa_motivo-lettre-x","10":"pa_pais-espana","12":"first","13":"instock","14":"shipping-taxable","15":"product-type-simple"},"acf":[],"_links":{"self":[{"href":"https:\/\/olemosaic.com\/fr\/wp-json\/wp\/v2\/product\/31305","targetHints":{"allow":["GET"]}}],"collection":[{"href":"https:\/\/olemosaic.com\/fr\/wp-json\/wp\/v2\/product"}],"about":[{"href":"https:\/\/olemosaic.com\/fr\/wp-json\/wp\/v2\/types\/product"}],"wp:featuredmedia":[{"embeddable":true,"href":"https:\/\/olemosaic.com\/fr\/wp-json\/wp\/v2\/media\/10882"}],"wp:attachment":[{"href":"https:\/\/olemosaic.com\/fr\/wp-json\/wp\/v2\/media?parent=31305"}],"wp:term":[{"taxonomy":"product_brand","embeddable":true,"href":"https:\/\/olemosaic.com\/fr\/wp-json\/wp\/v2\/product_brand?post=31305"},{"taxonomy":"product_cat","embeddable":true,"href":"https:\/\/olemosaic.com\/fr\/wp-json\/wp\/v2\/product_cat?post=31305"},{"taxonomy":"product_tag","embeddable":true,"href":"https:\/\/olemosaic.com\/fr\/wp-json\/wp\/v2\/product_tag?post=31305"}],"curies":[{"name":"wp","href":"https:\/\/api.w.org\/{rel}","templated":true}]}}