{"id":31304,"date":"2025-02-20T23:33:09","date_gmt":"2025-02-20T22:33:09","guid":{"rendered":"http:\/\/olemosaic.com\/producto\/llavero-de-madera-letra-x-madrid\/"},"modified":"2025-07-25T18:46:49","modified_gmt":"2025-07-25T16:46:49","slug":"porte-cles-en-bois-lettre-x-madrid","status":"publish","type":"product","link":"https:\/\/olemosaic.com\/fr\/produit\/porte-cles-en-bois-lettre-x-madrid\/","title":{"rendered":"Porte-cl\u00e9s en bois. Lettre X. Madrid."},"content":{"rendered":"<p>Ce porte-cl\u00e9s en bois en forme de \u00ab\u00a0X\u00a0\u00bb est un charmant souvenir de Madrid qui capture l&rsquo;essence vibrante et culturelle de la ville. \u00c9labor\u00e9 avec un design color\u00e9, il se distingue par ses illustrations complexes de monuments embl\u00e9matiques, tels que la c\u00e9l\u00e8bre Puerta del Sol, aux c\u00f4t\u00e9s de personnages v\u00eatus de costumes typiques \u00e9voquant la tradition et le folklore madril\u00e8ne. Chaque d\u00e9tail est m\u00e9ticuleusement peint \u00e0 la main, cr\u00e9ant une pi\u00e8ce unique qui combine les couleurs bleu et rouge, repr\u00e9sentatives de l&rsquo;identit\u00e9 de Madrid.<\/p>\n<p>Le porte-cl\u00e9s n&rsquo;est pas seulement un accessoire pratique, mais aussi une fa\u00e7on d&#8217;emporter un petit morceau de la capitale espagnole avec soi, id\u00e9al pour ceux qui recherchent un souvenir authentique et symbolique. Son design, avec un fond rappelant les mosa\u00efques caract\u00e9ristiques de la ville, en fait une excellente option pour les touristes qui souhaitent capturer l&rsquo;essence de Madrid de mani\u00e8re originale et artistique.<\/p>\n<p>Chez Ol\u00e9 Mosaic, en tant que grossistes de souvenirs, nous proposons ce porte-cl\u00e9s en bois dans le cadre de notre s\u00e9lection soign\u00e9e de produits r\u00e9gionaux. Il est parfait pour les boutiques de cadeaux touristiques souhaitant offrir des articles de qualit\u00e9 et de valeur culturelle. Ne manquez pas l&rsquo;occasion d&rsquo;offrir \u00e0 vos clients ce porte-cl\u00e9s de Madrid qui sera, sans aucun doute, un souvenir pr\u00e9cieux.<\/p>\n","protected":false},"excerpt":{"rendered":"<p>Porte-cl\u00e9s en bois en forme de lettre \u00ab\u00a0X\u00a0\u00bb, repr\u00e9sentant le meilleur de Madrid. Ce design color\u00e9 inclut des illustrations embl\u00e9matiques, comme la Puerta del Sol et des personnages v\u00eatus de costumes typiques, le tout dans un design artisanal, peint \u00e0 la main, avec un style artistique vibrant. Le porte-cl\u00e9s se distingue par ses d\u00e9tails en bleu et rouge, \u00e9voquant l&rsquo;essence de la ville. Id\u00e9al pour emporter un petit morceau de Madrid toujours avec soi.<\/p>\n","protected":false},"featured_media":10856,"template":"","meta":{"_acf_changed":false},"product_brand":[],"product_cat":[607],"product_tag":[614],"class_list":{"0":"post-31304","1":"product","2":"type-product","3":"status-publish","4":"has-post-thumbnail","6":"product_cat-porte-cles","7":"product_tag-lettres","8":"pa_ciudad-madrid","9":"pa_motivo-lettre-x","10":"pa_pais-espana","12":"first","13":"instock","14":"shipping-taxable","15":"product-type-simple"},"acf":[],"_links":{"self":[{"href":"https:\/\/olemosaic.com\/fr\/wp-json\/wp\/v2\/product\/31304","targetHints":{"allow":["GET"]}}],"collection":[{"href":"https:\/\/olemosaic.com\/fr\/wp-json\/wp\/v2\/product"}],"about":[{"href":"https:\/\/olemosaic.com\/fr\/wp-json\/wp\/v2\/types\/product"}],"wp:featuredmedia":[{"embeddable":true,"href":"https:\/\/olemosaic.com\/fr\/wp-json\/wp\/v2\/media\/10856"}],"wp:attachment":[{"href":"https:\/\/olemosaic.com\/fr\/wp-json\/wp\/v2\/media?parent=31304"}],"wp:term":[{"taxonomy":"product_brand","embeddable":true,"href":"https:\/\/olemosaic.com\/fr\/wp-json\/wp\/v2\/product_brand?post=31304"},{"taxonomy":"product_cat","embeddable":true,"href":"https:\/\/olemosaic.com\/fr\/wp-json\/wp\/v2\/product_cat?post=31304"},{"taxonomy":"product_tag","embeddable":true,"href":"https:\/\/olemosaic.com\/fr\/wp-json\/wp\/v2\/product_tag?post=31304"}],"curies":[{"name":"wp","href":"https:\/\/api.w.org\/{rel}","templated":true}]}}