{"id":31303,"date":"2025-02-20T23:33:09","date_gmt":"2025-02-20T22:33:09","guid":{"rendered":"http:\/\/olemosaic.com\/producto\/llavero-de-madera-letra-x-sevilla\/"},"modified":"2025-07-25T19:19:51","modified_gmt":"2025-07-25T17:19:51","slug":"porte-cles-en-bois-lettre-x-seville","status":"publish","type":"product","link":"https:\/\/olemosaic.com\/fr\/produit\/porte-cles-en-bois-lettre-x-seville\/","title":{"rendered":"Porte-cl\u00e9s en bois. Lettre X. S\u00e9ville."},"content":{"rendered":"<p>Ce porte-cl\u00e9s en bois en forme de lettre \u00ab\u00a0X\u00a0\u00bb est un souvenir \u00e9l\u00e9gant qui capture l&rsquo;essence de S\u00e9ville, l&rsquo;une des villes les plus embl\u00e9matiques d&rsquo;Espagne. Con\u00e7u et peint \u00e0 la main, ce porte-cl\u00e9s pr\u00e9sente une repr\u00e9sentation color\u00e9e de la c\u00e9l\u00e8bre Giralda, entour\u00e9e d&rsquo;un environnement andalou vibrant qui inclut des d\u00e9tails de mosa\u00efque dans les tons bleus et jaunes. La lettre \u00ab\u00a0X\u00a0\u00bb devient une toile artistique, mettant en valeur la riche culture et le folklore s\u00e9villan. Avec des \u00e9l\u00e9ments architecturaux et paysagers qui \u00e9voquent l&rsquo;histoire de la ville, cet accessoire n&rsquo;est pas seulement fonctionnel, il sert \u00e9galement de rappel tangible de la splendeur s\u00e9villane.<\/p>\n<p>L&rsquo;attention port\u00e9e aux d\u00e9tails est \u00e9vidente dans chaque trait, o\u00f9 les couleurs vibrantes se combinent pour offrir un design qui souligne la joie et le charme de l&rsquo;Andalousie. En tant que partie de la culture locale, ce porte-cl\u00e9s symbolise la chaleur et l&rsquo;hospitalit\u00e9 des S\u00e9villans, devenant un excellent cadeau ou souvenir pour ceux qui souhaitent emporter un morceau de cette belle ville avec eux. Chez Ol\u00e9 Mosaic, nous sommes des distributeurs de souvenirs en gros qui c\u00e9l\u00e8brent l&rsquo;authenticit\u00e9 et la saveur culturelle de chaque r\u00e9gion. Ce porte-cl\u00e9s de S\u00e9ville est le choix parfait pour les boutiques de cadeaux touristiques \u00e0 la recherche d&rsquo;articles uniques et m\u00e9morables qui capturent l&rsquo;essence du lieu.<\/p>\n","protected":false},"excerpt":{"rendered":"<p>Porte-cl\u00e9s en bois en forme de \u00ab\u00a0X\u00a0\u00bb, inspir\u00e9 par la beaut\u00e9 de S\u00e9ville. Ce porte-cl\u00e9s \u00e9l\u00e9gant pr\u00e9sente un design artisanal, peint \u00e0 la main, montrant l&#8217;embl\u00e9matique Giralda et un environnement andalou color\u00e9, avec des d\u00e9tails de mosa\u00efque dans des tons vibrants de bleu et de jaune. Parfait pour emporter un souvenir de S\u00e9ville partout, cet accessoire combine fonctionnalit\u00e9 et art dans une pi\u00e8ce unique. Id\u00e9al comme souvenir ou cadeau.<\/p>\n","protected":false},"featured_media":10908,"template":"","meta":{"_acf_changed":false},"product_brand":[],"product_cat":[607],"product_tag":[614],"class_list":{"0":"post-31303","1":"product","2":"type-product","3":"status-publish","4":"has-post-thumbnail","6":"product_cat-porte-cles","7":"product_tag-lettres","8":"pa_ciudad-sevilla","9":"pa_motivo-lettre-x","10":"pa_pais-espana","12":"first","13":"instock","14":"shipping-taxable","15":"product-type-simple"},"acf":[],"_links":{"self":[{"href":"https:\/\/olemosaic.com\/fr\/wp-json\/wp\/v2\/product\/31303","targetHints":{"allow":["GET"]}}],"collection":[{"href":"https:\/\/olemosaic.com\/fr\/wp-json\/wp\/v2\/product"}],"about":[{"href":"https:\/\/olemosaic.com\/fr\/wp-json\/wp\/v2\/types\/product"}],"wp:featuredmedia":[{"embeddable":true,"href":"https:\/\/olemosaic.com\/fr\/wp-json\/wp\/v2\/media\/10908"}],"wp:attachment":[{"href":"https:\/\/olemosaic.com\/fr\/wp-json\/wp\/v2\/media?parent=31303"}],"wp:term":[{"taxonomy":"product_brand","embeddable":true,"href":"https:\/\/olemosaic.com\/fr\/wp-json\/wp\/v2\/product_brand?post=31303"},{"taxonomy":"product_cat","embeddable":true,"href":"https:\/\/olemosaic.com\/fr\/wp-json\/wp\/v2\/product_cat?post=31303"},{"taxonomy":"product_tag","embeddable":true,"href":"https:\/\/olemosaic.com\/fr\/wp-json\/wp\/v2\/product_tag?post=31303"}],"curies":[{"name":"wp","href":"https:\/\/api.w.org\/{rel}","templated":true}]}}