{"id":31302,"date":"2025-02-20T23:33:08","date_gmt":"2025-02-20T22:33:08","guid":{"rendered":"http:\/\/olemosaic.com\/producto\/llavero-de-madera-letra-w-madrid\/"},"modified":"2025-07-25T18:46:16","modified_gmt":"2025-07-25T16:46:16","slug":"porte-cles-en-bois-lettre-w-madrid","status":"publish","type":"product","link":"https:\/\/olemosaic.com\/fr\/produit\/porte-cles-en-bois-lettre-w-madrid\/","title":{"rendered":"Porte-cl\u00e9s en bois. Lettre W. Madrid."},"content":{"rendered":"<p>Ce porte-cl\u00e9s en bois en forme de lettre \u00ab\u00a0W\u00a0\u00bb est un souvenir vibrant qui capture l&rsquo;essence de Madrid \u00e0 travers son design color\u00e9 et distinctif. Inspir\u00e9 par l&rsquo;atmosph\u00e8re embl\u00e9matique de la ville, le porte-cl\u00e9s pr\u00e9sente des illustrations repr\u00e9sentant la c\u00e9l\u00e8bre Puerta del Sol, l&rsquo;une des places les plus iconiques de Madrid, connue pour \u00eatre le point de rencontre des Madril\u00e8nes et des touristes. Le porte-cl\u00e9s est peint \u00e0 la main, ce qui garantit que chaque pi\u00e8ce est unique et refl\u00e8te la riche culture madril\u00e8ne.<\/p>\n<p>La finition en mosa\u00efque dans les tons bleus et rouges apporte un charme contemporain, tandis que les d\u00e9tails artistiques, incluant la repr\u00e9sentation des statues et de l&rsquo;architecture de la place, cr\u00e9ent un attrait visuel ind\u00e9niable. Ce porte-cl\u00e9s n&rsquo;est pas seulement fonctionnel, il devient \u00e9galement un souvenir significatif et authentique de la capitale espagnole, id\u00e9al pour ceux qui souhaitent emporter un petit morceau de Madrid avec eux.<\/p>\n<p>Chez Ol\u00e9 Mosaic, nous nous sp\u00e9cialisons dans la distribution de souvenirs en gros, offrant des produits qui c\u00e9l\u00e8brent l&rsquo;h\u00e9ritage culturel de l&rsquo;Espagne. Ce porte-cl\u00e9s de Madrid est une excellente option pour les boutiques de cadeaux touristiques \u00e0 la recherche d&rsquo;articles authentiques et repr\u00e9sentatifs. En choisissant ce porte-cl\u00e9s, vous vous assurez un produit attrayant qui met en valeur la richesse culturelle de Madrid, en faisant un souvenir inoubliable.<\/p>\n","protected":false},"excerpt":{"rendered":"<p>Porte-cl\u00e9s en bois en forme de lettre W, inspir\u00e9 par l&rsquo;atmosph\u00e8re embl\u00e9matique de Madrid. Ce porte-cl\u00e9s attrayant pr\u00e9sente un design color\u00e9 et distinctif, avec des illustrations repr\u00e9sentant la c\u00e9l\u00e8bre Puerta del Sol, refl\u00e9tant la culture locale \u00e0 travers des d\u00e9tails vibrants. Peint dans un style artisanal, il combine une finition en mosa\u00efque dans les tons bleus et rouges, ce qui conf\u00e8re \u00e0 la pi\u00e8ce un charme singulier et contemporain, id\u00e9al pour se souvenir de l&rsquo;essence madril\u00e8ne.<\/p>\n","protected":false},"featured_media":10855,"template":"","meta":{"_acf_changed":false},"product_brand":[],"product_cat":[607],"product_tag":[614],"class_list":{"0":"post-31302","1":"product","2":"type-product","3":"status-publish","4":"has-post-thumbnail","6":"product_cat-porte-cles","7":"product_tag-lettres","8":"pa_ciudad-madrid","9":"pa_motivo-lettre-w","10":"pa_pais-espana","12":"first","13":"instock","14":"shipping-taxable","15":"product-type-simple"},"acf":[],"_links":{"self":[{"href":"https:\/\/olemosaic.com\/fr\/wp-json\/wp\/v2\/product\/31302","targetHints":{"allow":["GET"]}}],"collection":[{"href":"https:\/\/olemosaic.com\/fr\/wp-json\/wp\/v2\/product"}],"about":[{"href":"https:\/\/olemosaic.com\/fr\/wp-json\/wp\/v2\/types\/product"}],"wp:featuredmedia":[{"embeddable":true,"href":"https:\/\/olemosaic.com\/fr\/wp-json\/wp\/v2\/media\/10855"}],"wp:attachment":[{"href":"https:\/\/olemosaic.com\/fr\/wp-json\/wp\/v2\/media?parent=31302"}],"wp:term":[{"taxonomy":"product_brand","embeddable":true,"href":"https:\/\/olemosaic.com\/fr\/wp-json\/wp\/v2\/product_brand?post=31302"},{"taxonomy":"product_cat","embeddable":true,"href":"https:\/\/olemosaic.com\/fr\/wp-json\/wp\/v2\/product_cat?post=31302"},{"taxonomy":"product_tag","embeddable":true,"href":"https:\/\/olemosaic.com\/fr\/wp-json\/wp\/v2\/product_tag?post=31302"}],"curies":[{"name":"wp","href":"https:\/\/api.w.org\/{rel}","templated":true}]}}