{"id":31290,"date":"2025-02-20T23:33:08","date_gmt":"2025-02-20T22:33:08","guid":{"rendered":"http:\/\/olemosaic.com\/producto\/llavero-de-madera-letra-s-barcelona-2\/"},"modified":"2025-07-25T19:37:04","modified_gmt":"2025-07-25T17:37:04","slug":"porte-cles-en-bois-lettre-s-barcelone-mosaique","status":"publish","type":"product","link":"https:\/\/olemosaic.com\/fr\/produit\/porte-cles-en-bois-lettre-s-barcelone-mosaique\/","title":{"rendered":"Porte-cl\u00e9s en bois. Lettre S. Mosa\u00efque. Barcelone."},"content":{"rendered":"<p>Ce porte-cl\u00e9s en bois en forme de \u00ab\u00a0S\u00a0\u00bb est un charmant souvenir qui capture l&rsquo;essence vibrante de Barcelone. \u00c9labor\u00e9 avec un design \u00e9l\u00e9gant qui met en valeur l&rsquo;iconique Sagrada Familia, ce porte-cl\u00e9s est une pi\u00e8ce unique qui refl\u00e8te le g\u00e9nie architectural d&rsquo;Antoni Gaud\u00ed. La base en bois est orn\u00e9e d&rsquo;une mosa\u00efque de couleurs vives, telles que le rouge, le bleu et le vert, qui \u00e9voquent la riche palette artistique de la ville.<\/p>\n<p>Le design n&rsquo;inclut pas seulement la c\u00e9l\u00e8bre basilique, mais aussi des \u00e9l\u00e9ments cr\u00e9atifs rappelant le caract\u00e8re ludique et color\u00e9 de Barcelone, comme des motifs repr\u00e9sentant la culture locale et l&rsquo;art de Gaud\u00ed. Ce porte-cl\u00e9s devient ainsi un souvenir repr\u00e9sentatif d&rsquo;une ville pleine d&rsquo;histoire, d&rsquo;art et de charme, id\u00e9al pour ceux qui recherchent un morceau de Barcelone \u00e0 emporter avec eux.<\/p>\n<p>Chez Ol\u00e9 Mosaic, nous nous sp\u00e9cialisons dans la distribution de souvenirs en gros et ce porte-cl\u00e9s en bois est une excellente option pour les touristes et pour les boutiques de cadeaux souhaitant offrir des produits authentiques et de qualit\u00e9. Offrir ou acheter ce porte-cl\u00e9s est une fa\u00e7on parfaite de se souvenir de moments sp\u00e9ciaux \u00e0 Barcelone et un ajout charmant \u00e0 toute collection de souvenirs.<\/p>\n","protected":false},"excerpt":{"rendered":"<p>Porte-cl\u00e9s en bois avec la lettre \u00ab\u00a0S\u00a0\u00bb, inspir\u00e9 par la ville vibrante de Barcelone. Ce porte-cl\u00e9s se distingue par son design color\u00e9, avec des \u00e9l\u00e9ments repr\u00e9sentatifs tels que la Sagrada Familia et des motifs de mosa\u00efque, qui capturent l&rsquo;essence artistique de Gaud\u00ed. La base en bois est rehauss\u00e9e de d\u00e9tails en rouge, bleu et vert, cr\u00e9ant un accessoire attrayant et unique, parfait pour se souvenir de la beaut\u00e9 de Barcelone.<\/p>\n","protected":false},"featured_media":10530,"template":"","meta":{"_acf_changed":false},"product_brand":[],"product_cat":[607],"product_tag":[614],"class_list":{"0":"post-31290","1":"product","2":"type-product","3":"status-publish","4":"has-post-thumbnail","6":"product_cat-porte-cles","7":"product_tag-lettres","8":"pa_ciudad-barcelona","9":"pa_motivo-lettre-s","10":"pa_pais-espana","12":"first","13":"instock","14":"shipping-taxable","15":"product-type-simple"},"acf":[],"_links":{"self":[{"href":"https:\/\/olemosaic.com\/fr\/wp-json\/wp\/v2\/product\/31290","targetHints":{"allow":["GET"]}}],"collection":[{"href":"https:\/\/olemosaic.com\/fr\/wp-json\/wp\/v2\/product"}],"about":[{"href":"https:\/\/olemosaic.com\/fr\/wp-json\/wp\/v2\/types\/product"}],"wp:featuredmedia":[{"embeddable":true,"href":"https:\/\/olemosaic.com\/fr\/wp-json\/wp\/v2\/media\/10530"}],"wp:attachment":[{"href":"https:\/\/olemosaic.com\/fr\/wp-json\/wp\/v2\/media?parent=31290"}],"wp:term":[{"taxonomy":"product_brand","embeddable":true,"href":"https:\/\/olemosaic.com\/fr\/wp-json\/wp\/v2\/product_brand?post=31290"},{"taxonomy":"product_cat","embeddable":true,"href":"https:\/\/olemosaic.com\/fr\/wp-json\/wp\/v2\/product_cat?post=31290"},{"taxonomy":"product_tag","embeddable":true,"href":"https:\/\/olemosaic.com\/fr\/wp-json\/wp\/v2\/product_tag?post=31290"}],"curies":[{"name":"wp","href":"https:\/\/api.w.org\/{rel}","templated":true}]}}