{"id":31289,"date":"2025-02-20T22:33:08","date_gmt":"2025-02-20T22:33:08","guid":{"rendered":"http:\/\/olemosaic.com\/producto\/llavero-de-madera-letra-s-barcelona\/"},"modified":"2025-07-25T18:50:08","modified_gmt":"2025-07-25T16:50:08","slug":"porte-cles-en-bois-lettre-s-barcelone","status":"publish","type":"product","link":"https:\/\/olemosaic.com\/fr\/produit\/porte-cles-en-bois-lettre-s-barcelone\/","title":{"rendered":"Porte-cl\u00e9s en bois. Lettre S. Barcelone."},"content":{"rendered":"<p>Ce porte-cl\u00e9s en bois en forme de lettre \u00ab\u00a0S\u00a0\u00bb est un charmant souvenir qui \u00e9voque l&rsquo;essence de Barcelone. Con\u00e7u avec une repr\u00e9sentation vibrante de l&#8217;embl\u00e9matique Sagrada Familia, cet accessoire se distingue par son art complexe qui capture les tours majestueuses et les mosa\u00efques color\u00e9es qui font la renomm\u00e9e de ce chef-d&rsquo;\u0153uvre de l&rsquo;architecte Antoni Gaud\u00ed. Les tons chauds qui pr\u00e9dominent dans son illustration refl\u00e8tent la luminosit\u00e9 et l&rsquo;\u00e9nergie que l&rsquo;on ressent en se promenant dans les rues de cette passionnante ville catalane.<\/p>\n<p>Fabriqu\u00e9 en bois, le porte-cl\u00e9s allie l\u00e9g\u00e8ret\u00e9 et r\u00e9sistance, ce qui en fait un souvenir pratique et durable pour emporter un petit morceau de Barcelone toujours avec soi. La forme de la lettre \u00ab\u00a0S\u00a0\u00bb ajoute une touche personnelle qui le rend id\u00e9al tant pour les habitants que pour les touristes souhaitant un souvenir authentique de leur visite. Ce porte-cl\u00e9s n&rsquo;est pas seulement un objet utilitaire, mais un symbole du riche h\u00e9ritage culturel et architectural de Barcelone, ce qui en fait un attrait certain pour ceux qui recherchent des souvenirs de qualit\u00e9.<\/p>\n<p>Chez Ol\u00e9 Mosaic, nous sommes sp\u00e9cialistes de la distribution de souvenirs en gros, offrant des articles qui repr\u00e9sentent la richesse culturelle des villes espagnoles. Ce porte-cl\u00e9s en bois est une excellente option pour les boutiques de cadeaux touristiques cherchant \u00e0 proposer des produits authentiques et repr\u00e9sentatifs de la singularit\u00e9 de Barcelone. En tant que grossistes de souvenirs, nous garantissons l&rsquo;authenticit\u00e9 et le design attrayant de chaque pi\u00e8ce, parfaites pour capturer des moments sp\u00e9ciaux.<\/p>\n","protected":false},"excerpt":{"rendered":"<p>Porte-cl\u00e9s en bois en forme de lettre \u00ab\u00a0S\u00a0\u00bb, inspir\u00e9 par Barcelone. Ce porte-cl\u00e9s attrayant pr\u00e9sente un design vibrant avec des illustrations de la Sagrada Familia, avec ses tours et ses mosa\u00efques color\u00e9es, dans une combinaison de tons chauds et de d\u00e9tails artistiques. Fabriqu\u00e9 en bois, c&rsquo;est un souvenir l\u00e9ger et r\u00e9sistant qui capture l&rsquo;essence du modernisme catalan, id\u00e9al pour emporter un petit morceau de Barcelone avec soi.<\/p>\n","protected":false},"featured_media":10504,"template":"","meta":{"_acf_changed":false},"product_brand":[],"product_cat":[607],"product_tag":[614],"class_list":{"0":"post-31289","1":"product","2":"type-product","3":"status-publish","4":"has-post-thumbnail","6":"product_cat-porte-cles","7":"product_tag-lettres","8":"pa_ciudad-barcelona","9":"pa_motivo-lettre-s","10":"pa_pais-espana","12":"first","13":"instock","14":"shipping-taxable","15":"product-type-simple"},"acf":[],"_links":{"self":[{"href":"https:\/\/olemosaic.com\/fr\/wp-json\/wp\/v2\/product\/31289","targetHints":{"allow":["GET"]}}],"collection":[{"href":"https:\/\/olemosaic.com\/fr\/wp-json\/wp\/v2\/product"}],"about":[{"href":"https:\/\/olemosaic.com\/fr\/wp-json\/wp\/v2\/types\/product"}],"wp:featuredmedia":[{"embeddable":true,"href":"https:\/\/olemosaic.com\/fr\/wp-json\/wp\/v2\/media\/10504"}],"wp:attachment":[{"href":"https:\/\/olemosaic.com\/fr\/wp-json\/wp\/v2\/media?parent=31289"}],"wp:term":[{"taxonomy":"product_brand","embeddable":true,"href":"https:\/\/olemosaic.com\/fr\/wp-json\/wp\/v2\/product_brand?post=31289"},{"taxonomy":"product_cat","embeddable":true,"href":"https:\/\/olemosaic.com\/fr\/wp-json\/wp\/v2\/product_cat?post=31289"},{"taxonomy":"product_tag","embeddable":true,"href":"https:\/\/olemosaic.com\/fr\/wp-json\/wp\/v2\/product_tag?post=31289"}],"curies":[{"name":"wp","href":"https:\/\/api.w.org\/{rel}","templated":true}]}}