{"id":31287,"date":"2025-02-20T23:33:08","date_gmt":"2025-02-20T22:33:08","guid":{"rendered":"http:\/\/olemosaic.com\/producto\/llavero-de-madera-letra-o-barcelona\/"},"modified":"2025-07-25T18:46:22","modified_gmt":"2025-07-25T16:46:22","slug":"porte-cles-en-bois-lettre-o-barcelone","status":"publish","type":"product","link":"https:\/\/olemosaic.com\/fr\/produit\/porte-cles-en-bois-lettre-o-barcelone\/","title":{"rendered":"Porte-cl\u00e9s en bois. Lettre O. Barcelone."},"content":{"rendered":"<p>Ce porte-cl\u00e9s en bois en forme de lettre \u00ab\u00a0O\u00a0\u00bb est un hommage fascinant \u00e0 la vibrante Barcelone, parfait pour ceux qui souhaitent emporter un petit morceau de sa magie au quotidien. Le design unique de ce porte-cl\u00e9s pr\u00e9sente la majestueuse Sagrada Familia, avec ses tours inconfondibles s&rsquo;\u00e9levant vers le ciel, aux c\u00f4t\u00e9s du c\u00e9l\u00e8bre dragon du Parc G\u00fcell, une \u0153uvre embl\u00e9matique du g\u00e9nial architecte Antoni Gaud\u00ed. Les deux \u00e9l\u00e9ments sont m\u00e9ticuleusement illustr\u00e9s avec des couleurs vives et des d\u00e9tails peints \u00e0 la main, refl\u00e9tant l&rsquo;essence de l&rsquo;architecture moderniste et l&rsquo;esprit \u00e9clectique de la ville.<\/p>\n<p>Le porte-cl\u00e9s est fabriqu\u00e9 en bois de haute qualit\u00e9, ce qui lui conf\u00e8re un caract\u00e8re naturel et authentique, renfor\u00e7ant sa valeur en tant que souvenir repr\u00e9sentatif. La lettre \u00ab\u00a0O\u00a0\u00bb ne symbolise pas seulement la connexion avec Barcelone, mais ajoute \u00e9galement une touche personnelle qui en fait un cadeau id\u00e9al, tant pour les touristes que pour les r\u00e9sidents amoureux de leur ville. Ce souvenir de Barcelone est parfait pour ceux qui recherchent un souvenir durable capturant la beaut\u00e9 et l&rsquo;histoire de la capitale catalane.<\/p>\n<p>Chez Ol\u00e9 Mosaic, notre engagement est d&rsquo;offrir des produits authentiques et repr\u00e9sentatifs, en s\u00e9lectionnant des souvenirs qui mettent en valeur la richesse culturelle de chaque r\u00e9gion. Ce porte-cl\u00e9s est une excellente option pour les boutiques de cadeaux touristiques souhaitant proposer des articles uniques et attrayants, id\u00e9aux pour les voyageurs en qu\u00eate de souvenirs significatifs. En tant que grossistes de porte-cl\u00e9s, nous garantissons qualit\u00e9 et cr\u00e9ativit\u00e9 dans chaque pi\u00e8ce, faisant de ce porte-cl\u00e9s un excellent choix pour tout amateur de Barcelone.<\/p>\n","protected":false},"excerpt":{"rendered":"<p>Porte-cl\u00e9s en bois en forme de lettre \u00ab\u00a0O\u00a0\u00bb, inspir\u00e9 par la ville vibrante de Barcelone. Ce design unique pr\u00e9sente l&#8217;embl\u00e9matique Sagrada Familia et le c\u00e9l\u00e8bre dragon du Park G\u00fcell, le tout illustr\u00e9 avec des couleurs \u00e9clatantes et des d\u00e9tails peints \u00e0 la main. La combinaison d&rsquo;\u00e9l\u00e9ments architecturaux et culturels de la ville en fait un souvenir parfait, id\u00e9al pour les amoureux de l&rsquo;\u0153uvre de Gaud\u00ed et de l&rsquo;essence barcelonaise.<\/p>\n","protected":false},"featured_media":10500,"template":"","meta":{"_acf_changed":false},"product_brand":[],"product_cat":[607],"product_tag":[614],"class_list":{"0":"post-31287","1":"product","2":"type-product","3":"status-publish","4":"has-post-thumbnail","6":"product_cat-porte-cles","7":"product_tag-lettres","8":"pa_ciudad-barcelona","9":"pa_motivo-lettre-o","10":"pa_pais-espana","12":"first","13":"instock","14":"shipping-taxable","15":"product-type-simple"},"acf":[],"_links":{"self":[{"href":"https:\/\/olemosaic.com\/fr\/wp-json\/wp\/v2\/product\/31287","targetHints":{"allow":["GET"]}}],"collection":[{"href":"https:\/\/olemosaic.com\/fr\/wp-json\/wp\/v2\/product"}],"about":[{"href":"https:\/\/olemosaic.com\/fr\/wp-json\/wp\/v2\/types\/product"}],"wp:featuredmedia":[{"embeddable":true,"href":"https:\/\/olemosaic.com\/fr\/wp-json\/wp\/v2\/media\/10500"}],"wp:attachment":[{"href":"https:\/\/olemosaic.com\/fr\/wp-json\/wp\/v2\/media?parent=31287"}],"wp:term":[{"taxonomy":"product_brand","embeddable":true,"href":"https:\/\/olemosaic.com\/fr\/wp-json\/wp\/v2\/product_brand?post=31287"},{"taxonomy":"product_cat","embeddable":true,"href":"https:\/\/olemosaic.com\/fr\/wp-json\/wp\/v2\/product_cat?post=31287"},{"taxonomy":"product_tag","embeddable":true,"href":"https:\/\/olemosaic.com\/fr\/wp-json\/wp\/v2\/product_tag?post=31287"}],"curies":[{"name":"wp","href":"https:\/\/api.w.org\/{rel}","templated":true}]}}