{"id":31271,"date":"2025-02-20T23:33:07","date_gmt":"2025-02-20T22:33:07","guid":{"rendered":"http:\/\/olemosaic.com\/producto\/llavero-de-madera-letra-n-madrid\/"},"modified":"2025-07-25T19:57:57","modified_gmt":"2025-07-25T17:57:57","slug":"porte-cles-en-bois-lettre-n-madrid","status":"publish","type":"product","link":"https:\/\/olemosaic.com\/fr\/produit\/porte-cles-en-bois-lettre-n-madrid\/","title":{"rendered":"Porte-cl\u00e9s en bois. Lettre N. Madrid."},"content":{"rendered":"<p>Ce porte-cl\u00e9s en bois en forme de lettre \u00ab\u00a0N\u00a0\u00bb est un charmant souvenir qui rend hommage \u00e0 l&#8217;embl\u00e9matique Puerta del Sol de Madrid, point n\u00e9vralgique de la capitale espagnole. Son design color\u00e9 et vibrant comprend des illustrations d&rsquo;\u00e9l\u00e9ments iconiques tels que l&rsquo;horloge de la Casa de Correos, symbole incontournable du c\u0153ur de la ville. La repr\u00e9sentation de figures du folklore madril\u00e8ne renforce l&rsquo;authenticit\u00e9 culturelle de l&rsquo;objet, en faisant un souvenir unique et significatif de la riche tradition de Madrid.<\/p>\n<p>Le porte-cl\u00e9s est d\u00e9cor\u00e9 dans un style mosa\u00efque, utilisant une palette de tons joyeux comprenant des bleus profonds et des rouges intenses, capturant l&rsquo;essence festive de la ville. Chaque d\u00e9tail est soigneusement con\u00e7u, des motifs de la mosa\u00efque, qui \u00e9voquent l&rsquo;architecture de la zone, \u00e0 la repr\u00e9sentation des figures traditionnelles, qui ajoutent une touche de vie et de culture \u00e0 l&rsquo;article.<\/p>\n<p>Ce porte-cl\u00e9s est un choix id\u00e9al non seulement comme souvenir pour ceux qui visitent Madrid, mais aussi comme cadeau pour les amis et la famille, encapsulant une exp\u00e9rience culturelle unique. Chez Ol\u00e9 Mosaic, nous nous sp\u00e9cialisons dans la distribution de souvenirs en gros, garantissant que chaque porte-cl\u00e9s soit une pi\u00e8ce authentique et culturellement pertinente. Sans aucun doute, ce porte-cl\u00e9s de Madrid est un excellent choix pour les boutiques de cadeaux touristiques cherchant \u00e0 proposer des produits qui mettent en valeur la beaut\u00e9 et le patrimoine de la capitale espagnole.<\/p>\n","protected":false},"excerpt":{"rendered":"<p>Porte-cl\u00e9s en bois en forme de lettre \u00ab\u00a0N\u00a0\u00bb, inspir\u00e9 par l&#8217;embl\u00e9matique Puerta del Sol de Madrid. Ce porte-cl\u00e9s attrayant pr\u00e9sente un design color\u00e9 avec des illustrations d&rsquo;\u00e9l\u00e9ments iconiques tels que l&rsquo;horloge de la Casa de Correos et des figures caract\u00e9ristiques du folklore madril\u00e8ne. D\u00e9cor\u00e9 dans un style mosa\u00efque, il se distingue par ses tons vibrants, id\u00e9al pour se souvenir de la capitale espagnole et de sa riche culture. Parfait comme souvenir ou cadeau.<\/p>\n","protected":false},"featured_media":10846,"template":"","meta":{"_acf_changed":false},"product_brand":[],"product_cat":[607],"product_tag":[614],"class_list":{"0":"post-31271","1":"product","2":"type-product","3":"status-publish","4":"has-post-thumbnail","6":"product_cat-porte-cles","7":"product_tag-lettres","8":"pa_ciudad-madrid","9":"pa_motivo-lettre-n","10":"pa_pais-espana","12":"first","13":"instock","14":"shipping-taxable","15":"product-type-simple"},"acf":[],"_links":{"self":[{"href":"https:\/\/olemosaic.com\/fr\/wp-json\/wp\/v2\/product\/31271","targetHints":{"allow":["GET"]}}],"collection":[{"href":"https:\/\/olemosaic.com\/fr\/wp-json\/wp\/v2\/product"}],"about":[{"href":"https:\/\/olemosaic.com\/fr\/wp-json\/wp\/v2\/types\/product"}],"wp:featuredmedia":[{"embeddable":true,"href":"https:\/\/olemosaic.com\/fr\/wp-json\/wp\/v2\/media\/10846"}],"wp:attachment":[{"href":"https:\/\/olemosaic.com\/fr\/wp-json\/wp\/v2\/media?parent=31271"}],"wp:term":[{"taxonomy":"product_brand","embeddable":true,"href":"https:\/\/olemosaic.com\/fr\/wp-json\/wp\/v2\/product_brand?post=31271"},{"taxonomy":"product_cat","embeddable":true,"href":"https:\/\/olemosaic.com\/fr\/wp-json\/wp\/v2\/product_cat?post=31271"},{"taxonomy":"product_tag","embeddable":true,"href":"https:\/\/olemosaic.com\/fr\/wp-json\/wp\/v2\/product_tag?post=31271"}],"curies":[{"name":"wp","href":"https:\/\/api.w.org\/{rel}","templated":true}]}}