{"id":31270,"date":"2025-02-20T23:33:07","date_gmt":"2025-02-20T22:33:07","guid":{"rendered":"http:\/\/olemosaic.com\/producto\/llavero-de-madera-letra-m-sevilla\/"},"modified":"2025-07-25T18:35:01","modified_gmt":"2025-07-25T16:35:01","slug":"porte-cles-en-bois-lettre-m-seville","status":"publish","type":"product","link":"https:\/\/olemosaic.com\/fr\/produit\/porte-cles-en-bois-lettre-m-seville\/","title":{"rendered":"Porte-cl\u00e9s en bois. Lettre M. S\u00e9ville."},"content":{"rendered":"<p>Ce porte-cl\u00e9s en bois en forme de lettre \u00ab\u00a0M\u00a0\u00bb est un charmant souvenir qui capture l&rsquo;essence de S\u00e9ville, avec un design mettant en avant les symboles les plus embl\u00e9matiques de cette vibrante ville andalouse. Peint \u00e0 la main avec des couleurs vives, le porte-cl\u00e9s pr\u00e9sente des illustrations de la majestueuse cath\u00e9drale de Santa Mar\u00eda et de l&rsquo;Alcazar traditionnel, encadr\u00e9s par des palmiers et une cal\u00e8che tir\u00e9e par des chevaux, des \u00e9l\u00e9ments qui \u00e9voquent l&rsquo;ambiance festive et la riche histoire de la r\u00e9gion. La lettre \u00ab\u00a0M\u00a0\u00bb, en plus de personnaliser l&rsquo;accessoire, symbolise le caract\u00e8re unique de S\u00e9ville, faisant de ce porte-cl\u00e9s un souvenir significatif pour ceux qui ont visit\u00e9 la ville.<\/p>\n<p>Le contraste de son design, compl\u00e9t\u00e9 par des d\u00e9tails de mosa\u00efque refl\u00e9tant les influences artistiques de la r\u00e9gion, cr\u00e9e une pi\u00e8ce qui n&rsquo;est pas seulement pratique, mais aussi une v\u00e9ritable repr\u00e9sentation du patrimoine culturel s\u00e9villan. Ce porte-cl\u00e9s ne sert pas seulement d&rsquo;organisateur de cl\u00e9s utile, mais constitue \u00e9galement une excellente id\u00e9e pour les touristes \u00e0 la recherche de souvenirs de S\u00e9ville v\u00e9ritablement uniques et repr\u00e9sentatifs. Chez Ol\u00e9 Mosaic, nous sommes grossistes de produits artisanaux, proposant ce porte-cl\u00e9s comme une option id\u00e9ale pour les boutiques de cadeaux touristiques, garantissant authenticit\u00e9 et qualit\u00e9 pour chaque pi\u00e8ce.<\/p>\n","protected":false},"excerpt":{"rendered":"<p>Porte-cl\u00e9s en bois en forme de lettre \u00ab\u00a0M\u00a0\u00bb, repr\u00e9sentant l&rsquo;essence de S\u00e9ville. Ce porte-cl\u00e9s attrayant pr\u00e9sente une illustration color\u00e9e avec des \u00e9l\u00e9ments embl\u00e9matiques de la ville, tels que l&rsquo;Alcazar et une cal\u00e8che traditionnelle. Peint dans un style artisanal avec des couleurs vives, il souligne le contraste de son design avec des d\u00e9tails en mosa\u00efque, \u00e9voquant la riche culture andalouse. Un souvenir id\u00e9al pour \u00e9voquer le charme de S\u00e9ville.<\/p>\n","protected":false},"featured_media":10897,"template":"","meta":{"_acf_changed":false},"product_brand":[],"product_cat":[607],"product_tag":[530,614],"class_list":{"0":"post-31270","1":"product","2":"type-product","3":"status-publish","4":"has-post-thumbnail","6":"product_cat-porte-cles","7":"product_tag-animaux","8":"product_tag-lettres","9":"pa_ciudad-sevilla","10":"pa_motivo-lettre-m","11":"pa_pais-espana","13":"first","14":"instock","15":"shipping-taxable","16":"product-type-simple"},"acf":[],"_links":{"self":[{"href":"https:\/\/olemosaic.com\/fr\/wp-json\/wp\/v2\/product\/31270","targetHints":{"allow":["GET"]}}],"collection":[{"href":"https:\/\/olemosaic.com\/fr\/wp-json\/wp\/v2\/product"}],"about":[{"href":"https:\/\/olemosaic.com\/fr\/wp-json\/wp\/v2\/types\/product"}],"wp:featuredmedia":[{"embeddable":true,"href":"https:\/\/olemosaic.com\/fr\/wp-json\/wp\/v2\/media\/10897"}],"wp:attachment":[{"href":"https:\/\/olemosaic.com\/fr\/wp-json\/wp\/v2\/media?parent=31270"}],"wp:term":[{"taxonomy":"product_brand","embeddable":true,"href":"https:\/\/olemosaic.com\/fr\/wp-json\/wp\/v2\/product_brand?post=31270"},{"taxonomy":"product_cat","embeddable":true,"href":"https:\/\/olemosaic.com\/fr\/wp-json\/wp\/v2\/product_cat?post=31270"},{"taxonomy":"product_tag","embeddable":true,"href":"https:\/\/olemosaic.com\/fr\/wp-json\/wp\/v2\/product_tag?post=31270"}],"curies":[{"name":"wp","href":"https:\/\/api.w.org\/{rel}","templated":true}]}}