{"id":31267,"date":"2025-02-20T22:33:07","date_gmt":"2025-02-20T22:33:07","guid":{"rendered":"http:\/\/olemosaic.com\/producto\/llavero-de-madera-letra-l-barcelona\/"},"modified":"2025-07-25T18:44:58","modified_gmt":"2025-07-25T16:44:58","slug":"porte-cles-en-bois-lettre-l-barcelone","status":"publish","type":"product","link":"https:\/\/olemosaic.com\/fr\/produit\/porte-cles-en-bois-lettre-l-barcelone\/","title":{"rendered":"Porte-cl\u00e9s en bois. Lettre L. Barcelone."},"content":{"rendered":"<p>Ce porte-cl\u00e9s en bois en forme de lettre \u00ab\u00a0L\u00a0\u00bb est un charmant souvenir qui capture l&rsquo;essence de Barcelone, c\u00e9l\u00e8bre pour son architecture vibrante et innovante. Le design met en avant l&rsquo;iconique Sagrada Familia, dont l&rsquo;impressionnant arri\u00e8re-plan montre ses tours multicolores et ses d\u00e9tails artistiques en c\u00e9ramique, soulignant la richesse culturelle et la cr\u00e9ativit\u00e9 qui caract\u00e9risent la cit\u00e9 comtale. La lettre \u00ab\u00a0L\u00a0\u00bb est d\u00e9cor\u00e9e de motifs \u00e9voquant l&rsquo;essence de Barcelone, int\u00e9grant des \u00e9l\u00e9ments de son folklore et de ses traditions.<\/p>\n<p>Ce porte-cl\u00e9s n&rsquo;est pas seulement un outil pratique pour garder vos cl\u00e9s organis\u00e9es, mais il agit \u00e9galement comme une pi\u00e8ce d\u00e9corative et un rappel tangible de la majest\u00e9 architecturale de la ville. Sa peinture vibrante et riche en d\u00e9tails est le r\u00e9sultat d&rsquo;un artisanat soign\u00e9, garantissant que chaque porte-cl\u00e9s soit unique et authentique, refl\u00e9tant l&rsquo;identit\u00e9 culturelle barcelonaise.<\/p>\n<p>Id\u00e9al comme souvenir ou cadeau, ce porte-cl\u00e9s est parfait pour les touristes \u00e0 la recherche d&rsquo;un souvenir repr\u00e9sentatif de leur visite \u00e0 Barcelone. Chez Ol\u00e9 Mosaic, nous nous sp\u00e9cialisons dans la distribution de souvenirs en gros, et ce porte-cl\u00e9s de Barcelone est un excellent ajout pour les commer\u00e7ants souhaitant proposer des produits authentiques et de qualit\u00e9. En tant que grossistes de souvenirs, nous assurons le design et l&rsquo;artisanat de chacun de nos articles, soulignant la singularit\u00e9 de chaque pi\u00e8ce.<\/p>\n","protected":false},"excerpt":{"rendered":"<p>Porte-cl\u00e9s en bois avec la lettre \u00ab\u00a0L\u00a0\u00bb, inspir\u00e9 par l&rsquo;architecture de Barcelone. Ce porte-cl\u00e9s attrayant pr\u00e9sente un design vibrant avec la Sagrada Familia en arri\u00e8re-plan, mettant en valeur ses tours multicolores et ses d\u00e9tails artistiques en c\u00e9ramique. La lettre \u00ab\u00a0L\u00a0\u00bb est orn\u00e9e de motifs refl\u00e9tant l&rsquo;essence culturelle de la ville. Id\u00e9al comme souvenir ou cadeau, ce porte-cl\u00e9s est une repr\u00e9sentation unique du patrimoine barcelonais.<\/p>\n","protected":false},"featured_media":10497,"template":"","meta":{"_acf_changed":false},"product_brand":[],"product_cat":[607],"product_tag":[614],"class_list":{"0":"post-31267","1":"product","2":"type-product","3":"status-publish","4":"has-post-thumbnail","6":"product_cat-porte-cles","7":"product_tag-lettres","8":"pa_ciudad-barcelona","9":"pa_motivo-lettre-l","10":"pa_pais-espana","12":"first","13":"instock","14":"shipping-taxable","15":"product-type-simple"},"acf":[],"_links":{"self":[{"href":"https:\/\/olemosaic.com\/fr\/wp-json\/wp\/v2\/product\/31267","targetHints":{"allow":["GET"]}}],"collection":[{"href":"https:\/\/olemosaic.com\/fr\/wp-json\/wp\/v2\/product"}],"about":[{"href":"https:\/\/olemosaic.com\/fr\/wp-json\/wp\/v2\/types\/product"}],"wp:featuredmedia":[{"embeddable":true,"href":"https:\/\/olemosaic.com\/fr\/wp-json\/wp\/v2\/media\/10497"}],"wp:attachment":[{"href":"https:\/\/olemosaic.com\/fr\/wp-json\/wp\/v2\/media?parent=31267"}],"wp:term":[{"taxonomy":"product_brand","embeddable":true,"href":"https:\/\/olemosaic.com\/fr\/wp-json\/wp\/v2\/product_brand?post=31267"},{"taxonomy":"product_cat","embeddable":true,"href":"https:\/\/olemosaic.com\/fr\/wp-json\/wp\/v2\/product_cat?post=31267"},{"taxonomy":"product_tag","embeddable":true,"href":"https:\/\/olemosaic.com\/fr\/wp-json\/wp\/v2\/product_tag?post=31267"}],"curies":[{"name":"wp","href":"https:\/\/api.w.org\/{rel}","templated":true}]}}