{"id":31266,"date":"2025-02-20T23:33:07","date_gmt":"2025-02-20T22:33:07","guid":{"rendered":"http:\/\/olemosaic.com\/producto\/llavero-de-madera-letra-h\/"},"modified":"2025-07-25T18:49:03","modified_gmt":"2025-07-25T16:49:03","slug":"porte-cles-en-bois-lettre-h","status":"publish","type":"product","link":"https:\/\/olemosaic.com\/fr\/produit\/porte-cles-en-bois-lettre-h\/","title":{"rendered":"Porte-cl\u00e9s en bois. Lettre H."},"content":{"rendered":"<p>Ce porte-cl\u00e9s en bois en forme de \u00ab\u00a0H\u00a0\u00bb est une pi\u00e8ce charmante qui capture l&rsquo;esprit vibrant de l&rsquo;architecture moderniste de Barcelone, s&rsquo;inspirant du style iconique trencad\u00eds d&rsquo;Antoni Gaud\u00ed. Son design d\u00e9coratif pr\u00e9sente une combinaison fascinante de mosa\u00efques dans des tons rouge, bleu, jaune et noir, \u00e9voquant la richesse chromatique qui caract\u00e9rise les \u0153uvres du c\u00e9l\u00e8bre architecte catalan. La finition brillante rehausse les couleurs et les d\u00e9tails artistiques, faisant de ce porte-cl\u00e9s un objet non seulement fonctionnel, mais aussi une expression de cr\u00e9ativit\u00e9 et de culture qui apporte la magie de Barcelone dans votre quotidien.<\/p>\n<p>Le porte-cl\u00e9s est parfait pour ceux qui recherchent un souvenir authentique et significatif refl\u00e9tant l&rsquo;essence de la ville. Cet article n&rsquo;est pas seulement un rappel de votre visite \u00e0 Barcelone, mais aussi une d\u00e9claration de style qui montre la beaut\u00e9 de l&rsquo;art et du design innovant de la r\u00e9gion. Chez Ol\u00e9 Mosaic, d\u00e9di\u00e9 \u00e0 la distribution de souvenirs en gros, ce porte-cl\u00e9s en bois est une excellente option pour les boutiques de cadeaux touristiques souhaitant proposer des produits mettant en valeur le patrimoine culturel espagnol. Avec notre engagement envers l&rsquo;authenticit\u00e9 et la qualit\u00e9, nous garantissons que chaque souvenir, comme ce porte-cl\u00e9s en trencad\u00eds, soit un souvenir sp\u00e9cial et repr\u00e9sentatif de Barcelone.<\/p>\n","protected":false},"excerpt":{"rendered":"<p>Porte-cl\u00e9s en bois en forme de lettre H, inspir\u00e9 du style vibrant trencad\u00eds de Gaud\u00ed. Ce porte-cl\u00e9s color\u00e9 pr\u00e9sente un design d\u00e9coratif combinant des mosa\u00efques dans des tons rouge, bleu, jaune et noir, \u00e9voquant les \u00e9l\u00e9ments architecturaux embl\u00e9matiques de Barcelone. Avec une finition brillante et des d\u00e9tails artistiques, c&rsquo;est un souvenir id\u00e9al pour ceux qui recherchent une touche de culture et de cr\u00e9ativit\u00e9 au quotidien.<\/p>\n","protected":false},"featured_media":10927,"template":"","meta":{"_acf_changed":false},"product_brand":[],"product_cat":[607],"product_tag":[614],"class_list":{"0":"post-31266","1":"product","2":"type-product","3":"status-publish","4":"has-post-thumbnail","6":"product_cat-porte-cles","7":"product_tag-lettres","8":"pa_motivo-lettre-h","10":"first","11":"instock","12":"shipping-taxable","13":"product-type-simple"},"acf":[],"_links":{"self":[{"href":"https:\/\/olemosaic.com\/fr\/wp-json\/wp\/v2\/product\/31266","targetHints":{"allow":["GET"]}}],"collection":[{"href":"https:\/\/olemosaic.com\/fr\/wp-json\/wp\/v2\/product"}],"about":[{"href":"https:\/\/olemosaic.com\/fr\/wp-json\/wp\/v2\/types\/product"}],"wp:featuredmedia":[{"embeddable":true,"href":"https:\/\/olemosaic.com\/fr\/wp-json\/wp\/v2\/media\/10927"}],"wp:attachment":[{"href":"https:\/\/olemosaic.com\/fr\/wp-json\/wp\/v2\/media?parent=31266"}],"wp:term":[{"taxonomy":"product_brand","embeddable":true,"href":"https:\/\/olemosaic.com\/fr\/wp-json\/wp\/v2\/product_brand?post=31266"},{"taxonomy":"product_cat","embeddable":true,"href":"https:\/\/olemosaic.com\/fr\/wp-json\/wp\/v2\/product_cat?post=31266"},{"taxonomy":"product_tag","embeddable":true,"href":"https:\/\/olemosaic.com\/fr\/wp-json\/wp\/v2\/product_tag?post=31266"}],"curies":[{"name":"wp","href":"https:\/\/api.w.org\/{rel}","templated":true}]}}