{"id":31265,"date":"2025-02-20T22:33:07","date_gmt":"2025-02-20T22:33:07","guid":{"rendered":"http:\/\/olemosaic.com\/producto\/llavero-de-madera-letra-g\/"},"modified":"2025-07-25T20:25:39","modified_gmt":"2025-07-25T18:25:39","slug":"porte-cles-en-bois-lettre-g","status":"publish","type":"product","link":"https:\/\/olemosaic.com\/fr\/produit\/porte-cles-en-bois-lettre-g\/","title":{"rendered":"Porte-cl\u00e9s en bois. Lettre G."},"content":{"rendered":"<p>Ce porte-cl\u00e9s en bois en forme de lettre \u00ab\u00a0G\u00a0\u00bb est une repr\u00e9sentation vibrante de l&rsquo;art et de la culture espagnole, parfait comme souvenir ou cadeau personnalis\u00e9. Fabriqu\u00e9 avec du bois de haute qualit\u00e9, ce porte-cl\u00e9s offre un m\u00e9lange charmant de couleurs et de motifs traditionnels qui \u00e9voquent l&rsquo;essence des mosa\u00efques andalouses. La lettre \u00ab\u00a0G\u00a0\u00bb est d\u00e9cor\u00e9e d&rsquo;une mosa\u00efque color\u00e9e dans des tons rouges, bleus et gris, qui met en valeur les formes et les designs complexes typiques de la c\u00e9ramique espagnole, connue pour sa richesse visuelle et culturelle.<\/p>\n<p>La finition l\u00e9g\u00e8re et durable de ce porte-cl\u00e9s le rend id\u00e9al pour garder vos cl\u00e9s organis\u00e9es avec une touche artistique, garantissant qu&rsquo;il vous accompagne au quotidien. Son design n&rsquo;en fait pas seulement un accessoire fonctionnel, mais aussi un souvenir significatif d&rsquo;un voyage en Espagne, \u00e9voquant l&rsquo;histoire et la tradition de ses designs artisanaux. Ce porte-cl\u00e9s est une excellente option pour ceux qui recherchent un rappel de leur exp\u00e9rience en Espagne, \u00e9tant \u00e9galement un cadeau id\u00e9al pour les amis et la famille. Chez Ol\u00e9 Mosaic, nous sommes distributeurs de porte-cl\u00e9s en gros, proposant des produits authentiques et repr\u00e9sentatifs de la culture espagnole qui enchantent les touristes et les collectionneurs.<\/p>\n","protected":false},"excerpt":{"rendered":"<p>Porte-cl\u00e9s en bois avec la lettre \u00ab\u00a0G\u00a0\u00bb, d\u00e9cor\u00e9 d&rsquo;une mosa\u00efque color\u00e9e inspir\u00e9e de l&rsquo;art et de la culture espagnole. Ce porte-cl\u00e9s attrayant pr\u00e9sente un m\u00e9lange de motifs dans des tons rouges, bleus et gris, capturant l&rsquo;essence du design traditionnel. Fabriqu\u00e9 en bois, il offre une finition l\u00e9g\u00e8re et durable, id\u00e9ale pour garder vos cl\u00e9s organis\u00e9es avec une touche artistique et personnelle. Parfait comme souvenir ou cadeau.<\/p>\n","protected":false},"featured_media":9597,"template":"","meta":{"_acf_changed":false},"product_brand":[],"product_cat":[607],"product_tag":[614],"class_list":{"0":"post-31265","1":"product","2":"type-product","3":"status-publish","4":"has-post-thumbnail","6":"product_cat-porte-cles","7":"product_tag-lettres","8":"pa_motivo-lettre-g","10":"first","11":"instock","12":"shipping-taxable","13":"product-type-simple"},"acf":[],"_links":{"self":[{"href":"https:\/\/olemosaic.com\/fr\/wp-json\/wp\/v2\/product\/31265","targetHints":{"allow":["GET"]}}],"collection":[{"href":"https:\/\/olemosaic.com\/fr\/wp-json\/wp\/v2\/product"}],"about":[{"href":"https:\/\/olemosaic.com\/fr\/wp-json\/wp\/v2\/types\/product"}],"wp:featuredmedia":[{"embeddable":true,"href":"https:\/\/olemosaic.com\/fr\/wp-json\/wp\/v2\/media\/9597"}],"wp:attachment":[{"href":"https:\/\/olemosaic.com\/fr\/wp-json\/wp\/v2\/media?parent=31265"}],"wp:term":[{"taxonomy":"product_brand","embeddable":true,"href":"https:\/\/olemosaic.com\/fr\/wp-json\/wp\/v2\/product_brand?post=31265"},{"taxonomy":"product_cat","embeddable":true,"href":"https:\/\/olemosaic.com\/fr\/wp-json\/wp\/v2\/product_cat?post=31265"},{"taxonomy":"product_tag","embeddable":true,"href":"https:\/\/olemosaic.com\/fr\/wp-json\/wp\/v2\/product_tag?post=31265"}],"curies":[{"name":"wp","href":"https:\/\/api.w.org\/{rel}","templated":true}]}}