{"id":31264,"date":"2025-02-20T22:33:06","date_gmt":"2025-02-20T22:33:06","guid":{"rendered":"http:\/\/olemosaic.com\/producto\/llavero-de-madera-letra-g-barcelona\/"},"modified":"2025-07-25T18:46:37","modified_gmt":"2025-07-25T16:46:37","slug":"porte-cles-en-bois-lettre-g-barcelone","status":"publish","type":"product","link":"https:\/\/olemosaic.com\/fr\/produit\/porte-cles-en-bois-lettre-g-barcelone\/","title":{"rendered":"Porte-cl\u00e9s en bois. Lettre G. Barcelone."},"content":{"rendered":"<p>Ce porte-cl\u00e9s en bois en forme de lettre \u00ab\u00a0G\u00a0\u00bb est un v\u00e9ritable hommage \u00e0 la ville embl\u00e9matique de Barcelone, car il capture dans son design les monuments iconiques qui ornent la cit\u00e9. Fabriqu\u00e9 en bois de qualit\u00e9, le porte-cl\u00e9s pr\u00e9sente une illustration vibrante et d\u00e9taill\u00e9e de la c\u00e9l\u00e8bre Sagrada Familia, entre autres \u00e9l\u00e9ments architecturaux qui refl\u00e8tent la riche esth\u00e9tique moderniste de la ville. D\u00e9cor\u00e9 de motifs de mosa\u00efque complexes, les couleurs intenses et la finition soign\u00e9e du porte-cl\u00e9s apportent une sensation de chaleur et d&rsquo;authenticit\u00e9.<\/p>\n<p>Le design inclut des touches de bleu, de rouge et de jaune, \u00e9voquant le c\u00e9l\u00e8bre parc G\u00fcell et la diversit\u00e9 culturelle de Barcelone. Ce souvenir n&rsquo;est pas seulement un article pratique pour transporter ses cl\u00e9s, mais il devient aussi un rappel constant de la beaut\u00e9 et de l&rsquo;architecture innovante qui d\u00e9finit la ville. Chez Ol\u00e9 Mosaic, nous proposons des produits qui c\u00e9l\u00e8brent le patrimoine culturel espagnol, et ce porte-cl\u00e9s est une excellente option pour les touristes \u00e0 la recherche de souvenirs repr\u00e9sentatifs. De plus, en tant que distributeurs de souvenirs en gros, nous garantissons la qualit\u00e9 et un design attrayant, parfait pour les boutiques de cadeaux touristiques souhaitant proposer des articles uniques et authentiques de Barcelone.<\/p>\n","protected":false},"excerpt":{"rendered":"<p>Porte-cl\u00e9s en bois en forme de lettre \u00ab\u00a0G\u00a0\u00bb, inspir\u00e9 des monuments embl\u00e9matiques de Barcelone. Ce porte-cl\u00e9s attrayant pr\u00e9sente un design color\u00e9 et d\u00e9taill\u00e9 incluant des \u00e9l\u00e9ments architecturaux comme la Sagrada Familia, refl\u00e9tant la riche esth\u00e9tique de la ville. D\u00e9cor\u00e9 de motifs de mosa\u00efque, ses couleurs vibrantes et sa finition en bois en font un souvenir parfait pour emporter un petit morceau de Barcelone toujours avec soi.<\/p>\n","protected":false},"featured_media":10492,"template":"","meta":{"_acf_changed":false},"product_brand":[],"product_cat":[607],"product_tag":[614],"class_list":{"0":"post-31264","1":"product","2":"type-product","3":"status-publish","4":"has-post-thumbnail","6":"product_cat-porte-cles","7":"product_tag-lettres","8":"pa_ciudad-barcelona","9":"pa_motivo-lettre-g","10":"pa_pais-espana","12":"first","13":"instock","14":"shipping-taxable","15":"product-type-simple"},"acf":[],"_links":{"self":[{"href":"https:\/\/olemosaic.com\/fr\/wp-json\/wp\/v2\/product\/31264","targetHints":{"allow":["GET"]}}],"collection":[{"href":"https:\/\/olemosaic.com\/fr\/wp-json\/wp\/v2\/product"}],"about":[{"href":"https:\/\/olemosaic.com\/fr\/wp-json\/wp\/v2\/types\/product"}],"wp:featuredmedia":[{"embeddable":true,"href":"https:\/\/olemosaic.com\/fr\/wp-json\/wp\/v2\/media\/10492"}],"wp:attachment":[{"href":"https:\/\/olemosaic.com\/fr\/wp-json\/wp\/v2\/media?parent=31264"}],"wp:term":[{"taxonomy":"product_brand","embeddable":true,"href":"https:\/\/olemosaic.com\/fr\/wp-json\/wp\/v2\/product_brand?post=31264"},{"taxonomy":"product_cat","embeddable":true,"href":"https:\/\/olemosaic.com\/fr\/wp-json\/wp\/v2\/product_cat?post=31264"},{"taxonomy":"product_tag","embeddable":true,"href":"https:\/\/olemosaic.com\/fr\/wp-json\/wp\/v2\/product_tag?post=31264"}],"curies":[{"name":"wp","href":"https:\/\/api.w.org\/{rel}","templated":true}]}}