{"id":31263,"date":"2025-02-20T23:33:06","date_gmt":"2025-02-20T22:33:06","guid":{"rendered":"http:\/\/olemosaic.com\/producto\/llavero-de-madera-letra-f-valencia\/"},"modified":"2025-07-25T18:46:02","modified_gmt":"2025-07-25T16:46:02","slug":"porte-cles-en-bois-lettre-f-valence","status":"publish","type":"product","link":"https:\/\/olemosaic.com\/fr\/produit\/porte-cles-en-bois-lettre-f-valence\/","title":{"rendered":"Porte-cl\u00e9s en bois. Lettre F. Valence."},"content":{"rendered":"<p>Ce porte-cl\u00e9s en bois en forme de lettre \u00ab\u00a0F\u00a0\u00bb est un souvenir charmant qui repr\u00e9sente la ville vibrante de Valence. Son design color\u00e9 int\u00e8gre des \u00e9l\u00e9ments architecturaux embl\u00e9matiques, tels que la majestueuse Cit\u00e9 des Arts et des Sciences, symbolisant la modernit\u00e9 et le dynamisme de l&rsquo;architecture valencienne. La surface du porte-cl\u00e9s est orn\u00e9e de motifs \u00e9voquant les c\u00e9l\u00e8bres carreaux traditionnels, une partie int\u00e9grante de l&rsquo;h\u00e9ritage artistique de la r\u00e9gion. Les tons bleus, rouges et jaunes qui pr\u00e9dominent dans le design capturent l&rsquo;essence du soleil \u00e9clatant de Valence, offrant une esth\u00e9tique joyeuse et color\u00e9e qui attire aussi bien les touristes que les locaux.<\/p>\n<p>La lettre \u00ab\u00a0F\u00a0\u00bb ne sert pas seulement d&rsquo;initiale, mais aussi d&rsquo;hommage \u00e0 la ville, ce qui en fait un sujet de conversation int\u00e9ressant. Ce porte-cl\u00e9s n&rsquo;est pas seulement un accessoire pratique ; c&rsquo;est une pi\u00e8ce d&rsquo;art portable qui permet d&#8217;emporter un morceau de la culture valencienne partout avec soi. Id\u00e9al comme souvenir, ce porte-cl\u00e9s se distingue par son authenticit\u00e9 et sa repr\u00e9sentation du meilleur de Valence, ce qui en fait une excellente option pour offrir ou collectionner. Chez \u00ab\u00a0Ol\u00e9 Mosaic\u00a0\u00bb, nous proposons une vari\u00e9t\u00e9 de souvenirs en gros, y compris ce porte-cl\u00e9s en bois, parfait pour les boutiques de cadeaux touristiques \u00e0 la recherche de produits uniques et culturellement significatifs.<\/p>\n","protected":false},"excerpt":{"rendered":"<p>Porte-cl\u00e9s en bois en forme de lettre \u00ab\u00a0F\u00a0\u00bb, repr\u00e9sentant la ville de Valence. Ce porte-cl\u00e9s attrayant pr\u00e9sente un design vibrant qui combine des \u00e9l\u00e9ments architecturaux embl\u00e9matiques de la ville, comme la Cit\u00e9 des Arts et des Sciences, avec des motifs color\u00e9s \u00e9voquant le c\u00e9l\u00e8bre style des carreaux valenciens. La base de la lettre est orn\u00e9e de d\u00e9tails artistiques dans des tons bleus, rouges et jaunes, ce qui en fait un souvenir parfait et fonctionnel qui c\u00e9l\u00e8bre la culture locale.<\/p>\n","protected":false},"featured_media":10864,"template":"","meta":{"_acf_changed":false},"product_brand":[],"product_cat":[607],"product_tag":[614],"class_list":{"0":"post-31263","1":"product","2":"type-product","3":"status-publish","4":"has-post-thumbnail","6":"product_cat-porte-cles","7":"product_tag-lettres","8":"pa_ciudad-valencia","9":"pa_motivo-lettre-f","10":"pa_pais-espana","12":"first","13":"instock","14":"shipping-taxable","15":"product-type-simple"},"acf":[],"_links":{"self":[{"href":"https:\/\/olemosaic.com\/fr\/wp-json\/wp\/v2\/product\/31263","targetHints":{"allow":["GET"]}}],"collection":[{"href":"https:\/\/olemosaic.com\/fr\/wp-json\/wp\/v2\/product"}],"about":[{"href":"https:\/\/olemosaic.com\/fr\/wp-json\/wp\/v2\/types\/product"}],"wp:featuredmedia":[{"embeddable":true,"href":"https:\/\/olemosaic.com\/fr\/wp-json\/wp\/v2\/media\/10864"}],"wp:attachment":[{"href":"https:\/\/olemosaic.com\/fr\/wp-json\/wp\/v2\/media?parent=31263"}],"wp:term":[{"taxonomy":"product_brand","embeddable":true,"href":"https:\/\/olemosaic.com\/fr\/wp-json\/wp\/v2\/product_brand?post=31263"},{"taxonomy":"product_cat","embeddable":true,"href":"https:\/\/olemosaic.com\/fr\/wp-json\/wp\/v2\/product_cat?post=31263"},{"taxonomy":"product_tag","embeddable":true,"href":"https:\/\/olemosaic.com\/fr\/wp-json\/wp\/v2\/product_tag?post=31263"}],"curies":[{"name":"wp","href":"https:\/\/api.w.org\/{rel}","templated":true}]}}