{"id":31262,"date":"2025-02-20T23:33:06","date_gmt":"2025-02-20T22:33:06","guid":{"rendered":"http:\/\/olemosaic.com\/producto\/llavero-de-madera-letra-d-mosaico\/"},"modified":"2025-07-25T18:45:05","modified_gmt":"2025-07-25T16:45:05","slug":"porte-cles-en-bois-lettre-d-mosaique","status":"publish","type":"product","link":"https:\/\/olemosaic.com\/fr\/produit\/porte-cles-en-bois-lettre-d-mosaique\/","title":{"rendered":"Porte-cl\u00e9s en bois. Lettre D. Mosa\u00efque."},"content":{"rendered":"<p>Ce porte-cl\u00e9s en bois en forme de lettre \u00ab\u00a0D\u00a0\u00bb est un produit exceptionnel qui se distingue par son design de mosa\u00efque vibrant, refl\u00e9tant la riche tradition artisanale de l&rsquo;Espagne. Fabriqu\u00e9 en bois de haute qualit\u00e9, sa forme distinctive et color\u00e9e capture l&rsquo;essence de la c\u00e9l\u00e8bre c\u00e9ramique en mosa\u00efque qui orne de nombreuses villes espagnoles, des chefs-d&rsquo;\u0153uvre de Gaud\u00ed \u00e0 Barcelone aux carreaux traditionnels d&rsquo;Andalousie. Le porte-cl\u00e9s pr\u00e9sente une combinaison \u00e9clatante de couleurs, notamment le rouge, le bleu, le vert et le jaune, ce qui le rend non seulement visuellement attrayant, mais apporte \u00e9galement une touche de joie et d&rsquo;authenticit\u00e9 \u00e0 vos cl\u00e9s ou \u00e0 tout objet que vous souhaitez personnaliser.<\/p>\n<p>La finition artisanale du porte-cl\u00e9s souligne l&rsquo;attention m\u00e9ticuleuse port\u00e9e aux d\u00e9tails, en faisant un souvenir original et authentique de la culture espagnole. Id\u00e9al tant pour les touristes \u00e0 la recherche d&rsquo;un souvenir repr\u00e9sentatif de leur visite que pour ceux qui souhaitent un cadeau unique et significatif, ce porte-cl\u00e9s refl\u00e8te l&rsquo;esprit vibrant et color\u00e9 de l&rsquo;art de la mosa\u00efque. Chez Ol\u00e9 Mosaic, nous distribuons des souvenirs de qualit\u00e9 en gros, et ce porte-cl\u00e9s en bois est un excellent choix pour les boutiques de cadeaux touristiques cherchant \u00e0 proposer des produits artistiques et culturels. En tant que grossistes en d\u00e9coration et souvenirs, nous garantissons l&rsquo;authenticit\u00e9 et un design tr\u00e8s sp\u00e9cial pour chacune de nos pi\u00e8ces.<\/p>\n","protected":false},"excerpt":{"rendered":"<p>Porte-cl\u00e9s en bois en forme de lettre \u00ab\u00a0D\u00a0\u00bb, d\u00e9cor\u00e9 d&rsquo;un design de mosa\u00efque vibrant. Ce porte-cl\u00e9s attrayant pr\u00e9sente une combinaison de couleurs vives comme le rouge, le bleu, le vert et le jaune, \u00e9voquant la c\u00e9ramique de mosa\u00efque traditionnelle espagnole. Parfait pour personnaliser vos cl\u00e9s ou comme cadeau original, sa finition artisanale et son style distinctif ajouteront une touche de couleur et d&rsquo;authenticit\u00e9 \u00e0 n&rsquo;importe quel ensemble.<\/p>\n","protected":false},"featured_media":10754,"template":"","meta":{"_acf_changed":false},"product_brand":[],"product_cat":[607],"product_tag":[],"class_list":{"0":"post-31262","1":"product","2":"type-product","3":"status-publish","4":"has-post-thumbnail","6":"product_cat-porte-cles","7":"pa_motivo-lettre-d","9":"first","10":"instock","11":"shipping-taxable","12":"product-type-simple"},"acf":[],"_links":{"self":[{"href":"https:\/\/olemosaic.com\/fr\/wp-json\/wp\/v2\/product\/31262","targetHints":{"allow":["GET"]}}],"collection":[{"href":"https:\/\/olemosaic.com\/fr\/wp-json\/wp\/v2\/product"}],"about":[{"href":"https:\/\/olemosaic.com\/fr\/wp-json\/wp\/v2\/types\/product"}],"wp:featuredmedia":[{"embeddable":true,"href":"https:\/\/olemosaic.com\/fr\/wp-json\/wp\/v2\/media\/10754"}],"wp:attachment":[{"href":"https:\/\/olemosaic.com\/fr\/wp-json\/wp\/v2\/media?parent=31262"}],"wp:term":[{"taxonomy":"product_brand","embeddable":true,"href":"https:\/\/olemosaic.com\/fr\/wp-json\/wp\/v2\/product_brand?post=31262"},{"taxonomy":"product_cat","embeddable":true,"href":"https:\/\/olemosaic.com\/fr\/wp-json\/wp\/v2\/product_cat?post=31262"},{"taxonomy":"product_tag","embeddable":true,"href":"https:\/\/olemosaic.com\/fr\/wp-json\/wp\/v2\/product_tag?post=31262"}],"curies":[{"name":"wp","href":"https:\/\/api.w.org\/{rel}","templated":true}]}}