{"id":31256,"date":"2025-02-20T23:33:06","date_gmt":"2025-02-20T22:33:06","guid":{"rendered":"http:\/\/olemosaic.com\/producto\/llavero-de-madera-letra-c-2\/"},"modified":"2025-07-25T19:31:29","modified_gmt":"2025-07-25T17:31:29","slug":"porte-cles-en-bois-lettre-c-mosaique-fr","status":"publish","type":"product","link":"https:\/\/olemosaic.com\/fr\/produit\/porte-cles-en-bois-lettre-c-mosaique-fr\/","title":{"rendered":"Porte-cl\u00e9s en bois. Lettre C. Mosa\u00efque."},"content":{"rendered":"<p>Ce porte-cl\u00e9s en bois en forme de lettre \u00ab\u00a0C\u00a0\u00bb est une pi\u00e8ce exceptionnelle qui capture l&rsquo;essence de l&rsquo;art de Gaud\u00ed et l&rsquo;esprit vibrant de l&rsquo;Espagne. D\u00e9cor\u00e9 d&rsquo;une mosa\u00efque complexe d\u00e9ployant une palette de couleurs dans les tons rouges, bleus, jaunes et verts, ce porte-cl\u00e9s se distingue par sa technique de trencad\u00eds, compos\u00e9e de fragments de c\u00e9ramique brillants dispos\u00e9s artistiquement. Le design est l\u00e9ger et durable, id\u00e9al pour personnaliser vos cl\u00e9s ou comme un pr\u00e9cieux souvenir que vous ch\u00e9rirez.<\/p>\n<p>La lettre \u00ab\u00a0C\u00a0\u00bb a \u00e9t\u00e9 choisie dans un but sp\u00e9cial, en faisant un cadeau personnalis\u00e9 et significatif, parfait pour ceux qui recherchent un souvenir authentique de leur voyage. Ce porte-cl\u00e9s n&rsquo;est pas seulement fonctionnel, il sert \u00e9galement de rappel tangible de la riche culture et de la tradition artistique de l&rsquo;Espagne, inspir\u00e9e par l&rsquo;une de ses figures les plus embl\u00e9matiques. Chaque d\u00e9tail est m\u00e9ticuleusement travaill\u00e9, et sa combinaison de couleurs vibrantes et de formes fluides en fait une pi\u00e8ce unique qui attirera l&rsquo;attention de tous.<\/p>\n<p>Chez Ol\u00e9 Mosaic, nous sommes fiers de proposer des souvenirs de qualit\u00e9 en gros, et ce porte-cl\u00e9s avec la lettre \u00ab\u00a0C\u00a0\u00bb est une option id\u00e9ale pour les boutiques de cadeaux touristiques souhaitant offrir des produits authentiques et culturellement pertinents. Ce porte-cl\u00e9s repr\u00e9sente la connexion avec la tradition artistique espagnole et constitue un excellent choix pour ceux qui recherchent un souvenir qui t\u00e9moigne de leur exp\u00e9rience dans le pays.<\/p>\n","protected":false},"excerpt":{"rendered":"<p>Porte-cl\u00e9s en bois en forme de lettre \u00ab\u00a0C\u00a0\u00bb, d\u00e9cor\u00e9 d&rsquo;une mosa\u00efque vibrante dans les tons rouge, bleu, jaune et vert. Ce porte-cl\u00e9s pr\u00e9sente un design inspir\u00e9 de l&rsquo;art de Gaud\u00ed, mettant en avant la technique du trencad\u00eds. La pi\u00e8ce est l\u00e9g\u00e8re et durable, parfaite pour personnaliser vos cl\u00e9s ou comme un joli souvenir d&rsquo;Espagne. Son attrayante combinaison de couleurs et de formes en fait un cadeau id\u00e9al pour les amoureux de la culture espagnole.<\/p>\n","protected":false},"featured_media":10922,"template":"","meta":{"_acf_changed":false},"product_brand":[],"product_cat":[607],"product_tag":[614],"class_list":{"0":"post-31256","1":"product","2":"type-product","3":"status-publish","4":"has-post-thumbnail","6":"product_cat-porte-cles","7":"product_tag-lettres","8":"pa_motivo-lettre-c","10":"first","11":"instock","12":"shipping-taxable","13":"product-type-simple"},"acf":[],"_links":{"self":[{"href":"https:\/\/olemosaic.com\/fr\/wp-json\/wp\/v2\/product\/31256","targetHints":{"allow":["GET"]}}],"collection":[{"href":"https:\/\/olemosaic.com\/fr\/wp-json\/wp\/v2\/product"}],"about":[{"href":"https:\/\/olemosaic.com\/fr\/wp-json\/wp\/v2\/types\/product"}],"wp:featuredmedia":[{"embeddable":true,"href":"https:\/\/olemosaic.com\/fr\/wp-json\/wp\/v2\/media\/10922"}],"wp:attachment":[{"href":"https:\/\/olemosaic.com\/fr\/wp-json\/wp\/v2\/media?parent=31256"}],"wp:term":[{"taxonomy":"product_brand","embeddable":true,"href":"https:\/\/olemosaic.com\/fr\/wp-json\/wp\/v2\/product_brand?post=31256"},{"taxonomy":"product_cat","embeddable":true,"href":"https:\/\/olemosaic.com\/fr\/wp-json\/wp\/v2\/product_cat?post=31256"},{"taxonomy":"product_tag","embeddable":true,"href":"https:\/\/olemosaic.com\/fr\/wp-json\/wp\/v2\/product_tag?post=31256"}],"curies":[{"name":"wp","href":"https:\/\/api.w.org\/{rel}","templated":true}]}}