{"id":31254,"date":"2025-02-20T23:33:04","date_gmt":"2025-02-20T22:33:04","guid":{"rendered":"http:\/\/olemosaic.com\/producto\/llavero-de-madera-letra-c-madrid\/"},"modified":"2025-07-25T18:45:57","modified_gmt":"2025-07-25T16:45:57","slug":"porte-cles-en-bois-lettre-c-madrid","status":"publish","type":"product","link":"https:\/\/olemosaic.com\/fr\/produit\/porte-cles-en-bois-lettre-c-madrid\/","title":{"rendered":"Porte-cl\u00e9s en bois. Lettre C. Madrid."},"content":{"rendered":"<p>Ce porte-cl\u00e9s en bois en forme de lettre \u00ab\u00a0C\u00a0\u00bb est un charmant souvenir qui capture l&rsquo;essence de Madrid et de ses symboles les plus embl\u00e9matiques. Con\u00e7u pour les amoureux de la capitale espagnole, ce porte-cl\u00e9s se distingue par ses couleurs vibrantes et ses d\u00e9tails artistiques, qui font allusion \u00e0 des \u00e9l\u00e9ments iconiques tels que le c\u00e9l\u00e8bre ours et l&rsquo;arbousier, ainsi qu&rsquo;\u00e0 des b\u00e2timents reconnaissables de la ville. La lettre \u00ab\u00a0C\u00a0\u00bb n&rsquo;est pas seulement visuellement attrayante, elle se connecte \u00e9galement \u00e0 la culture madril\u00e8ne d&rsquo;une mani\u00e8re unique.<\/p>\n<p>Peint \u00e0 la main avec une palette de jaunes, bleus et rouges, chaque porte-cl\u00e9s refl\u00e8te la vitalit\u00e9 et le dynamisme de Madrid. Les d\u00e9tails soigneusement \u00e9labor\u00e9s dans son design, tels que le logo du m\u00e9tro et la repr\u00e9sentation de l&rsquo;ours, font de ce porte-cl\u00e9s non seulement un accessoire pratique, mais aussi un rappel de la riche histoire et tradition de la ville. C&rsquo;est le produit parfait pour les touristes \u00e0 la recherche de souvenirs authentiques et repr\u00e9sentatifs de Madrid.<\/p>\n<p>Chez Ol\u00e9 Mosaic, nous nous sp\u00e9cialisons dans la distribution de souvenirs en gros, et ce porte-cl\u00e9s en bois est une excellente option pour les boutiques de cadeaux touristiques souhaitant proposer des articles qui mettent en valeur la culture locale. De plus, chaque pi\u00e8ce s&rsquo;ajoute \u00e0 notre vari\u00e9t\u00e9 de souvenirs c\u00e9l\u00e9brant l&rsquo;h\u00e9ritage espagnol, devenant un objet de collection id\u00e9al pour tout visiteur. En tant que grossistes de porte-cl\u00e9s, nous garantissons la qualit\u00e9 et l&rsquo;authenticit\u00e9 de chaque produit.<\/p>\n","protected":false},"excerpt":{"rendered":"<p>Porte-cl\u00e9s en bois en forme de lettre \u00ab\u00a0C\u00a0\u00bb, repr\u00e9sentant des \u00e9l\u00e9ments embl\u00e9matiques de Madrid. Ce porte-cl\u00e9s pr\u00e9sente un design color\u00e9, o\u00f9 se distinguent des symboles iconiques comme l&rsquo;ours et l&rsquo;arbousier, ainsi que des b\u00e2timents reconnaissables et le logo du m\u00e9tro. Peint dans un style artisanal avec des d\u00e9tails vibrants dans les tons jaunes, bleus et rouges, c&rsquo;est un souvenir unique qui refl\u00e8te l&rsquo;essence de la ville et ajoute une touche charmante \u00e0 vos cl\u00e9s.<\/p>\n","protected":false},"featured_media":10835,"template":"","meta":{"_acf_changed":false},"product_brand":[],"product_cat":[607],"product_tag":[614],"class_list":{"0":"post-31254","1":"product","2":"type-product","3":"status-publish","4":"has-post-thumbnail","6":"product_cat-porte-cles","7":"product_tag-lettres","8":"pa_ciudad-madrid","9":"pa_motivo-lettre-c","10":"pa_pais-espana","12":"first","13":"instock","14":"shipping-taxable","15":"product-type-simple"},"acf":[],"_links":{"self":[{"href":"https:\/\/olemosaic.com\/fr\/wp-json\/wp\/v2\/product\/31254","targetHints":{"allow":["GET"]}}],"collection":[{"href":"https:\/\/olemosaic.com\/fr\/wp-json\/wp\/v2\/product"}],"about":[{"href":"https:\/\/olemosaic.com\/fr\/wp-json\/wp\/v2\/types\/product"}],"wp:featuredmedia":[{"embeddable":true,"href":"https:\/\/olemosaic.com\/fr\/wp-json\/wp\/v2\/media\/10835"}],"wp:attachment":[{"href":"https:\/\/olemosaic.com\/fr\/wp-json\/wp\/v2\/media?parent=31254"}],"wp:term":[{"taxonomy":"product_brand","embeddable":true,"href":"https:\/\/olemosaic.com\/fr\/wp-json\/wp\/v2\/product_brand?post=31254"},{"taxonomy":"product_cat","embeddable":true,"href":"https:\/\/olemosaic.com\/fr\/wp-json\/wp\/v2\/product_cat?post=31254"},{"taxonomy":"product_tag","embeddable":true,"href":"https:\/\/olemosaic.com\/fr\/wp-json\/wp\/v2\/product_tag?post=31254"}],"curies":[{"name":"wp","href":"https:\/\/api.w.org\/{rel}","templated":true}]}}