{"id":31252,"date":"2025-02-20T23:33:04","date_gmt":"2025-02-20T22:33:04","guid":{"rendered":"http:\/\/olemosaic.com\/producto\/llavero-de-madera-gato-2\/"},"modified":"2025-07-25T18:38:55","modified_gmt":"2025-07-25T16:38:55","slug":"porte-cles-en-bois-chat-portugal","status":"publish","type":"product","link":"https:\/\/olemosaic.com\/fr\/produit\/porte-cles-en-bois-chat-portugal\/","title":{"rendered":"Porte-cl\u00e9s en bois. Chat. Portugal."},"content":{"rendered":"<p>Ce porte-cl\u00e9s en bois en forme de chat est un charmant souvenir qui refl\u00e8te l&rsquo;essence artisanale du Portugal. Avec un design captivant, il pr\u00e9sente une riche palette de couleurs vibrantes, o\u00f9 pr\u00e9dominent les tons bleus, rouges et jaunes, compl\u00e9t\u00e9s par des d\u00e9tails floraux complexes et des motifs g\u00e9om\u00e9triques qui \u00e9voquent l&rsquo;azulejer\u00eda traditionnelle portugaise. La figure du chat, symbole d&rsquo;ind\u00e9pendance et de myst\u00e8re, est m\u00e9ticuleusement d\u00e9tour\u00e9e, ajoutant de la profondeur \u00e0 son attrait visuel, tandis que le bois de haute qualit\u00e9 garantit la durabilit\u00e9 et un toucher agr\u00e9able.<\/p>\n<p>Parfait non seulement comme accessoire fonctionnel pour garder vos cl\u00e9s organis\u00e9es, ce porte-cl\u00e9s agit \u00e9galement comme un adorable rappel de la riche culture portugaise, ce qui en fait un cadeau id\u00e9al pour les amoureux des f\u00e9lins et de l&rsquo;esth\u00e9tique vibrante qui caract\u00e9rise cette r\u00e9gion. Son authenticit\u00e9 en fait un souvenir repr\u00e9sentatif de la tradition portugaise, constituant une excellente option pour ceux qui souhaitent ramener chez eux un morceau d&rsquo;art et de culture.<\/p>\n<p>Chez Ol\u00e9 Mosaic, nous sommes fiers de proposer des produits authentiques en gros qui capturent l&rsquo;essence de chaque localit\u00e9, et ce porte-cl\u00e9s chat est un choix id\u00e9al pour les boutiques de cadeaux touristiques \u00e0 la recherche de souvenirs vraiment uniques. Ne manquez pas l&rsquo;occasion d&rsquo;offrir \u00e0 vos clients ce porte-cl\u00e9s en bois, un v\u00e9ritable hommage \u00e0 l&rsquo;art et \u00e0 la culture du Portugal.<\/p>\n","protected":false},"excerpt":{"rendered":"<p>Porte-cl\u00e9s en bois en forme de chat, d\u00e9cor\u00e9 de motifs color\u00e9s inspir\u00e9s de l&rsquo;art portugais. Ce porte-cl\u00e9s attrayant combine un design charmant et fonctionnel, avec une riche palette de couleurs comprenant des bleus, des rouges et des jaunes, avec des d\u00e9tails de fleurs et des motifs g\u00e9om\u00e9triques. Id\u00e9al pour les amoureux des f\u00e9lins et de la culture, ce porte-cl\u00e9s est un petit souvenir de l&rsquo;essence artisanale du Portugal.<\/p>\n","protected":false},"featured_media":10959,"template":"","meta":{"_acf_changed":false},"product_brand":[],"product_cat":[607],"product_tag":[530],"class_list":{"0":"post-31252","1":"product","2":"type-product","3":"status-publish","4":"has-post-thumbnail","6":"product_cat-porte-cles","7":"product_tag-animaux","8":"pa_motivo-chats","10":"first","11":"instock","12":"shipping-taxable","13":"product-type-simple"},"acf":[],"_links":{"self":[{"href":"https:\/\/olemosaic.com\/fr\/wp-json\/wp\/v2\/product\/31252","targetHints":{"allow":["GET"]}}],"collection":[{"href":"https:\/\/olemosaic.com\/fr\/wp-json\/wp\/v2\/product"}],"about":[{"href":"https:\/\/olemosaic.com\/fr\/wp-json\/wp\/v2\/types\/product"}],"wp:featuredmedia":[{"embeddable":true,"href":"https:\/\/olemosaic.com\/fr\/wp-json\/wp\/v2\/media\/10959"}],"wp:attachment":[{"href":"https:\/\/olemosaic.com\/fr\/wp-json\/wp\/v2\/media?parent=31252"}],"wp:term":[{"taxonomy":"product_brand","embeddable":true,"href":"https:\/\/olemosaic.com\/fr\/wp-json\/wp\/v2\/product_brand?post=31252"},{"taxonomy":"product_cat","embeddable":true,"href":"https:\/\/olemosaic.com\/fr\/wp-json\/wp\/v2\/product_cat?post=31252"},{"taxonomy":"product_tag","embeddable":true,"href":"https:\/\/olemosaic.com\/fr\/wp-json\/wp\/v2\/product_tag?post=31252"}],"curies":[{"name":"wp","href":"https:\/\/api.w.org\/{rel}","templated":true}]}}