{"id":31251,"date":"2025-02-20T22:33:04","date_gmt":"2025-02-20T22:33:04","guid":{"rendered":"http:\/\/olemosaic.com\/producto\/llavero-de-madera-gato\/"},"modified":"2025-07-25T18:38:56","modified_gmt":"2025-07-25T16:38:56","slug":"porte-cles-en-bois-chat","status":"publish","type":"product","link":"https:\/\/olemosaic.com\/fr\/produit\/porte-cles-en-bois-chat\/","title":{"rendered":"Porte-cl\u00e9s en bois. Chat."},"content":{"rendered":"<p>Ce porte-cl\u00e9s en bois en forme de chat est un accessoire charmant qui refl\u00e8te la richesse culturelle de l&rsquo;Espagne. Fabriqu\u00e9 avec une technique de peinture \u00e0 la main, il pr\u00e9sente des motifs de mosa\u00efque color\u00e9s qui \u00e9blouissent par leur palette de tons vifs, tels que le rouge, le jaune, le bleu et le vert. La figure du chat, repr\u00e9sent\u00e9e en position assise, attire le regard et la curiosit\u00e9, devenant un symbole ludique de l&rsquo;artisanat local. Chaque d\u00e9tail m\u00e9ticuleusement peint souligne non seulement l&rsquo;habilet\u00e9 des artisans, mais c\u00e9l\u00e8bre \u00e9galement la tradition artistique qui caract\u00e9rise diverses r\u00e9gions du pays.<\/p>\n<p>Ce porte-cl\u00e9s n&rsquo;est pas seulement un objet pratique pour le quotidien, mais un souvenir qui encapsule l&rsquo;essence de l&rsquo;art et de la culture espagnole, ce qui en fait un cadeau parfait pour les touristes et les amateurs de cr\u00e9ativit\u00e9. Son design singulier est une excellente fa\u00e7on d&#8217;emporter un morceau d&rsquo;Espagne avec soi, en se rappelant ces moments sp\u00e9ciaux v\u00e9cus pendant le voyage. Chez Ol\u00e9 Mosaic, en tant que distributeurs de souvenirs, nous proposons des produits authentiques et repr\u00e9sentatifs, id\u00e9aux pour les boutiques de cadeaux touristiques. Ce porte-cl\u00e9s chat est une option charmante qui se distingue parmi les souvenirs de qualit\u00e9, apportant une touche color\u00e9e et culturelle \u00e0 toute collection.<\/p>\n","protected":false},"excerpt":{"rendered":"<p>Porte-cl\u00e9s en bois en forme de chat, d\u00e9cor\u00e9 de motifs de mosa\u00efque color\u00e9s. Cet accessoire charmant se distingue par sa technique de peinture \u00e0 la main, qui refl\u00e8te une palette vibrante de couleurs comme le rouge, le jaune, le bleu et le vert. Le chat, assis, capture l&rsquo;essence ludique et artistique de l&rsquo;artisanat local, devenant un cadeau parfait ou un souvenir symbolique de la richesse culturelle de l&rsquo;Espagne.<\/p>\n","protected":false},"featured_media":10629,"template":"","meta":{"_acf_changed":false},"product_brand":[],"product_cat":[607],"product_tag":[530],"class_list":{"0":"post-31251","1":"product","2":"type-product","3":"status-publish","4":"has-post-thumbnail","6":"product_cat-porte-cles","7":"product_tag-animaux","8":"pa_motivo-chats","10":"first","11":"instock","12":"shipping-taxable","13":"product-type-simple"},"acf":[],"_links":{"self":[{"href":"https:\/\/olemosaic.com\/fr\/wp-json\/wp\/v2\/product\/31251","targetHints":{"allow":["GET"]}}],"collection":[{"href":"https:\/\/olemosaic.com\/fr\/wp-json\/wp\/v2\/product"}],"about":[{"href":"https:\/\/olemosaic.com\/fr\/wp-json\/wp\/v2\/types\/product"}],"wp:featuredmedia":[{"embeddable":true,"href":"https:\/\/olemosaic.com\/fr\/wp-json\/wp\/v2\/media\/10629"}],"wp:attachment":[{"href":"https:\/\/olemosaic.com\/fr\/wp-json\/wp\/v2\/media?parent=31251"}],"wp:term":[{"taxonomy":"product_brand","embeddable":true,"href":"https:\/\/olemosaic.com\/fr\/wp-json\/wp\/v2\/product_brand?post=31251"},{"taxonomy":"product_cat","embeddable":true,"href":"https:\/\/olemosaic.com\/fr\/wp-json\/wp\/v2\/product_cat?post=31251"},{"taxonomy":"product_tag","embeddable":true,"href":"https:\/\/olemosaic.com\/fr\/wp-json\/wp\/v2\/product_tag?post=31251"}],"curies":[{"name":"wp","href":"https:\/\/api.w.org\/{rel}","templated":true}]}}