{"id":31250,"date":"2025-02-20T22:33:04","date_gmt":"2025-02-20T22:33:04","guid":{"rendered":"http:\/\/olemosaic.com\/producto\/llavero-de-madera-flamenco\/"},"modified":"2025-07-25T18:44:07","modified_gmt":"2025-07-25T16:44:07","slug":"porte-cles-en-bois-flamant-rose","status":"publish","type":"product","link":"https:\/\/olemosaic.com\/fr\/produit\/porte-cles-en-bois-flamant-rose\/","title":{"rendered":"Porte-cl\u00e9s en bois. Flamant rose."},"content":{"rendered":"<p>Ce porte-cl\u00e9s en bois en forme de flamant rose est un souvenir vibrant et artistique qui capture l&rsquo;essence de la faune andalouse. Con\u00e7u avec soin, ce porte-cl\u00e9s original pr\u00e9sente une illustration int\u00e9rieure qui \u00e9voque un paysage captivant o\u00f9 la v\u00e9g\u00e9tation verte se fond dans un ciel aux tons chauds, offrant une vue color\u00e9e qui rappelle la nature vibrante de l&rsquo;Andalousie. Sa finition dans un style mosa\u00efque color\u00e9, avec une pr\u00e9dominance de roses et de verts, souligne son esth\u00e9tique unique, en faisant une pi\u00e8ce qui attire tous les regards.<\/p>\n<p>Ce porte-cl\u00e9s n&rsquo;est pas seulement un accessoire pratique pour porter les cl\u00e9s, mais aussi une repr\u00e9sentation authentique de la culture espagnole et de ses traditions, id\u00e9al pour ceux qui recherchent un souvenir repr\u00e9sentatif de leur visite. Les flamants roses sont des oiseaux embl\u00e9matiques de la r\u00e9gion, et ce design incorpore leur \u00e9l\u00e9gance et leur singularit\u00e9, faisant r\u00e9f\u00e9rence aux paysages qui les entourent.<\/p>\n<p>Chez Ol\u00e9 Mosaic, nous sommes sp\u00e9cialis\u00e9s dans la distribution de souvenirs en gros, offrant des produits authentiques qui c\u00e9l\u00e8brent la richesse du patrimoine espagnol. Ce porte-cl\u00e9s flamant rose est une excellente option pour les boutiques de cadeaux touristiques qui recherchent des articles de qualit\u00e9 avec une forte valeur culturelle. En tant que grossistes de souvenirs, nous garantissons l&rsquo;authenticit\u00e9 et le design de chaque pi\u00e8ce.<\/p>\n","protected":false},"excerpt":{"rendered":"<p>Porte-cl\u00e9s en bois en forme de flamant rose, con\u00e7u dans un style vibrant et artistique. Ce porte-cl\u00e9s original pr\u00e9sente une illustration interne qui capture un paysage avec de la v\u00e9g\u00e9tation et un ciel color\u00e9, \u00e9voquant la faune andalouse. Sa finition d\u00e9taille une technique de mosa\u00efque color\u00e9e, avec une pr\u00e9dominance de tons roses et verts qui soulignent son esth\u00e9tique unique. Id\u00e9al pour ceux qui recherchent un souvenir repr\u00e9sentatif de la culture espagnole.<\/p>\n","protected":false},"featured_media":10780,"template":"","meta":{"_acf_changed":false},"product_brand":[],"product_cat":[607],"product_tag":[530],"class_list":{"0":"post-31250","1":"product","2":"type-product","3":"status-publish","4":"has-post-thumbnail","6":"product_cat-porte-cles","7":"product_tag-animaux","8":"pa_motivo-flamants-roses","10":"first","11":"instock","12":"shipping-taxable","13":"product-type-simple"},"acf":[],"_links":{"self":[{"href":"https:\/\/olemosaic.com\/fr\/wp-json\/wp\/v2\/product\/31250","targetHints":{"allow":["GET"]}}],"collection":[{"href":"https:\/\/olemosaic.com\/fr\/wp-json\/wp\/v2\/product"}],"about":[{"href":"https:\/\/olemosaic.com\/fr\/wp-json\/wp\/v2\/types\/product"}],"wp:featuredmedia":[{"embeddable":true,"href":"https:\/\/olemosaic.com\/fr\/wp-json\/wp\/v2\/media\/10780"}],"wp:attachment":[{"href":"https:\/\/olemosaic.com\/fr\/wp-json\/wp\/v2\/media?parent=31250"}],"wp:term":[{"taxonomy":"product_brand","embeddable":true,"href":"https:\/\/olemosaic.com\/fr\/wp-json\/wp\/v2\/product_brand?post=31250"},{"taxonomy":"product_cat","embeddable":true,"href":"https:\/\/olemosaic.com\/fr\/wp-json\/wp\/v2\/product_cat?post=31250"},{"taxonomy":"product_tag","embeddable":true,"href":"https:\/\/olemosaic.com\/fr\/wp-json\/wp\/v2\/product_tag?post=31250"}],"curies":[{"name":"wp","href":"https:\/\/api.w.org\/{rel}","templated":true}]}}