{"id":31249,"date":"2025-02-20T22:33:04","date_gmt":"2025-02-20T22:33:04","guid":{"rendered":"http:\/\/olemosaic.com\/producto\/llavero-de-madera-dromedario\/"},"modified":"2025-07-25T19:11:34","modified_gmt":"2025-07-25T17:11:34","slug":"porte-cles-en-bois-dromadaire","status":"publish","type":"product","link":"https:\/\/olemosaic.com\/fr\/produit\/porte-cles-en-bois-dromadaire\/","title":{"rendered":"Porte-cl\u00e9s en bois. Dromadaire."},"content":{"rendered":"<p>Ce porte-cl\u00e9s en bois en forme de dromadaire est un souvenir charmant qui capture l&rsquo;essence du folklore d&rsquo;Afrique du Nord. Son design vibrant et d\u00e9coratif, inspir\u00e9 par la riche tradition de l&rsquo;art c\u00e9ramique, pr\u00e9sente un motif de mosa\u00efque complexe combinant des tons de rouge, bleu et jaune, \u00e9voquant la chaleur et l&rsquo;\u00e9nergie des march\u00e9s traditionnels de la r\u00e9gion. La figure du dromadaire, symbole de r\u00e9sistance et de travers\u00e9e du d\u00e9sert, se distingue par sa finition d\u00e9taill\u00e9e et sa forme l\u00e9g\u00e8rement tridimensionnelle, ce qui lui conf\u00e8re un caract\u00e8re attrayant et distinctif.<\/p>\n<p>La structure du porte-cl\u00e9s est l\u00e9g\u00e8re mais durable, garantissant que vos cl\u00e9s ne sont pas seulement organis\u00e9es, mais qu&rsquo;elles portent \u00e9galement un morceau de culture et de tradition. Id\u00e9al pour les touristes et les voyageurs, ce porte-cl\u00e9s est un excellent souvenir de voyage qui repr\u00e9sente l&rsquo;authenticit\u00e9 de l&rsquo;art nord-africain. Parfait pour ceux qui recherchent un souvenir significatif de leurs aventures, au-del\u00e0 du conventionnel. Chez Ol\u00e9 Mosaic, en tant que grossiste de souvenirs, nous proposons des produits qui se distinguent par leur design et leur pertinence culturelle. Ce porte-cl\u00e9s dromadaire est une option charmante pour les boutiques de cadeaux touristiques qui souhaitent offrir \u00e0 leurs clients des souvenirs uniques et repr\u00e9sentatifs du riche h\u00e9ritage culturel de la r\u00e9gion.<\/p>\n","protected":false},"excerpt":{"rendered":"<p>Porte-cl\u00e9s en bois en forme de dromadaire, inspir\u00e9 par l&rsquo;art color\u00e9 de la c\u00e9ramique traditionnelle. Ce porte-cl\u00e9s pr\u00e9sente un design vibrant et d\u00e9coratif avec un motif de mosa\u00efque combinant des tons rouges, bleus et jaunes, \u00e9voquant le folklore d&rsquo;Afrique du Nord. Id\u00e9al pour transporter vos cl\u00e9s avec une touche culturelle, sa structure l\u00e9g\u00e8re et r\u00e9sistante assure la durabilit\u00e9, tandis que son design artistique en fait un souvenir de voyage attrayant.<\/p>\n","protected":false},"featured_media":10785,"template":"","meta":{"_acf_changed":false},"product_brand":[],"product_cat":[607],"product_tag":[530],"class_list":{"0":"post-31249","1":"product","2":"type-product","3":"status-publish","4":"has-post-thumbnail","6":"product_cat-porte-cles","7":"product_tag-animaux","8":"pa_motivo-dromadaires","10":"first","11":"instock","12":"shipping-taxable","13":"product-type-simple"},"acf":[],"_links":{"self":[{"href":"https:\/\/olemosaic.com\/fr\/wp-json\/wp\/v2\/product\/31249","targetHints":{"allow":["GET"]}}],"collection":[{"href":"https:\/\/olemosaic.com\/fr\/wp-json\/wp\/v2\/product"}],"about":[{"href":"https:\/\/olemosaic.com\/fr\/wp-json\/wp\/v2\/types\/product"}],"wp:featuredmedia":[{"embeddable":true,"href":"https:\/\/olemosaic.com\/fr\/wp-json\/wp\/v2\/media\/10785"}],"wp:attachment":[{"href":"https:\/\/olemosaic.com\/fr\/wp-json\/wp\/v2\/media?parent=31249"}],"wp:term":[{"taxonomy":"product_brand","embeddable":true,"href":"https:\/\/olemosaic.com\/fr\/wp-json\/wp\/v2\/product_brand?post=31249"},{"taxonomy":"product_cat","embeddable":true,"href":"https:\/\/olemosaic.com\/fr\/wp-json\/wp\/v2\/product_cat?post=31249"},{"taxonomy":"product_tag","embeddable":true,"href":"https:\/\/olemosaic.com\/fr\/wp-json\/wp\/v2\/product_tag?post=31249"}],"curies":[{"name":"wp","href":"https:\/\/api.w.org\/{rel}","templated":true}]}}