{"id":31248,"date":"2025-02-20T22:33:04","date_gmt":"2025-02-20T22:33:04","guid":{"rendered":"http:\/\/olemosaic.com\/producto\/llavero-de-madera-delfin\/"},"modified":"2025-07-25T18:48:48","modified_gmt":"2025-07-25T16:48:48","slug":"porte-cles-en-bois-dauphin","status":"publish","type":"product","link":"https:\/\/olemosaic.com\/fr\/produit\/porte-cles-en-bois-dauphin\/","title":{"rendered":"Porte-cl\u00e9s en bois. Dauphin."},"content":{"rendered":"<p>Ce porte-cl\u00e9s en bois en forme de dauphin est un v\u00e9ritable bijou qui transporte ceux qui l&rsquo;utilisent dans l&rsquo;ambiance maritime enchanteresse des c\u00f4tes espagnoles. Avec un design vibrant et color\u00e9, le porte-cl\u00e9s pr\u00e9sente une fusion de bleus, de jaunes et de verts, \u00e9voquant l&rsquo;\u00e9clat de l&rsquo;oc\u00e9an et la joie de la vie marine. La forme stylis\u00e9e du dauphin est magnifiquement d\u00e9cor\u00e9e de motifs rappelant l&rsquo;art iconique de la mosa\u00efque, soulignant l&rsquo;influence du c\u00e9l\u00e8bre architecte Antoni Gaud\u00ed, ce qui en fait un souvenir id\u00e9al pour ceux qui souhaitent emporter avec eux un morceau de la riche culture m\u00e9diterran\u00e9enne.<\/p>\n<p>Chaque d\u00e9tail du porte-cl\u00e9s est soigneusement \u00e9labor\u00e9, montrant une combinaison de formes fluides et de lignes artistiques qui capturent l&rsquo;essence du dauphin et de son environnement aquatique. L&rsquo;artisanat derri\u00e8re ce souvenir souligne non seulement sa fonctionnalit\u00e9 en tant que porte-cl\u00e9s, mais en fait \u00e9galement une pi\u00e8ce d\u00e9corative qui peut \u00eatre expos\u00e9e n&rsquo;importe o\u00f9.<\/p>\n<p>Parfait pour les touristes \u00e0 la recherche de souvenirs de qualit\u00e9, ce porte-cl\u00e9s dauphin met en avant l&rsquo;authenticit\u00e9 de son origine et sa pertinence culturelle en tant que symbole de la mer et de la vie c\u00f4ti\u00e8re. Chez Ol\u00e9 Mosaic, nous sommes sp\u00e9cialis\u00e9s dans la distribution de souvenirs en gros, et ce porte-cl\u00e9s en bois est une excellente option pour les boutiques de cadeaux touristiques qui cherchent \u00e0 offrir des produits uniques et repr\u00e9sentatifs de la tradition espagnole.<\/p>\n","protected":false},"excerpt":{"rendered":"<p>Porte-cl\u00e9s en bois en forme de dauphin, inspir\u00e9 par l&rsquo;art de la mosa\u00efque. Ce porte-cl\u00e9s attrayant pr\u00e9sente un design color\u00e9 avec des d\u00e9tails en bleus, jaunes et verts qui \u00e9voquent l&rsquo;ambiance maritime des c\u00f4tes espagnoles. Sa forme stylis\u00e9e et ses motifs d\u00e9coratifs rappellent la tradition artistique de Gaud\u00ed, ce qui en fait un souvenir id\u00e9al pour ceux qui souhaitent emporter un morceau de culture m\u00e9diterran\u00e9enne dans leur quotidien.<\/p>\n","protected":false},"featured_media":10982,"template":"","meta":{"_acf_changed":false},"product_brand":[],"product_cat":[607],"product_tag":[530],"class_list":{"0":"post-31248","1":"product","2":"type-product","3":"status-publish","4":"has-post-thumbnail","6":"product_cat-porte-cles","7":"product_tag-animaux","8":"pa_motivo-dauphins","10":"first","11":"instock","12":"shipping-taxable","13":"product-type-simple"},"acf":[],"_links":{"self":[{"href":"https:\/\/olemosaic.com\/fr\/wp-json\/wp\/v2\/product\/31248","targetHints":{"allow":["GET"]}}],"collection":[{"href":"https:\/\/olemosaic.com\/fr\/wp-json\/wp\/v2\/product"}],"about":[{"href":"https:\/\/olemosaic.com\/fr\/wp-json\/wp\/v2\/types\/product"}],"wp:featuredmedia":[{"embeddable":true,"href":"https:\/\/olemosaic.com\/fr\/wp-json\/wp\/v2\/media\/10982"}],"wp:attachment":[{"href":"https:\/\/olemosaic.com\/fr\/wp-json\/wp\/v2\/media?parent=31248"}],"wp:term":[{"taxonomy":"product_brand","embeddable":true,"href":"https:\/\/olemosaic.com\/fr\/wp-json\/wp\/v2\/product_brand?post=31248"},{"taxonomy":"product_cat","embeddable":true,"href":"https:\/\/olemosaic.com\/fr\/wp-json\/wp\/v2\/product_cat?post=31248"},{"taxonomy":"product_tag","embeddable":true,"href":"https:\/\/olemosaic.com\/fr\/wp-json\/wp\/v2\/product_tag?post=31248"}],"curies":[{"name":"wp","href":"https:\/\/api.w.org\/{rel}","templated":true}]}}