{"id":31247,"date":"2025-02-20T22:33:03","date_gmt":"2025-02-20T22:33:03","guid":{"rendered":"http:\/\/olemosaic.com\/producto\/llavero-de-madera-caballito-de-mar\/"},"modified":"2025-07-25T18:38:56","modified_gmt":"2025-07-25T16:38:56","slug":"porte-cles-en-bois-hippocampe","status":"publish","type":"product","link":"https:\/\/olemosaic.com\/fr\/produit\/porte-cles-en-bois-hippocampe\/","title":{"rendered":"Porte-cl\u00e9s en bois. Hippocampe."},"content":{"rendered":"<p>Ce porte-cl\u00e9s en bois en forme d&rsquo;hippocampe est un charmant souvenir qui rend hommage \u00e0 la riche culture m\u00e9diterran\u00e9enne et aux vibrantes traditions artistiques de l&rsquo;Espagne. Son design exclusif pr\u00e9sente une combinaison captivante de mosa\u00efques dans des tons bleus, rouges, verts et jaunes, \u00e9voquant l&rsquo;esth\u00e9tique des \u0153uvres impressionnantes d&rsquo;Antoni Gaud\u00ed. Chaque d\u00e9tail du motif artistique rappelle le trencad\u00eds, une technique qui utilise des fragments de c\u00e9ramique pour cr\u00e9er des pi\u00e8ces uniques et color\u00e9es, ce qui en fait un objet frappant et distinctif qui ne manquera pas de capter l&rsquo;attention.<\/p>\n<p>La figure de l&rsquo;hippocampe, symbole de la c\u00f4te espagnole, offre une connexion culturelle profonde, repr\u00e9sentant la diversit\u00e9 et la beaut\u00e9 de la vie marine qui entoure les c\u00f4tes ib\u00e9riques. Ce porte-cl\u00e9s n&rsquo;est pas seulement fonctionnel, c&rsquo;est aussi un souvenir vibrant et authentique de la M\u00e9diterran\u00e9e, id\u00e9al pour ceux qui recherchent des souvenirs de qualit\u00e9 capturant l&rsquo;essence de leur voyage.<\/p>\n<p>Chez Ol\u00e9 Mosaic, nous sommes sp\u00e9cialis\u00e9s dans la distribution de souvenirs en gros, et ce porte-cl\u00e9s hippocampe est une excellente id\u00e9e de cadeau pour les boutiques de souvenirs touristiques. Son design artisanal et authentique garantit que chaque pi\u00e8ce est un t\u00e9moignage du riche h\u00e9ritage culturel de la r\u00e9gion, offrant aux touristes un souvenir significatif et plein de vie. En tant que grossistes de porte-cl\u00e9s, nous veillons \u00e0 ce que chaque objet soit une expression d&rsquo;art et de tradition, parfait pour ceux qui recherchent un petit morceau d&rsquo;Espagne.<\/p>\n","protected":false},"excerpt":{"rendered":"<p>Porte-cl\u00e9s en bois en forme d&rsquo;hippocampe, inspir\u00e9 par la riche culture m\u00e9diterran\u00e9enne. Ce design exclusif pr\u00e9sente une combinaison color\u00e9e de mosa\u00efques dans des tons bleus, rouges, verts et jaunes, \u00e9voquant l&rsquo;esth\u00e9tique des \u0153uvres de Gaud\u00ed. \u00c9labor\u00e9e avec soin, chaque pi\u00e8ce pr\u00e9sente un motif artistique rappelant le trencad\u00eds, ajoutant une touche vibrante et distinctive. Id\u00e9al comme souvenir de la c\u00f4te espagnole.<\/p>\n","protected":false},"featured_media":10989,"template":"","meta":{"_acf_changed":false},"product_brand":[],"product_cat":[607],"product_tag":[530],"class_list":{"0":"post-31247","1":"product","2":"type-product","3":"status-publish","4":"has-post-thumbnail","6":"product_cat-porte-cles","7":"product_tag-animaux","8":"pa_motivo-hippocampes","10":"first","11":"instock","12":"shipping-taxable","13":"product-type-simple"},"acf":[],"_links":{"self":[{"href":"https:\/\/olemosaic.com\/fr\/wp-json\/wp\/v2\/product\/31247","targetHints":{"allow":["GET"]}}],"collection":[{"href":"https:\/\/olemosaic.com\/fr\/wp-json\/wp\/v2\/product"}],"about":[{"href":"https:\/\/olemosaic.com\/fr\/wp-json\/wp\/v2\/types\/product"}],"wp:featuredmedia":[{"embeddable":true,"href":"https:\/\/olemosaic.com\/fr\/wp-json\/wp\/v2\/media\/10989"}],"wp:attachment":[{"href":"https:\/\/olemosaic.com\/fr\/wp-json\/wp\/v2\/media?parent=31247"}],"wp:term":[{"taxonomy":"product_brand","embeddable":true,"href":"https:\/\/olemosaic.com\/fr\/wp-json\/wp\/v2\/product_brand?post=31247"},{"taxonomy":"product_cat","embeddable":true,"href":"https:\/\/olemosaic.com\/fr\/wp-json\/wp\/v2\/product_cat?post=31247"},{"taxonomy":"product_tag","embeddable":true,"href":"https:\/\/olemosaic.com\/fr\/wp-json\/wp\/v2\/product_tag?post=31247"}],"curies":[{"name":"wp","href":"https:\/\/api.w.org\/{rel}","templated":true}]}}