{"id":31231,"date":"2025-02-20T23:33:03","date_gmt":"2025-02-20T22:33:03","guid":{"rendered":"http:\/\/olemosaic.com\/producto\/llavero-de-madera-bulldog-3\/"},"modified":"2025-07-25T19:02:55","modified_gmt":"2025-07-25T17:02:55","slug":"porte-cles-en-bois-bouledogue-mosaique","status":"publish","type":"product","link":"https:\/\/olemosaic.com\/fr\/produit\/porte-cles-en-bois-bouledogue-mosaique\/","title":{"rendered":"Porte-cl\u00e9s en bois. Bouledogue. Mosa\u00efque."},"content":{"rendered":"<p>Ce porte-cl\u00e9s en bois en forme de bouledogue est une pi\u00e8ce unique qui fusionne l&rsquo;essence de l&rsquo;art catalan avec l&rsquo;esth\u00e9tique moderne, id\u00e9al comme souvenir de Barcelone. \u00c9labor\u00e9 avec pr\u00e9cision, son design vibrant et color\u00e9 pr\u00e9sente un attachant bouledogue orn\u00e9 d&rsquo;une mosa\u00efque inspir\u00e9e de l&rsquo;\u0153uvre du c\u00e9l\u00e8bre architecte Antoni Gaud\u00ed. Les tons brillants de rouge, bleu et vert se d\u00e9tachent sur la figure du chien, cr\u00e9ant un effet visuel dynamique qui \u00e9voque les mosa\u00efques aux couleurs intenses qui ornent la ville.<\/p>\n<p>Avec ses d\u00e9tails sinueux et ses formes stylis\u00e9es, ce porte-cl\u00e9s n&rsquo;est pas seulement fonctionnel, il capture \u00e9galement la cr\u00e9ativit\u00e9 et l&rsquo;innovation qui caract\u00e9risent la culture catalane. Son design moderne et attrayant en fait le souvenir parfait, tant pour les amoureux des chiens que pour les passionn\u00e9s d&rsquo;art. Ce porte-cl\u00e9s bouledogue est un symbole de la vie urbaine barcelonaise et repr\u00e9sente l&rsquo;esprit joyeux et vibrant de la ville.<\/p>\n<p>Chez Ol\u00e9 Mosaic, nous nous consacrons \u00e0 offrir des souvenirs authentiques en gros, en mettant en avant des articles qui refl\u00e8tent la richesse culturelle de l&rsquo;Espagne. Ce porte-cl\u00e9s est une excellente option pour les boutiques de cadeaux touristiques cherchant des articles qui connectent \u00e9motionnellement avec les visiteurs, offrant non seulement un objet pratique, mais aussi un souvenir significatif de leur exp\u00e9rience \u00e0 Barcelone. En tant que distributeurs de souvenirs, nous assurons la qualit\u00e9 et l&rsquo;originalit\u00e9 de chaque pi\u00e8ce, faisant de ce porte-cl\u00e9s un produit attrayant pour tout client.<\/p>\n","protected":false},"excerpt":{"rendered":"<p>Porte-cl\u00e9s en bois en forme de bouledogue, inspir\u00e9 du style mosa\u00efque de l&rsquo;art de Gaud\u00ed. Ce porte-cl\u00e9s attrayant pr\u00e9sente un design color\u00e9, avec des couleurs vibrantes comme le rouge, le bleu et le vert, incorporant un motif dynamique qui rappelle les c\u00e9l\u00e8bres mosa\u00efques de Barcelone. Les d\u00e9tails sinueux et les formes stylis\u00e9es apportent une touche artistique, en faisant un souvenir parfait de la cr\u00e9ativit\u00e9 catalane. Id\u00e9al pour les amoureux des chiens et de la culture espagnole.<\/p>\n","protected":false},"featured_media":10990,"template":"","meta":{"_acf_changed":false},"product_brand":[],"product_cat":[607],"product_tag":[],"class_list":{"0":"post-31231","1":"product","2":"type-product","3":"status-publish","4":"has-post-thumbnail","6":"product_cat-porte-cles","7":"pa_motivo-bulldogs","9":"first","10":"instock","11":"shipping-taxable","12":"product-type-simple"},"acf":[],"_links":{"self":[{"href":"https:\/\/olemosaic.com\/fr\/wp-json\/wp\/v2\/product\/31231","targetHints":{"allow":["GET"]}}],"collection":[{"href":"https:\/\/olemosaic.com\/fr\/wp-json\/wp\/v2\/product"}],"about":[{"href":"https:\/\/olemosaic.com\/fr\/wp-json\/wp\/v2\/types\/product"}],"wp:featuredmedia":[{"embeddable":true,"href":"https:\/\/olemosaic.com\/fr\/wp-json\/wp\/v2\/media\/10990"}],"wp:attachment":[{"href":"https:\/\/olemosaic.com\/fr\/wp-json\/wp\/v2\/media?parent=31231"}],"wp:term":[{"taxonomy":"product_brand","embeddable":true,"href":"https:\/\/olemosaic.com\/fr\/wp-json\/wp\/v2\/product_brand?post=31231"},{"taxonomy":"product_cat","embeddable":true,"href":"https:\/\/olemosaic.com\/fr\/wp-json\/wp\/v2\/product_cat?post=31231"},{"taxonomy":"product_tag","embeddable":true,"href":"https:\/\/olemosaic.com\/fr\/wp-json\/wp\/v2\/product_tag?post=31231"}],"curies":[{"name":"wp","href":"https:\/\/api.w.org\/{rel}","templated":true}]}}