{"id":31230,"date":"2025-02-20T23:33:03","date_gmt":"2025-02-20T22:33:03","guid":{"rendered":"http:\/\/olemosaic.com\/producto\/llavero-de-madera-bulldog-2\/"},"modified":"2025-07-25T19:36:11","modified_gmt":"2025-07-25T17:36:11","slug":"porte-cles-en-bois-bouledogue-azulejos","status":"publish","type":"product","link":"https:\/\/olemosaic.com\/fr\/produit\/porte-cles-en-bois-bouledogue-azulejos\/","title":{"rendered":"Porte-cl\u00e9s en bois. Bouledogue. Azulejos."},"content":{"rendered":"<p>Ce porte-cl\u00e9s en bois en forme de bouledogue est une pi\u00e8ce charmante qui fusionne l&rsquo;admiration pour les animaux avec la riche tradition artisanale espagnole. Son design stylis\u00e9 et ludique repr\u00e9sente un bouledogue orn\u00e9 de motifs vibrants d&rsquo;azulejos, \u00e9voquant l&rsquo;essence color\u00e9e de la c\u00e9ramique espagnole. Les tons bleus, oranges et jaunes pr\u00e9dominent, se d\u00e9tachant non seulement sur le porte-cl\u00e9s, mais rendant \u00e9galement hommage aux traditions d\u00e9coratives de diverses r\u00e9gions du pays. Cet accessoire attrayant n&rsquo;est pas seulement fonctionnel, il sert aussi de rappel affectueux de la connexion culturelle que l&rsquo;on appr\u00e9ciait autrefois dans les rues d&rsquo;Espagne, o\u00f9 les azulejos jouent un r\u00f4le fondamental dans l&rsquo;architecture et la d\u00e9coration.<\/p>\n<p>Le bouledogue, symbole de loyaut\u00e9 et d&rsquo;amiti\u00e9, devient un objet de collection parfait pour ceux qui appr\u00e9cient tant la faune que la culture espagnole. Ce porte-cl\u00e9s n&rsquo;est pas seulement un souvenir, mais une repr\u00e9sentation authentique de la joie et de la diversit\u00e9 qui caract\u00e9risent l&rsquo;Espagne, faisant en sorte que, chaque fois que vous le voyez, vous vous souveniez des moments et des lieux sp\u00e9ciaux de votre voyage. Chez Ol\u00e9 Mosaic, la distribution de souvenirs en gros est notre sp\u00e9cialit\u00e9, et ce porte-cl\u00e9s bouledogue est id\u00e9al pour les touristes et les boutiques de cadeaux cherchant \u00e0 offrir des produits authentiques et frappants qui refl\u00e8tent l&rsquo;esprit vibrant de l&rsquo;Espagne. C&rsquo;est, sans aucun doute, un cadeau parfait pour ceux qui souhaitent emporter avec eux un morceau de ce riche h\u00e9ritage culturel.<\/p>\n","protected":false},"excerpt":{"rendered":"<p>Porte-cl\u00e9s en bois en forme de bouledogue, d\u00e9cor\u00e9 de joyeux motifs d&rsquo;azulejos typiques. Ce porte-cl\u00e9s original se distingue par son design color\u00e9, o\u00f9 pr\u00e9dominent les tons bleus, oranges et jaunes, inspir\u00e9s de la riche tradition c\u00e9ramique espagnole. Le bouledogue, symbole de loyaut\u00e9 et d&rsquo;amiti\u00e9, est pr\u00e9sent\u00e9 avec un style stylis\u00e9 et ludique, en faisant un accessoire attrayant tant pour les amoureux des animaux que de la culture espagnole.<\/p>\n","protected":false},"featured_media":10966,"template":"","meta":{"_acf_changed":false},"product_brand":[],"product_cat":[607],"product_tag":[530],"class_list":{"0":"post-31230","1":"product","2":"type-product","3":"status-publish","4":"has-post-thumbnail","6":"product_cat-porte-cles","7":"product_tag-animaux","8":"pa_motivo-bulldogs","10":"first","11":"instock","12":"shipping-taxable","13":"product-type-simple"},"acf":[],"_links":{"self":[{"href":"https:\/\/olemosaic.com\/fr\/wp-json\/wp\/v2\/product\/31230","targetHints":{"allow":["GET"]}}],"collection":[{"href":"https:\/\/olemosaic.com\/fr\/wp-json\/wp\/v2\/product"}],"about":[{"href":"https:\/\/olemosaic.com\/fr\/wp-json\/wp\/v2\/types\/product"}],"wp:featuredmedia":[{"embeddable":true,"href":"https:\/\/olemosaic.com\/fr\/wp-json\/wp\/v2\/media\/10966"}],"wp:attachment":[{"href":"https:\/\/olemosaic.com\/fr\/wp-json\/wp\/v2\/media?parent=31230"}],"wp:term":[{"taxonomy":"product_brand","embeddable":true,"href":"https:\/\/olemosaic.com\/fr\/wp-json\/wp\/v2\/product_brand?post=31230"},{"taxonomy":"product_cat","embeddable":true,"href":"https:\/\/olemosaic.com\/fr\/wp-json\/wp\/v2\/product_cat?post=31230"},{"taxonomy":"product_tag","embeddable":true,"href":"https:\/\/olemosaic.com\/fr\/wp-json\/wp\/v2\/product_tag?post=31230"}],"curies":[{"name":"wp","href":"https:\/\/api.w.org\/{rel}","templated":true}]}}