{"id":31229,"date":"2025-02-20T23:33:03","date_gmt":"2025-02-20T22:33:03","guid":{"rendered":"http:\/\/olemosaic.com\/producto\/llavero-de-madera-salamandra\/"},"modified":"2025-07-25T18:48:49","modified_gmt":"2025-07-25T16:48:49","slug":"porte-cles-en-bois-salamandre","status":"publish","type":"product","link":"https:\/\/olemosaic.com\/fr\/produit\/porte-cles-en-bois-salamandre\/","title":{"rendered":"Porte-cl\u00e9s en bois. Salamandre."},"content":{"rendered":"<p>Ce porte-cl\u00e9s en bois au design de salamandre est un v\u00e9ritable hommage \u00e0 la ma\u00eetrise artistique d&rsquo;Antoni Gaud\u00ed, architecte embl\u00e9matique de Barcelone. Inspir\u00e9 par la c\u00e9l\u00e8bre mosa\u00efque du Parc G\u00fcell, ce porte-cl\u00e9s attrayant capture l&rsquo;essence du modernisme catalan \u00e0 travers une repr\u00e9sentation color\u00e9e de la salamandre, affichant des nuances vives de rouge, jaune, bleu et vert. Chaque couleur s&rsquo;int\u00e8gre harmonieusement, \u00e9voquant la vitalit\u00e9 et la cr\u00e9ativit\u00e9 du style gaudinien.<\/p>\n<p>Fabriqu\u00e9 en bois de haute qualit\u00e9, son design se distingue par les formes fluides et \u00e9l\u00e9gantes qui caract\u00e9risent les \u0153uvres de Gaud\u00ed, dont les structures s&rsquo;entrelacent organiquement avec l&rsquo;environnement. La finition du porte-cl\u00e9s refl\u00e8te l&rsquo;esth\u00e9tique vibrante et ludique que ce ma\u00eetre de l&rsquo;art a mise en \u0153uvre dans son travail, transformant un objet quotidien en une pi\u00e8ce d&rsquo;art portable. Ce porte-cl\u00e9s n&rsquo;est pas seulement un accessoire pratique, mais sert \u00e9galement de souvenir iconique de Barcelone, id\u00e9al pour les touristes souhaitant emporter avec eux un morceau de la riche culture catalane.<\/p>\n<p>Chez Ol\u00e9 Mosaic, nous nous sp\u00e9cialisons dans la distribution de souvenirs en gros, et ce porte-cl\u00e9s salamandre est une excellente option pour les boutiques de cadeaux touristiques, soulignant son authenticit\u00e9 et sa pertinence culturelle. Ce souvenir barcelonais n&rsquo;est pas seulement attrayant, il repr\u00e9sente un h\u00e9ritage artistique d&rsquo;une valeur inestimable, \u00e9tant le compl\u00e9ment parfait pour toute collection de souvenirs.<\/p>\n","protected":false},"excerpt":{"rendered":"<p>Porte-cl\u00e9s en bois au design de salamandre, inspir\u00e9 de la c\u00e9l\u00e8bre mosa\u00efque de Gaud\u00ed. Ce porte-cl\u00e9s attrayant pr\u00e9sente une repr\u00e9sentation color\u00e9e de la salamandre, avec des d\u00e9tails en rouge, jaune, bleu et vert, \u00e9voquant le caract\u00e8re artistique de l&rsquo;architecture moderniste barcelonaise. Fabriqu\u00e9 en bois de haute qualit\u00e9, son design se distingue par des formes fluides et une finition qui refl\u00e8te le style vibrant de l&rsquo;\u0153uvre de Gaud\u00ed. Un souvenir parfait pour emporter avec soi un morceau d&rsquo;art catalan.<\/p>\n","protected":false},"featured_media":10985,"template":"","meta":{"_acf_changed":false},"product_brand":[],"product_cat":[607],"product_tag":[530],"class_list":{"0":"post-31229","1":"product","2":"type-product","3":"status-publish","4":"has-post-thumbnail","6":"product_cat-porte-cles","7":"product_tag-animaux","8":"pa_motivo-salamandres","10":"first","11":"instock","12":"shipping-taxable","13":"product-type-simple"},"acf":[],"_links":{"self":[{"href":"https:\/\/olemosaic.com\/fr\/wp-json\/wp\/v2\/product\/31229","targetHints":{"allow":["GET"]}}],"collection":[{"href":"https:\/\/olemosaic.com\/fr\/wp-json\/wp\/v2\/product"}],"about":[{"href":"https:\/\/olemosaic.com\/fr\/wp-json\/wp\/v2\/types\/product"}],"wp:featuredmedia":[{"embeddable":true,"href":"https:\/\/olemosaic.com\/fr\/wp-json\/wp\/v2\/media\/10985"}],"wp:attachment":[{"href":"https:\/\/olemosaic.com\/fr\/wp-json\/wp\/v2\/media?parent=31229"}],"wp:term":[{"taxonomy":"product_brand","embeddable":true,"href":"https:\/\/olemosaic.com\/fr\/wp-json\/wp\/v2\/product_brand?post=31229"},{"taxonomy":"product_cat","embeddable":true,"href":"https:\/\/olemosaic.com\/fr\/wp-json\/wp\/v2\/product_cat?post=31229"},{"taxonomy":"product_tag","embeddable":true,"href":"https:\/\/olemosaic.com\/fr\/wp-json\/wp\/v2\/product_tag?post=31229"}],"curies":[{"name":"wp","href":"https:\/\/api.w.org\/{rel}","templated":true}]}}