{"id":31227,"date":"2025-02-20T22:33:03","date_gmt":"2025-02-20T22:33:03","guid":{"rendered":"http:\/\/olemosaic.com\/producto\/llavero-de-madera-camino-de-santiago\/"},"modified":"2025-07-25T18:38:56","modified_gmt":"2025-07-25T16:38:56","slug":"porte-cles-en-bois-chemin-de-compostelle","status":"publish","type":"product","link":"https:\/\/olemosaic.com\/fr\/produit\/porte-cles-en-bois-chemin-de-compostelle\/","title":{"rendered":"Porte-cl\u00e9s en bois. Chemin de Compostelle."},"content":{"rendered":"<p>Ce porte-cl\u00e9s en bois color\u00e9 rend hommage \u00e0 l&#8217;embl\u00e9matique Chemin de Compostelle, un profond symbole de p\u00e8lerinage spirituel et culturel en Espagne. Son design captivant pr\u00e9sente une riche illustration avec des \u00e9l\u00e9ments iconiques tels que la coquille du p\u00e8lerin, un sac \u00e0 dos et divers symboles repr\u00e9sentatifs du chemin, le tout dans un style vibrant qui attire le regard. L&rsquo;inscription \u00ab\u00a0CAMINO DE SANTIAGO\u00a0\u00bb se distingue par des lettres multicolores, refl\u00e9tant la diversit\u00e9 et la vie du parcours qui attire des p\u00e8lerins du monde entier depuis des si\u00e8cles.<\/p>\n<p>Ce porte-cl\u00e9s n&rsquo;est pas seulement un accessoire pratique, mais aussi un cadeau significatif qui capture l&rsquo;essence d&rsquo;une exp\u00e9rience transcendantale. La coquille, symbole traditionnel du chemin, et l&rsquo;image du sac \u00e0 dos \u00e9voquent des souvenirs des journ\u00e9es v\u00e9cues et de la beaut\u00e9 des paysages espagnols que les p\u00e8lerins parcourent lors de leur voyage vers Saint-Jacques-de-Compostelle.<\/p>\n<p>Chez Ol\u00e9 Mosaic, nous nous sp\u00e9cialisons dans la distribution de souvenirs en gros, et ce porte-cl\u00e9s est une magnifique option pour les boutiques de cadeaux touristiques cherchant \u00e0 offrir des produits authentiques et pertinents. C&rsquo;est un souvenir id\u00e9al du Chemin de Compostelle, offrant aux touristes un moyen tangible de se souvenir de leur travers\u00e9e et de la connexion culturelle avec cette route historique. En tant que grossiste de porte-cl\u00e9s, nous garantissons la qualit\u00e9 et l&rsquo;authenticit\u00e9 de chaque pi\u00e8ce, en faisant un excellent souvenir qui c\u00e9l\u00e8bre la riche tradition espagnole.<\/p>\n","protected":false},"excerpt":{"rendered":"<p>Porte-cl\u00e9s en bois color\u00e9 en hommage au Chemin de Compostelle. Ce porte-cl\u00e9s attrayant pr\u00e9sente une illustration vari\u00e9e avec des \u00e9l\u00e9ments iconiques, tels que la coquille du p\u00e8lerin, un sac \u00e0 dos et des symboles du chemin, le tout avec un design vibrant. L&rsquo;inscription \u00ab\u00a0CAMINO DE SANTIAGO\u00a0\u00bb se distingue par des lettres multicolores, capturant l&rsquo;essence de cette route de p\u00e8lerinage classique. Un souvenir id\u00e9al pour \u00e9voquer cette exp\u00e9rience spirituelle et culturelle en Espagne.<\/p>\n","protected":false},"featured_media":10800,"template":"","meta":{"_acf_changed":false},"product_brand":[],"product_cat":[607],"product_tag":[],"class_list":{"0":"post-31227","1":"product","2":"type-product","3":"status-publish","4":"has-post-thumbnail","6":"product_cat-porte-cles","7":"pa_ciudad-santiago-de-compostela","8":"pa_pais-espana","10":"first","11":"instock","12":"shipping-taxable","13":"product-type-simple"},"acf":[],"_links":{"self":[{"href":"https:\/\/olemosaic.com\/fr\/wp-json\/wp\/v2\/product\/31227","targetHints":{"allow":["GET"]}}],"collection":[{"href":"https:\/\/olemosaic.com\/fr\/wp-json\/wp\/v2\/product"}],"about":[{"href":"https:\/\/olemosaic.com\/fr\/wp-json\/wp\/v2\/types\/product"}],"wp:featuredmedia":[{"embeddable":true,"href":"https:\/\/olemosaic.com\/fr\/wp-json\/wp\/v2\/media\/10800"}],"wp:attachment":[{"href":"https:\/\/olemosaic.com\/fr\/wp-json\/wp\/v2\/media?parent=31227"}],"wp:term":[{"taxonomy":"product_brand","embeddable":true,"href":"https:\/\/olemosaic.com\/fr\/wp-json\/wp\/v2\/product_brand?post=31227"},{"taxonomy":"product_cat","embeddable":true,"href":"https:\/\/olemosaic.com\/fr\/wp-json\/wp\/v2\/product_cat?post=31227"},{"taxonomy":"product_tag","embeddable":true,"href":"https:\/\/olemosaic.com\/fr\/wp-json\/wp\/v2\/product_tag?post=31227"}],"curies":[{"name":"wp","href":"https:\/\/api.w.org\/{rel}","templated":true}]}}