{"id":31215,"date":"2025-02-20T22:33:02","date_gmt":"2025-02-20T22:33:02","guid":{"rendered":"http:\/\/olemosaic.com\/producto\/llavero-de-madera-letra-h-mosaico\/"},"modified":"2025-07-25T18:47:12","modified_gmt":"2025-07-25T16:47:12","slug":"porte-cles-en-bois-lettre-h-mosaique","status":"publish","type":"product","link":"https:\/\/olemosaic.com\/fr\/produit\/porte-cles-en-bois-lettre-h-mosaique\/","title":{"rendered":"Porte-cl\u00e9s en bois. Lettre H. Mosa\u00efque."},"content":{"rendered":"<p>Ce porte-cl\u00e9s en bois frappant en forme de lettre \u00ab\u00a0H\u00a0\u00bb est un hommage vibrant \u00e0 la tradition des mosa\u00efques espagnoles. Avec un design pr\u00e9sentant une palette de couleurs attrayante, ce porte-cl\u00e9s capture l&rsquo;essence des mosa\u00efques, symboles iconiques de l&rsquo;art et de la culture de l&rsquo;Espagne. Chaque fragment de couleur, des bleus frais aux roses et jaunes chauds, forme une composition unique qui non seulement souligne l&rsquo;individualit\u00e9 du produit, mais c\u00e9l\u00e8bre \u00e9galement le riche h\u00e9ritage artistique qui caract\u00e9rise de nombreuses r\u00e9gions espagnoles, particuli\u00e8rement l&rsquo;Andalousie.<\/p>\n<p>La forme distinctive de la lettre \u00ab\u00a0H\u00a0\u00bb ajoute une touche personnelle et amusante, faisant de ce porte-cl\u00e9s non seulement un accessoire pratique, mais aussi un souvenir qui permet aux touristes de ramener un petit morceau d&rsquo;Espagne chez eux. Son design artisanal garantit que chaque pi\u00e8ce est unique, refl\u00e9tant le travail m\u00e9ticuleux et le d\u00e9vouement investis dans sa cr\u00e9ation. Ce porte-cl\u00e9s est id\u00e9al pour ceux qui recherchent un cadeau significatif repr\u00e9sentant la culture locale et l&rsquo;identit\u00e9 espagnole.<\/p>\n<p>Chez Ol\u00e9 Mosaic, sp\u00e9cialistes des souvenirs en gros, nous proposons des produits qui se distinguent par leur authenticit\u00e9 et leur qualit\u00e9. Ce porte-cl\u00e9s en mosa\u00efque est une option parfaite pour les boutiques de cadeaux touristiques qui souhaitent proposer des pi\u00e8ces non seulement esth\u00e9tiquement plaisantes, mais aussi culturellement pertinentes.<\/p>\n","protected":false},"excerpt":{"rendered":"<p>Porte-cl\u00e9s en bois en forme de lettre H, d\u00e9cor\u00e9 d&rsquo;un design de mosa\u00efque vibrant. Ce porte-cl\u00e9s color\u00e9 int\u00e8gre une vari\u00e9t\u00e9 de tonalit\u00e9s rappelant les mosa\u00efques traditionnelles, soulignant son individualit\u00e9 et son artisanat. Id\u00e9al pour personnaliser vos cl\u00e9s, ce souvenir est une excellente repr\u00e9sentation de la riche culture et de l&rsquo;art espagnols, devenant un cadeau attrayant et unique qui en capture l&rsquo;essence.<\/p>\n","protected":false},"featured_media":10758,"template":"","meta":{"_acf_changed":false},"product_brand":[],"product_cat":[607],"product_tag":[614],"class_list":{"0":"post-31215","1":"product","2":"type-product","3":"status-publish","4":"has-post-thumbnail","6":"product_cat-porte-cles","7":"product_tag-lettres","8":"pa_motivo-lettre-h","10":"first","11":"instock","12":"shipping-taxable","13":"product-type-simple"},"acf":[],"_links":{"self":[{"href":"https:\/\/olemosaic.com\/fr\/wp-json\/wp\/v2\/product\/31215","targetHints":{"allow":["GET"]}}],"collection":[{"href":"https:\/\/olemosaic.com\/fr\/wp-json\/wp\/v2\/product"}],"about":[{"href":"https:\/\/olemosaic.com\/fr\/wp-json\/wp\/v2\/types\/product"}],"wp:featuredmedia":[{"embeddable":true,"href":"https:\/\/olemosaic.com\/fr\/wp-json\/wp\/v2\/media\/10758"}],"wp:attachment":[{"href":"https:\/\/olemosaic.com\/fr\/wp-json\/wp\/v2\/media?parent=31215"}],"wp:term":[{"taxonomy":"product_brand","embeddable":true,"href":"https:\/\/olemosaic.com\/fr\/wp-json\/wp\/v2\/product_brand?post=31215"},{"taxonomy":"product_cat","embeddable":true,"href":"https:\/\/olemosaic.com\/fr\/wp-json\/wp\/v2\/product_cat?post=31215"},{"taxonomy":"product_tag","embeddable":true,"href":"https:\/\/olemosaic.com\/fr\/wp-json\/wp\/v2\/product_tag?post=31215"}],"curies":[{"name":"wp","href":"https:\/\/api.w.org\/{rel}","templated":true}]}}