{"id":31214,"date":"2025-02-20T22:33:02","date_gmt":"2025-02-20T22:33:02","guid":{"rendered":"http:\/\/olemosaic.com\/producto\/llavero-de-madera-letra-c-mosaico\/"},"modified":"2025-07-25T18:35:37","modified_gmt":"2025-07-25T16:35:37","slug":"porte-cles-en-bois-lettre-c-mosaique","status":"publish","type":"product","link":"https:\/\/olemosaic.com\/fr\/produit\/porte-cles-en-bois-lettre-c-mosaique\/","title":{"rendered":"Porte-cl\u00e9s en bois. Lettre C. Mosa\u00efque."},"content":{"rendered":"<p>Ce porte-cl\u00e9s en bois frappant en forme de lettre \u00ab\u00a0C\u00a0\u00bb est une pi\u00e8ce unique qui fusionne fonctionnalit\u00e9 et art, se distinguant comme un authentique souvenir du riche h\u00e9ritage culturel espagnol. D\u00e9cor\u00e9 d&rsquo;un design de mosa\u00efque vibrant, le porte-cl\u00e9s pr\u00e9sente une palette de couleurs dynamique, avec du rouge, du bleu, du vert et du jaune, \u00e9voquant le style architectural traditionnel pr\u00e9sent dans les places et les b\u00e2timents embl\u00e9matiques du pays, comme les \u0153uvres de Gaud\u00ed \u00e0 Barcelone. La technique de mosa\u00efque employ\u00e9e souligne le savoir-faire et la cr\u00e9ativit\u00e9 des artisans espagnols, transformant ce porte-cl\u00e9s en un symbole de la fusion entre l&rsquo;artisanat et l&rsquo;art contemporain.<\/p>\n<p>Avec des dimensions id\u00e9ales pour \u00eatre emport\u00e9 partout, ce porte-cl\u00e9s n&rsquo;est pas seulement un accessoire pratique pour les cl\u00e9s, mais aussi un rappel constant de vos voyages et exp\u00e9riences en Espagne. Son design multicolore, en plus d&rsquo;\u00eatre attrayant, refl\u00e8te la diversit\u00e9 culturelle et artistique du pays, ce qui en fait un excellent cadeau pour les touristes et un ajout pr\u00e9cieux pour toute boutique de souvenirs. Chez Ol\u00e9 Mosaic, nous distribuons ce porte-cl\u00e9s original en bois en gros, garantissant l&rsquo;authenticit\u00e9 et la qualit\u00e9 de chaque pi\u00e8ce. C&rsquo;est le choix parfait pour ceux qui recherchent un souvenir repr\u00e9sentatif et dot\u00e9 d&rsquo;une signification culturelle.<\/p>\n","protected":false},"excerpt":{"rendered":"<p>Porte-cl\u00e9s en bois en forme de lettre \u00ab\u00a0C\u00a0\u00bb, d\u00e9cor\u00e9 d&rsquo;un design de mosa\u00efque vibrant. Ce porte-cl\u00e9s attrayant pr\u00e9sente une palette de couleurs comprenant le rouge, le bleu, le vert et le jaune, \u00e9voquant le style architectural traditionnel espagnol. Parfait comme souvenir, il se distingue par sa technique de mosa\u00efque multicolore qui met en valeur l&rsquo;art et la culture de l&rsquo;Espagne, offrant une pi\u00e8ce unique et fonctionnelle pour porter ses cl\u00e9s avec style.<\/p>\n","protected":false},"featured_media":10753,"template":"","meta":{"_acf_changed":false},"product_brand":[],"product_cat":[607],"product_tag":[614],"class_list":{"0":"post-31214","1":"product","2":"type-product","3":"status-publish","4":"has-post-thumbnail","6":"product_cat-porte-cles","7":"product_tag-lettres","8":"pa_motivo-lettre-c","10":"first","11":"instock","12":"shipping-taxable","13":"product-type-simple"},"acf":[],"_links":{"self":[{"href":"https:\/\/olemosaic.com\/fr\/wp-json\/wp\/v2\/product\/31214","targetHints":{"allow":["GET"]}}],"collection":[{"href":"https:\/\/olemosaic.com\/fr\/wp-json\/wp\/v2\/product"}],"about":[{"href":"https:\/\/olemosaic.com\/fr\/wp-json\/wp\/v2\/types\/product"}],"wp:featuredmedia":[{"embeddable":true,"href":"https:\/\/olemosaic.com\/fr\/wp-json\/wp\/v2\/media\/10753"}],"wp:attachment":[{"href":"https:\/\/olemosaic.com\/fr\/wp-json\/wp\/v2\/media?parent=31214"}],"wp:term":[{"taxonomy":"product_brand","embeddable":true,"href":"https:\/\/olemosaic.com\/fr\/wp-json\/wp\/v2\/product_brand?post=31214"},{"taxonomy":"product_cat","embeddable":true,"href":"https:\/\/olemosaic.com\/fr\/wp-json\/wp\/v2\/product_cat?post=31214"},{"taxonomy":"product_tag","embeddable":true,"href":"https:\/\/olemosaic.com\/fr\/wp-json\/wp\/v2\/product_tag?post=31214"}],"curies":[{"name":"wp","href":"https:\/\/api.w.org\/{rel}","templated":true}]}}