{"id":31213,"date":"2025-02-20T23:33:02","date_gmt":"2025-02-20T22:33:02","guid":{"rendered":"http:\/\/olemosaic.com\/producto\/llavero-de-madera-letra-z\/"},"modified":"2025-07-25T18:52:10","modified_gmt":"2025-07-25T16:52:10","slug":"porte-cles-en-bois-lettre-z","status":"publish","type":"product","link":"https:\/\/olemosaic.com\/fr\/produit\/porte-cles-en-bois-lettre-z\/","title":{"rendered":"Porte-cl\u00e9s en bois. Lettre Z."},"content":{"rendered":"<p>Ce porte-cl\u00e9s en bois frappant en forme de lettre &lsquo;Z&rsquo; est un souvenir unique qui capture l&rsquo;essence vibrante de l&rsquo;architecture espagnole, \u00e9voquant particuli\u00e8rement les magnifiques mosa\u00efques qui ornent nombre de ses monuments. Le porte-cl\u00e9s se distingue par son design color\u00e9, avec des tons intenses de rouge, bleu, vert et jaune entrelac\u00e9s dans un motif dynamique rappelant la c\u00e9ramique traditionnelle. Son fond noir fait ressortir la forme de la &lsquo;Z&rsquo;, faisant de cet article plus qu&rsquo;un simple objet fonctionnel ; c&rsquo;est une pi\u00e8ce artistique qui ajoute une touche de couleur et de personnalit\u00e9 \u00e0 vos cl\u00e9s.<\/p>\n<p>Avec une finition qui d\u00e9montre un artisanat de qualit\u00e9, ce porte-cl\u00e9s repr\u00e9sente une connexion culturelle significative avec l&rsquo;Espagne et ses traditions artistiques. Les mosa\u00efques sont un symbole du patrimoine artistique espagnol, pr\u00e9sentes dans beaucoup de ses constructions embl\u00e9matiques, du modernisme catalan aux \u0153uvres de l&rsquo;Alhambra. Ce porte-cl\u00e9s est donc un excellent souvenir pour les touristes qui souhaitent ramener chez eux un petit morceau de cette riche culture.<\/p>\n<p>Chez Ol\u00e9 Mosaic, nous sommes distributeurs de souvenirs en gros et ce porte-cl\u00e9s en bois n&rsquo;est pas seulement un excellent cadeau, mais il permet \u00e9galement de personnaliser les cl\u00e9s de mani\u00e8re unique. C&rsquo;est un choix id\u00e9al pour les boutiques de cadeaux touristiques cherchant \u00e0 offrir \u00e0 leurs clients des souvenirs authentiques et color\u00e9s. Avec son design attrayant et sa pertinence culturelle, ce porte-cl\u00e9s avec la lettre &lsquo;Z&rsquo; est un choix parfait pour ceux qui recherchent des souvenirs de qualit\u00e9 repr\u00e9sentant la beaut\u00e9 de la tradition espagnole.<\/p>\n","protected":false},"excerpt":{"rendered":"<p>Porte-cl\u00e9s en bois en forme de lettre &lsquo;Z&rsquo;, d\u00e9cor\u00e9 d&rsquo;un design de mosa\u00efque vibrant. Ce souvenir attrayant pr\u00e9sente une palette de couleurs vives, avec des tons rouges, bleus, verts et jaunes qui \u00e9voquent les mosa\u00efques embl\u00e9matiques de l&rsquo;architecture espagnole. La pi\u00e8ce poss\u00e8de un fond noir qui fait ressortir la forme de la lettre. Id\u00e9al pour personnaliser vos cl\u00e9s ou comme cadeau, ce porte-cl\u00e9s allie fonctionnalit\u00e9 et art.<\/p>\n","protected":false},"featured_media":10945,"template":"","meta":{"_acf_changed":false},"product_brand":[],"product_cat":[607],"product_tag":[614],"class_list":{"0":"post-31213","1":"product","2":"type-product","3":"status-publish","4":"has-post-thumbnail","6":"product_cat-porte-cles","7":"product_tag-lettres","8":"pa_motivo-lettre-z","10":"first","11":"instock","12":"shipping-taxable","13":"product-type-simple"},"acf":[],"_links":{"self":[{"href":"https:\/\/olemosaic.com\/fr\/wp-json\/wp\/v2\/product\/31213","targetHints":{"allow":["GET"]}}],"collection":[{"href":"https:\/\/olemosaic.com\/fr\/wp-json\/wp\/v2\/product"}],"about":[{"href":"https:\/\/olemosaic.com\/fr\/wp-json\/wp\/v2\/types\/product"}],"wp:featuredmedia":[{"embeddable":true,"href":"https:\/\/olemosaic.com\/fr\/wp-json\/wp\/v2\/media\/10945"}],"wp:attachment":[{"href":"https:\/\/olemosaic.com\/fr\/wp-json\/wp\/v2\/media?parent=31213"}],"wp:term":[{"taxonomy":"product_brand","embeddable":true,"href":"https:\/\/olemosaic.com\/fr\/wp-json\/wp\/v2\/product_brand?post=31213"},{"taxonomy":"product_cat","embeddable":true,"href":"https:\/\/olemosaic.com\/fr\/wp-json\/wp\/v2\/product_cat?post=31213"},{"taxonomy":"product_tag","embeddable":true,"href":"https:\/\/olemosaic.com\/fr\/wp-json\/wp\/v2\/product_tag?post=31213"}],"curies":[{"name":"wp","href":"https:\/\/api.w.org\/{rel}","templated":true}]}}