{"id":31211,"date":"2025-02-20T23:33:02","date_gmt":"2025-02-20T22:33:02","guid":{"rendered":"http:\/\/olemosaic.com\/producto\/4-bols-de-coco-de-13-x-6-cm-caballito-de-mar-mallorca-3\/"},"modified":"2025-07-25T19:39:36","modified_gmt":"2025-07-25T17:39:36","slug":"4-bols-en-noix-de-coco-13-x-6-cm-hippocampe-majorque-3","status":"publish","type":"product","link":"https:\/\/olemosaic.com\/fr\/produit\/4-bols-en-noix-de-coco-13-x-6-cm-hippocampe-majorque-3\/","title":{"rendered":"4 Bols en noix de coco de 13 x 6 cm. Hippocampe. \u00cele. Majorque."},"content":{"rendered":"<p>Cet ensemble de quatre bols en noix de coco, chacun ayant un diam\u00e8tre de 13 cm et une hauteur de 6 cm, est d\u00e9cor\u00e9 de motifs d&rsquo;hippocampes, repr\u00e9sentations embl\u00e9matiques de l&rsquo;\u00eele de Majorque. Chaque bol pr\u00e9sente un design unique, avec des mosa\u00efques vibrantes dans des tons bleus, jaunes et floraux qui \u00e9voquent la splendide beaut\u00e9 de la mer M\u00e9diterran\u00e9e, cr\u00e9ant une connexion visuelle imm\u00e9diate avec l&rsquo;environnement naturel de l&rsquo;\u00eele. Les d\u00e9tails m\u00e9talliques sur la figure de l&rsquo;hippocampe et le texte \u00ab\u00a0Mallorca\u00a0\u00bb ajoutent une touche distinctive et \u00e9l\u00e9gante \u00e0 chaque pi\u00e8ce, soulignant son authenticit\u00e9 en tant que souvenir de cette r\u00e9gion.<\/p>\n<p>Ces bols en noix de coco ne sont pas seulement id\u00e9aux pour servir des ap\u00e9ritifs lors de r\u00e9unions et de c\u00e9l\u00e9brations, ils fonctionnent \u00e9galement comme des \u00e9l\u00e9ments d\u00e9coratifs qui apportent un style insulaire captivant \u00e0 n&rsquo;importe quelle maison. La combinaison de fonctionnalit\u00e9 et d&rsquo;esth\u00e9tique en fait des souvenirs parfaits pour les touristes qui cherchent \u00e0 emporter avec eux un morceau de la culture majorquine. Chez Ol\u00e9 Mosaic, nous sommes sp\u00e9cialistes de la distribution de souvenirs en gros, proposant des produits authentiques qui soulignent la richesse culturelle de l&rsquo;Espagne. Cet ensemble de bols en noix de coco est une option exceptionnelle pour les boutiques de cadeaux touristiques qui cherchent \u00e0 offrir des souvenirs alliant qualit\u00e9 et tradition.<\/p>\n","protected":false},"excerpt":{"rendered":"<p>Bols en noix de coco de 13 x 6 cm, d\u00e9cor\u00e9s de motifs d&rsquo;hippocampes, un symbole embl\u00e9matique de Majorque. Chaque bol pr\u00e9sente un design unique, avec des mosa\u00efques color\u00e9es dans des tons bleus, jaunes et floraux qui \u00e9voquent la beaut\u00e9 de la mer M\u00e9diterran\u00e9e. Les d\u00e9tails m\u00e9talliques de l&rsquo;hippocampe et l&rsquo;inscription \u00ab\u00a0Mallorca\u00a0\u00bb ajoutent une touche distinctive \u00e0 chaque pi\u00e8ce. Id\u00e9aux pour servir des ap\u00e9ritifs ou comme \u00e9l\u00e9ments d\u00e9coratifs, ils allient fonctionnalit\u00e9 et un style insulaire attrayant.<\/p>\n","protected":false},"featured_media":10701,"template":"","meta":{"_acf_changed":false},"product_brand":[],"product_cat":[521],"product_tag":[530],"class_list":{"0":"post-31211","1":"product","2":"type-product","3":"status-publish","4":"has-post-thumbnail","6":"product_cat-bols","7":"product_tag-animaux","8":"pa_ciudad-mallorca","9":"pa_motivo-hippocampes","10":"pa_pais-espana","12":"first","13":"instock","14":"shipping-taxable","15":"product-type-simple"},"acf":[],"_links":{"self":[{"href":"https:\/\/olemosaic.com\/fr\/wp-json\/wp\/v2\/product\/31211","targetHints":{"allow":["GET"]}}],"collection":[{"href":"https:\/\/olemosaic.com\/fr\/wp-json\/wp\/v2\/product"}],"about":[{"href":"https:\/\/olemosaic.com\/fr\/wp-json\/wp\/v2\/types\/product"}],"wp:featuredmedia":[{"embeddable":true,"href":"https:\/\/olemosaic.com\/fr\/wp-json\/wp\/v2\/media\/10701"}],"wp:attachment":[{"href":"https:\/\/olemosaic.com\/fr\/wp-json\/wp\/v2\/media?parent=31211"}],"wp:term":[{"taxonomy":"product_brand","embeddable":true,"href":"https:\/\/olemosaic.com\/fr\/wp-json\/wp\/v2\/product_brand?post=31211"},{"taxonomy":"product_cat","embeddable":true,"href":"https:\/\/olemosaic.com\/fr\/wp-json\/wp\/v2\/product_cat?post=31211"},{"taxonomy":"product_tag","embeddable":true,"href":"https:\/\/olemosaic.com\/fr\/wp-json\/wp\/v2\/product_tag?post=31211"}],"curies":[{"name":"wp","href":"https:\/\/api.w.org\/{rel}","templated":true}]}}