{"id":31210,"date":"2025-02-20T23:33:02","date_gmt":"2025-02-20T22:33:02","guid":{"rendered":"http:\/\/olemosaic.com\/producto\/4-bols-de-coco-de-13-x-6-cm-tortuga-barcelona-2\/"},"modified":"2025-07-25T20:21:21","modified_gmt":"2025-07-25T18:21:21","slug":"4-bols-en-noix-de-coco-13-x-6-cm-tortue-barcelone-2","status":"publish","type":"product","link":"https:\/\/olemosaic.com\/fr\/produit\/4-bols-en-noix-de-coco-13-x-6-cm-tortue-barcelone-2\/","title":{"rendered":"4 Bols en noix de coco de 13 x 6 cm. Faune marine. Tortue. Barcelone."},"content":{"rendered":"<p>Cet ensemble de 4 bols en noix de coco, inspir\u00e9s par la faune marine de Barcelone, est une pi\u00e8ce unique qui fusionne fonctionnalit\u00e9 et art. Chaque bol, de 13 x 6 cm, a \u00e9t\u00e9 m\u00e9ticuleusement fabriqu\u00e9 \u00e0 la main, ce qui garantit un design tr\u00e8s sp\u00e9cial et exclusif. Les finitions color\u00e9es, dans des tons vibrants de bleu, orange, dor\u00e9 et rouge, cr\u00e9ent un spectacle visuel o\u00f9 se d\u00e9tachent les motifs de tortues, \u00e9voquant la riche vie marine de la c\u00f4te barcelonaise. La technique de peinture souligne la texture naturelle de la noix de coco, offrant une finition attrayante et tactilement int\u00e9ressante qui favorise une connexion plus profonde avec le produit.<\/p>\n<p>Ces bols sont id\u00e9aux aussi bien pour servir des ap\u00e9ritifs lors de r\u00e9unions et de f\u00eates que pour d\u00e9corer n&rsquo;importe quelle maison, apportant un petit morceau de la vibrante culture catalane \u00e0 la vie quotidienne. En tant que souvenirs de Barcelone, ils repr\u00e9sentent une connexion culturelle inestimable, rappelant \u00e0 ceux qui les utilisent les belles plages et la vie marine qui caract\u00e9risent cette ville m\u00e9diterran\u00e9enne. Chez Ol\u00e9 Mosaic, nous sommes fiers de proposer ces bols exclusifs en noix de coco en gros, parfaits pour les boutiques de cadeaux touristiques \u00e0 la recherche de souvenirs authentiques qui soulignent la beaut\u00e9 et la singularit\u00e9 de Barcelone. Ils apportent, en plus d&rsquo;une touche d\u00e9corative, une signification culturelle qui en fait des souvenirs inoubliables.<\/p>\n","protected":false},"excerpt":{"rendered":"<p>Ensemble de quatre bols en noix de coco, de 13 x 6 cm, inspir\u00e9s par la faune marine de Barcelone. Chaque bol pr\u00e9sente un design unique avec des finitions color\u00e9es dans des tons bleus, oranges, dor\u00e9s et rouges, d\u00e9cor\u00e9s de motifs de tortues. La technique de design artisanal, peint \u00e0 la main, souligne la texture naturelle de la noix de coco et les d\u00e9tails du design, faisant de cet ensemble une pi\u00e8ce id\u00e9ale pour servir des ap\u00e9ritifs ou comme \u00e9l\u00e9ment d\u00e9coratif. Parfait pour ramener un petit morceau de Barcelone \u00e0 la maison.<\/p>\n","protected":false},"featured_media":10659,"template":"","meta":{"_acf_changed":false},"product_brand":[],"product_cat":[521],"product_tag":[530],"class_list":{"0":"post-31210","1":"product","2":"type-product","3":"status-publish","4":"has-post-thumbnail","6":"product_cat-bols","7":"product_tag-animaux","8":"pa_ciudad-barcelona","9":"pa_motivo-tortues","10":"pa_pais-espana","12":"first","13":"instock","14":"shipping-taxable","15":"product-type-simple"},"acf":[],"_links":{"self":[{"href":"https:\/\/olemosaic.com\/fr\/wp-json\/wp\/v2\/product\/31210","targetHints":{"allow":["GET"]}}],"collection":[{"href":"https:\/\/olemosaic.com\/fr\/wp-json\/wp\/v2\/product"}],"about":[{"href":"https:\/\/olemosaic.com\/fr\/wp-json\/wp\/v2\/types\/product"}],"wp:featuredmedia":[{"embeddable":true,"href":"https:\/\/olemosaic.com\/fr\/wp-json\/wp\/v2\/media\/10659"}],"wp:attachment":[{"href":"https:\/\/olemosaic.com\/fr\/wp-json\/wp\/v2\/media?parent=31210"}],"wp:term":[{"taxonomy":"product_brand","embeddable":true,"href":"https:\/\/olemosaic.com\/fr\/wp-json\/wp\/v2\/product_brand?post=31210"},{"taxonomy":"product_cat","embeddable":true,"href":"https:\/\/olemosaic.com\/fr\/wp-json\/wp\/v2\/product_cat?post=31210"},{"taxonomy":"product_tag","embeddable":true,"href":"https:\/\/olemosaic.com\/fr\/wp-json\/wp\/v2\/product_tag?post=31210"}],"curies":[{"name":"wp","href":"https:\/\/api.w.org\/{rel}","templated":true}]}}