{"id":31196,"date":"2025-02-20T22:33:01","date_gmt":"2025-02-20T22:33:01","guid":{"rendered":"http:\/\/olemosaic.com\/producto\/4-bols-de-coco-de-13-x-6-cm-caballito-de-mar-barcelona\/"},"modified":"2025-07-25T19:44:41","modified_gmt":"2025-07-25T17:44:41","slug":"4-bols-en-noix-de-coco-de-13-x-6-cm-hippocampe-barcelone","status":"publish","type":"product","link":"https:\/\/olemosaic.com\/fr\/produit\/4-bols-en-noix-de-coco-de-13-x-6-cm-hippocampe-barcelone\/","title":{"rendered":"Lot de 4 bols en noix de coco de 13 x 6 cm. Hippocampe. Barcelone."},"content":{"rendered":"<p>Ce lot de 4 bols en noix de coco au design m\u00e9diterran\u00e9en est le choix parfait pour ceux qui recherchent une touche authentique et distinctive de Barcelone. Chaque bol, aux dimensions de 13 x 6 cm, pr\u00e9sente \u00e0 l&rsquo;int\u00e9rieur un charmant hippocampe illustr\u00e9, rappelant les richesses marines qui entourent cette ville vibrante. Le mot \u00ab\u00a0Barcelona\u00a0\u00bb se d\u00e9tache parmi les mosa\u00efques color\u00e9es qui ornent le bord de chaque bol, dans une gamme de tons doux comme le bleu, le jaune et le marron, qui \u00e9voquent la chaleur du soleil espagnol et les vagues de la M\u00e9diterran\u00e9e.<\/p>\n<p>Fabriqu\u00e9s \u00e0 la main, ces bols ne sont pas seulement fonctionnels pour servir des ap\u00e9ritifs, mais servent \u00e9galement de pi\u00e8ces d\u00e9coratives qui apportent un air moderne et frais \u00e0 n&rsquo;importe quelle table. Leur design artisanal refl\u00e8te la riche tradition culturelle de Barcelone et rend hommage \u00e0 son c\u00e9l\u00e8bre style mosa\u00efque, h\u00e9ritage du c\u00e9l\u00e8bre architecte Antoni Gaud\u00ed.<\/p>\n<p>Un souvenir repr\u00e9sentatif id\u00e9al pour les touristes souhaitant emporter un petit morceau de Barcelone chez eux, ce lot de bols allie esth\u00e9tique et authenticit\u00e9, devenant un souvenir de qualit\u00e9 qui se d\u00e9marque parmi les souvenirs typiques de la r\u00e9gion. Chez Ol\u00e9 Mosaic, nous sommes fiers de proposer des produits artisanaux en gros qui c\u00e9l\u00e8brent la diversit\u00e9 culturelle de l&rsquo;Espagne, faisant de chaque pi\u00e8ce un t\u00e9moignage de richesse et de tradition.<\/p>\n","protected":false},"excerpt":{"rendered":"<p>Lot de 4 bols en noix de coco au design m\u00e9diterran\u00e9en, id\u00e9aux pour d\u00e9corer ou servir des ap\u00e9ritifs. Chaque bol, de 13 x 6 cm, pr\u00e9sente un charmant hippocampe et le mot \u00ab\u00a0Barcelona\u00a0\u00bb \u00e0 l&rsquo;int\u00e9rieur, encadr\u00e9s par des mosa\u00efques color\u00e9es repr\u00e9sentant la culture locale. Fabriqu\u00e9s \u00e0 la main, ces bols combinent des tons doux comme le bleu, le jaune et le marron, apportant une touche esth\u00e9tique et authentique \u00e0 n&rsquo;importe quelle table. Parfaits pour emporter un petit morceau de Barcelone chez vous.<\/p>\n","protected":false},"featured_media":10703,"template":"","meta":{"_acf_changed":false},"product_brand":[],"product_cat":[521],"product_tag":[530],"class_list":{"0":"post-31196","1":"product","2":"type-product","3":"status-publish","4":"has-post-thumbnail","6":"product_cat-bols","7":"product_tag-animaux","8":"pa_ciudad-barcelona","9":"pa_motivo-hippocampes","10":"pa_pais-espana","12":"first","13":"instock","14":"shipping-taxable","15":"product-type-simple"},"acf":[],"_links":{"self":[{"href":"https:\/\/olemosaic.com\/fr\/wp-json\/wp\/v2\/product\/31196","targetHints":{"allow":["GET"]}}],"collection":[{"href":"https:\/\/olemosaic.com\/fr\/wp-json\/wp\/v2\/product"}],"about":[{"href":"https:\/\/olemosaic.com\/fr\/wp-json\/wp\/v2\/types\/product"}],"wp:featuredmedia":[{"embeddable":true,"href":"https:\/\/olemosaic.com\/fr\/wp-json\/wp\/v2\/media\/10703"}],"wp:attachment":[{"href":"https:\/\/olemosaic.com\/fr\/wp-json\/wp\/v2\/media?parent=31196"}],"wp:term":[{"taxonomy":"product_brand","embeddable":true,"href":"https:\/\/olemosaic.com\/fr\/wp-json\/wp\/v2\/product_brand?post=31196"},{"taxonomy":"product_cat","embeddable":true,"href":"https:\/\/olemosaic.com\/fr\/wp-json\/wp\/v2\/product_cat?post=31196"},{"taxonomy":"product_tag","embeddable":true,"href":"https:\/\/olemosaic.com\/fr\/wp-json\/wp\/v2\/product_tag?post=31196"}],"curies":[{"name":"wp","href":"https:\/\/api.w.org\/{rel}","templated":true}]}}