{"id":31195,"date":"2025-02-20T23:33:01","date_gmt":"2025-02-20T22:33:01","guid":{"rendered":"http:\/\/olemosaic.com\/producto\/4-bols-de-coco-de-13-x-6-cm-salamandra-tenerife-4\/"},"modified":"2025-07-25T19:41:37","modified_gmt":"2025-07-25T17:41:37","slug":"4-bols-en-noix-de-coco-de-13-x-6-cm-salamandre-tenerife-4","status":"publish","type":"product","link":"https:\/\/olemosaic.com\/fr\/produit\/4-bols-en-noix-de-coco-de-13-x-6-cm-salamandre-tenerife-4\/","title":{"rendered":"Lot de 4 bols en noix de coco de 13 x 6 cm. Salamandre. Tenerife. Canaries."},"content":{"rendered":"<p>Ce lot de 4 bols en noix de coco est un bel exemple de l&rsquo;artisanat traditionnel de Tenerife, id\u00e9al pour ceux qui recherchent des souvenirs authentiques. Chaque bol, de 13 cm de diam\u00e8tre et 6 cm de hauteur, est d\u00e9cor\u00e9 d&rsquo;un charmant motif de salamandre, un symbole embl\u00e9matique des \u00eeles Canaries. La palette de couleurs exub\u00e9rante, avec des tons vibrants de bleu, jaune et marron, se combine dans une mosa\u00efque attrayante de c\u0153urs et de fleurs qui c\u00e9l\u00e8bre la culture canarienne.<\/p>\n<p>Le mot \u00ab\u00a0Tenerife\u00a0\u00bb est visiblement incrust\u00e9 sur chaque pi\u00e8ce, ajoutant une touche personnelle qui rappelle la beaut\u00e9 et la chaleur des \u00eeles. Ces bols ne sont pas seulement fonctionnels, parfaits pour servir des ap\u00e9ritifs ou des snacks, mais servent \u00e9galement d&rsquo;\u00e9l\u00e9ments d\u00e9coratifs, apportant un air exotique et frais \u00e0 n&rsquo;importe quel foyer. Leur design unique refl\u00e8te le riche h\u00e9ritage culturel de Tenerife, ce qui en fait le cadeau id\u00e9al pour les touristes souhaitant emporter un morceau des traditions canariennes.<\/p>\n<p>Chez Ol\u00e9 Mosaic, nous nous sp\u00e9cialisons dans la distribution de souvenirs en gros, offrant des produits qui mettent en valeur la beaut\u00e9 et l&rsquo;authenticit\u00e9 de la culture espagnole. Ce lot de bols en noix de coco est une excellente option pour les boutiques de cadeaux touristiques \u00e0 la recherche d&rsquo;articles repr\u00e9sentatifs de leur r\u00e9gion. Int\u00e9grez ces bols \u00e0 votre catalogue et offrez \u00e0 vos clients un souvenir qui c\u00e9l\u00e8bre la riche diversit\u00e9 de Tenerife.<\/p>\n","protected":false},"excerpt":{"rendered":"<p>Lot de 4 bols en noix de coco de 13 x 6 cm, d\u00e9cor\u00e9s d&rsquo;un motif de salamandre, typique de Tenerife. Chaque bol pr\u00e9sente une mosa\u00efque color\u00e9e de formes de c\u0153urs et de fleurs, cr\u00e9ant un attrait visuel. Les couleurs vibrantes, incluant des tons de bleu, jaune et marron, soulignent la beaut\u00e9 des traditions canariennes. Avec le mot \u00ab\u00a0Tenerife\u00a0\u00bb visible sur chaque pi\u00e8ce, ils sont parfaits pour servir des ap\u00e9ritifs ou comme \u00e9l\u00e9ment d\u00e9coratif dans la maison.<\/p>\n","protected":false},"featured_media":10699,"template":"","meta":{"_acf_changed":false},"product_brand":[],"product_cat":[521],"product_tag":[530],"class_list":{"0":"post-31195","1":"product","2":"type-product","3":"status-publish","4":"has-post-thumbnail","6":"product_cat-bols","7":"product_tag-animaux","8":"pa_ciudad-tenerife","9":"pa_motivo-salamandres","10":"pa_pais-espana","12":"first","13":"instock","14":"shipping-taxable","15":"product-type-simple"},"acf":[],"_links":{"self":[{"href":"https:\/\/olemosaic.com\/fr\/wp-json\/wp\/v2\/product\/31195","targetHints":{"allow":["GET"]}}],"collection":[{"href":"https:\/\/olemosaic.com\/fr\/wp-json\/wp\/v2\/product"}],"about":[{"href":"https:\/\/olemosaic.com\/fr\/wp-json\/wp\/v2\/types\/product"}],"wp:featuredmedia":[{"embeddable":true,"href":"https:\/\/olemosaic.com\/fr\/wp-json\/wp\/v2\/media\/10699"}],"wp:attachment":[{"href":"https:\/\/olemosaic.com\/fr\/wp-json\/wp\/v2\/media?parent=31195"}],"wp:term":[{"taxonomy":"product_brand","embeddable":true,"href":"https:\/\/olemosaic.com\/fr\/wp-json\/wp\/v2\/product_brand?post=31195"},{"taxonomy":"product_cat","embeddable":true,"href":"https:\/\/olemosaic.com\/fr\/wp-json\/wp\/v2\/product_cat?post=31195"},{"taxonomy":"product_tag","embeddable":true,"href":"https:\/\/olemosaic.com\/fr\/wp-json\/wp\/v2\/product_tag?post=31195"}],"curies":[{"name":"wp","href":"https:\/\/api.w.org\/{rel}","templated":true}]}}