{"id":31194,"date":"2025-02-20T22:33:01","date_gmt":"2025-02-20T22:33:01","guid":{"rendered":"http:\/\/olemosaic.com\/producto\/plato-de-ceramica-de-20-cm-patio-blanco\/"},"modified":"2025-07-25T18:34:05","modified_gmt":"2025-07-25T16:34:05","slug":"assiette-en-ceramique-de-20-cm-patio-blanc","status":"publish","type":"product","link":"https:\/\/olemosaic.com\/fr\/produit\/assiette-en-ceramique-de-20-cm-patio-blanc\/","title":{"rendered":"Assiette en c\u00e9ramique de 20 cm. Patio. Blanc."},"content":{"rendered":"<p>Cette impressionnante assiette en c\u00e9ramique de 20 cm est une c\u00e9l\u00e9bration vibrante de la culture andalouse, parfaite pour ceux qui recherchent un souvenir authentique de l&rsquo;Espagne. La pi\u00e8ce, avec un fond blanc qui met en valeur sa d\u00e9coration, pr\u00e9sente une charmante illustration d&rsquo;un patio typique d&rsquo;Andalousie, o\u00f9 un couple de danseurs s&rsquo;adonne \u00e0 la passion du flamenco. Les couleurs vives des costumes \u2014 avec des volants rouges et des d\u00e9tails noirs pour la danseuse \u2014 contrastent merveilleusement avec l&rsquo;environnement color\u00e9 qui entoure la sc\u00e8ne. Des fleurs rouges en pots et des plantes vertes d\u00e9corent le patio, tandis que la lumi\u00e8re chaude des lampadaires ajoute une touche romantique et nostalgique.<\/p>\n<p>Les d\u00e9tails artistiques sont m\u00e9ticuleusement peints \u00e0 la main, ce qui garantit la singularit\u00e9 de chaque assiette. Cet article n&rsquo;est pas seulement fonctionnel, mais aussi une pi\u00e8ce d\u00e9corative qui apporte une touche d&rsquo;authenticit\u00e9 et de joie \u00e0 n&rsquo;importe quel foyer.<\/p>\n<p>Comme l&rsquo;un des souvenirs les plus repr\u00e9sentatifs de l&rsquo;Andalousie, cette assiette capture l&rsquo;essence du folklore espagnol et la richesse culturelle de la r\u00e9gion. Chez Ol\u00e9 Mosaic, nous sommes sp\u00e9cialistes de la distribution de souvenirs en gros, et cette assiette en c\u00e9ramique est un choix id\u00e9al pour les boutiques de cadeaux touristiques qui souhaitent proposer des articles de qualit\u00e9 et de pertinence culturelle. Elle attirera les touristes \u00e0 la recherche de souvenirs uniques de leur visite en Espagne et sera sans aucun doute un \u00e9l\u00e9ment qui \u00e9voquera de bons souvenirs de l&rsquo;exp\u00e9rience andalouse.<\/p>\n","protected":false},"excerpt":{"rendered":"<p>Assiette en c\u00e9ramique de 20 cm avec une illustration vibrante d&rsquo;un patio andalou qui \u00e9voque l&rsquo;esprit du folklore espagnol. Cette assiette color\u00e9e montre un couple de danseurs en plein milieu de leur danse, entour\u00e9 de fleurs rouges et d&rsquo;un environnement typique de l&rsquo;Andalousie. La base blanche fait ressortir les couleurs vives des costumes et la d\u00e9coration du patio, cr\u00e9ant une pi\u00e8ce artistique et fonctionnelle qui c\u00e9l\u00e8bre la culture du flamenco. Id\u00e9ale comme souvenir ou \u00e9l\u00e9ment d\u00e9coratif.<\/p>\n","protected":false},"featured_media":8492,"template":"","meta":{"_acf_changed":false},"product_brand":[],"product_cat":[656],"product_tag":[585],"class_list":{"0":"post-31194","1":"product","2":"type-product","3":"status-publish","4":"has-post-thumbnail","6":"product_cat-assiettes-decoratives","7":"product_tag-ceramique","8":"pa_motivo-cours-interieures","10":"first","11":"instock","12":"shipping-taxable","13":"product-type-simple"},"acf":[],"_links":{"self":[{"href":"https:\/\/olemosaic.com\/fr\/wp-json\/wp\/v2\/product\/31194","targetHints":{"allow":["GET"]}}],"collection":[{"href":"https:\/\/olemosaic.com\/fr\/wp-json\/wp\/v2\/product"}],"about":[{"href":"https:\/\/olemosaic.com\/fr\/wp-json\/wp\/v2\/types\/product"}],"wp:featuredmedia":[{"embeddable":true,"href":"https:\/\/olemosaic.com\/fr\/wp-json\/wp\/v2\/media\/8492"}],"wp:attachment":[{"href":"https:\/\/olemosaic.com\/fr\/wp-json\/wp\/v2\/media?parent=31194"}],"wp:term":[{"taxonomy":"product_brand","embeddable":true,"href":"https:\/\/olemosaic.com\/fr\/wp-json\/wp\/v2\/product_brand?post=31194"},{"taxonomy":"product_cat","embeddable":true,"href":"https:\/\/olemosaic.com\/fr\/wp-json\/wp\/v2\/product_cat?post=31194"},{"taxonomy":"product_tag","embeddable":true,"href":"https:\/\/olemosaic.com\/fr\/wp-json\/wp\/v2\/product_tag?post=31194"}],"curies":[{"name":"wp","href":"https:\/\/api.w.org\/{rel}","templated":true}]}}