{"id":31193,"date":"2025-02-20T23:33:00","date_gmt":"2025-02-20T22:33:00","guid":{"rendered":"http:\/\/olemosaic.com\/producto\/bol-de-coco-marron-salamandra-gran-canaria-2\/"},"modified":"2025-07-25T18:53:57","modified_gmt":"2025-07-25T16:53:57","slug":"bol-en-noix-de-coco-marron-salamandre-grande-canarie-2","status":"publish","type":"product","link":"https:\/\/olemosaic.com\/fr\/produit\/bol-en-noix-de-coco-marron-salamandre-grande-canarie-2\/","title":{"rendered":"Bol en noix de coco marron. Salamandre. Grande Canarie. Fond clair."},"content":{"rendered":"<p>Ce superbe bol en noix de coco marron, d\u00e9cor\u00e9 d&rsquo;\u00e9l\u00e9ments typiques de la Grande Canarie, est une pi\u00e8ce exceptionnelle qui capture l&rsquo;essence de la culture canarienne. Avec son design \u00e9labor\u00e9 en nacre, le bol pr\u00e9sente deux salamandres stylis\u00e9es dans des tons marron qui se d\u00e9ploient artistiquement sur un fond clair, cr\u00e9ant un contraste visuel charmant. Le mot \u00ab\u00a0GRAN CANARIA\u00a0\u00bb, \u00e9galement incrust\u00e9 avec \u00e9l\u00e9gance, souligne la provenance du souvenir, en faisant un souvenir authentique de la r\u00e9gion.<\/p>\n<p>Sa forme circulaire et sa finition brillante apportent non seulement une touche d\u00e9corative, mais refl\u00e8tent \u00e9galement la riche tradition artisanale des Canaries. Les d\u00e9tails iris\u00e9s de la nacre ajoutent une finition lumineuse qui capte la lumi\u00e8re et attire le regard, faisant de ce bol un objet id\u00e9al aussi bien pour orner n&rsquo;importe quelle pi\u00e8ce que pour servir de r\u00e9cipient pratique.<\/p>\n<p>Ce bol n&rsquo;est pas seulement un souvenir, mais aussi un symbole de la biodiversit\u00e9 de la Grande Canarie, o\u00f9 les salamandres font partie du folklore local. Chez Ol\u00e9 Mosaic, notre mission est d&rsquo;offrir des souvenirs authentiques en gros, et ce bol en noix de coco marron est une excellente option pour les boutiques de cadeaux touristiques \u00e0 la recherche de produits de qualit\u00e9 repr\u00e9sentant la richesse culturelle des Canaries. Un souvenir repr\u00e9sentatif qui, en plus d&rsquo;\u00eatre esth\u00e9tique, raconte une histoire.<\/p>\n","protected":false},"excerpt":{"rendered":"<p>Bol en noix de coco marron d\u00e9cor\u00e9 de motifs typiques de la Grande Canarie. Ce bol attrayant pr\u00e9sente un design \u00e9labor\u00e9 en nacre, avec deux salamandres marron sur un fond clair et l&rsquo;inscription \u00ab\u00a0GRAN CANARIA\u00a0\u00bb. Sa forme circulaire et sa finition brillante en font une pi\u00e8ce unique, id\u00e9ale pour d\u00e9corer n&rsquo;importe quelle pi\u00e8ce ou comme souvenir repr\u00e9sentatif de la riche culture canarienne.<\/p>\n","protected":false},"featured_media":10334,"template":"","meta":{"_acf_changed":false},"product_brand":[],"product_cat":[521],"product_tag":[530],"class_list":{"0":"post-31193","1":"product","2":"type-product","3":"status-publish","4":"has-post-thumbnail","6":"product_cat-bols","7":"product_tag-animaux","8":"pa_ciudad-gran-canaria","9":"pa_motivo-salamandres","10":"pa_pais-espana","12":"first","13":"instock","14":"shipping-taxable","15":"product-type-simple"},"acf":[],"_links":{"self":[{"href":"https:\/\/olemosaic.com\/fr\/wp-json\/wp\/v2\/product\/31193","targetHints":{"allow":["GET"]}}],"collection":[{"href":"https:\/\/olemosaic.com\/fr\/wp-json\/wp\/v2\/product"}],"about":[{"href":"https:\/\/olemosaic.com\/fr\/wp-json\/wp\/v2\/types\/product"}],"wp:featuredmedia":[{"embeddable":true,"href":"https:\/\/olemosaic.com\/fr\/wp-json\/wp\/v2\/media\/10334"}],"wp:attachment":[{"href":"https:\/\/olemosaic.com\/fr\/wp-json\/wp\/v2\/media?parent=31193"}],"wp:term":[{"taxonomy":"product_brand","embeddable":true,"href":"https:\/\/olemosaic.com\/fr\/wp-json\/wp\/v2\/product_brand?post=31193"},{"taxonomy":"product_cat","embeddable":true,"href":"https:\/\/olemosaic.com\/fr\/wp-json\/wp\/v2\/product_cat?post=31193"},{"taxonomy":"product_tag","embeddable":true,"href":"https:\/\/olemosaic.com\/fr\/wp-json\/wp\/v2\/product_tag?post=31193"}],"curies":[{"name":"wp","href":"https:\/\/api.w.org\/{rel}","templated":true}]}}