{"id":31192,"date":"2025-02-20T23:33:00","date_gmt":"2025-02-20T22:33:00","guid":{"rendered":"http:\/\/olemosaic.com\/producto\/bol-de-coco-azul-isla-menorca-2\/"},"modified":"2025-07-25T19:37:20","modified_gmt":"2025-07-25T17:37:20","slug":"bol-en-noix-de-coco-bleu-ile-minorque-2","status":"publish","type":"product","link":"https:\/\/olemosaic.com\/fr\/produit\/bol-en-noix-de-coco-bleu-ile-minorque-2\/","title":{"rendered":"Bol en noix de coco bleu. \u00cele. Minorque. Bleu et blanc."},"content":{"rendered":"<p>Ce superbe bol en noix de coco bleu est un v\u00e9ritable reflet de la beaut\u00e9 de l&rsquo;\u00eele de Minorque. Avec un fond bleu vibrant qui \u00e9voque la mer M\u00e9diterran\u00e9e, ce bol se distingue par son artisanat unique, fruit de la tradition minutieuse du travail de la noix de coco. Au centre, appara\u00eet la silhouette de l&rsquo;\u00eele de Minorque dans une \u00e9l\u00e9gante couleur blanche, entour\u00e9e d&rsquo;un cadre d\u00e9licat de d\u00e9tails d\u00e9coratifs dans des tons m\u00ealant le bleu et le blanc, \u00e9voquant les vagues et l&rsquo;esth\u00e9tique c\u00f4ti\u00e8re, si relaxante, de cette destination idyllique.<\/p>\n<p>Chaque bol est une pi\u00e8ce unique, gr\u00e2ce \u00e0 sa finition artisanale qui souligne les imperfections naturelles de la noix de coco, en faisant un souvenir authentique et sp\u00e9cial. Ce bol n&rsquo;est pas seulement fonctionnel, mais aussi un \u00e9l\u00e9ment d\u00e9coratif qui ajoute une touche m\u00e9diterran\u00e9enne \u00e0 n&rsquo;importe quel foyer. Parfait pour servir des ap\u00e9ritifs ou comme centre de table, il est id\u00e9al pour ceux qui recherchent des souvenirs de Minorque qui capturent son essence.<\/p>\n<p>Chez Ol\u00e9 Mosaic, nous distribuons des souvenirs de qualit\u00e9 en gros, et ce bol en noix de coco bleu est une excellente option pour les boutiques de cadeaux touristiques souhaitant proposer des articles authentiques repr\u00e9sentant la culture et le patrimoine de l&rsquo;Espagne. Un cadeau parfait qui transportera les touristes vers les magnifiques plages et paysages de Minorque \u00e0 chaque utilisation.<\/p>\n","protected":false},"excerpt":{"rendered":"<p>Bol en noix de coco bleu, inspir\u00e9 par la magnifique \u00eele de Minorque. Ce charmant bol pr\u00e9sente un fond bleu vibrant, orn\u00e9 de la silhouette de l&rsquo;\u00eele en blanc, encadr\u00e9e par des d\u00e9tails d\u00e9coratifs dans les tons bleus et blancs. Fabriqu\u00e9 en noix de coco, cet article se distingue par sa finition artisanale, ce qui lui conf\u00e8re un caract\u00e8re unique et authentique, id\u00e9al pour apporter une touche m\u00e9diterran\u00e9enne \u00e0 n&rsquo;importe quel espace.<\/p>\n","protected":false},"featured_media":11945,"template":"","meta":{"_acf_changed":false},"product_brand":[],"product_cat":[521],"product_tag":[],"class_list":{"0":"post-31192","1":"product","2":"type-product","3":"status-publish","4":"has-post-thumbnail","6":"product_cat-bols","7":"pa_ciudad-menorca","8":"pa_motivo-iles","9":"pa_pais-espana","11":"first","12":"instock","13":"shipping-taxable","14":"product-type-simple"},"acf":[],"_links":{"self":[{"href":"https:\/\/olemosaic.com\/fr\/wp-json\/wp\/v2\/product\/31192","targetHints":{"allow":["GET"]}}],"collection":[{"href":"https:\/\/olemosaic.com\/fr\/wp-json\/wp\/v2\/product"}],"about":[{"href":"https:\/\/olemosaic.com\/fr\/wp-json\/wp\/v2\/types\/product"}],"wp:featuredmedia":[{"embeddable":true,"href":"https:\/\/olemosaic.com\/fr\/wp-json\/wp\/v2\/media\/11945"}],"wp:attachment":[{"href":"https:\/\/olemosaic.com\/fr\/wp-json\/wp\/v2\/media?parent=31192"}],"wp:term":[{"taxonomy":"product_brand","embeddable":true,"href":"https:\/\/olemosaic.com\/fr\/wp-json\/wp\/v2\/product_brand?post=31192"},{"taxonomy":"product_cat","embeddable":true,"href":"https:\/\/olemosaic.com\/fr\/wp-json\/wp\/v2\/product_cat?post=31192"},{"taxonomy":"product_tag","embeddable":true,"href":"https:\/\/olemosaic.com\/fr\/wp-json\/wp\/v2\/product_tag?post=31192"}],"curies":[{"name":"wp","href":"https:\/\/api.w.org\/{rel}","templated":true}]}}