{"id":31185,"date":"2025-02-20T22:33:00","date_gmt":"2025-02-20T22:33:00","guid":{"rendered":"http:\/\/olemosaic.com\/producto\/lata-inox-de-500-ml-toro\/"},"modified":"2025-07-25T19:43:32","modified_gmt":"2025-07-25T17:43:32","slug":"canette-inox-500-ml-taureau","status":"publish","type":"product","link":"https:\/\/olemosaic.com\/fr\/produit\/canette-inox-500-ml-taureau\/","title":{"rendered":"Canette en inox de 500 ml. Taureau."},"content":{"rendered":"<p>Ce design imposant sur une canette en acier inoxydable de 500 ml, d\u00e9cor\u00e9e d&rsquo;un taureau vibrant de style mosa\u00efque, symbolise avec fiert\u00e9 la riche culture espagnole. La canette, fabriqu\u00e9e en acier inoxydable r\u00e9sistant, pr\u00e9sente un fond blanc qui imite la texture des carreaux classiques, en parfaite harmonie avec les couleurs \u00e9clatantes du taureau : rouge, vert, jaune et bleu. Cette \u0153uvre d&rsquo;art contemporaine capture l&rsquo;essence de l&rsquo;esprit espagnol, o\u00f9 le taureau est une ic\u00f4ne de tradition et de force.<\/p>\n<p>L&rsquo;image du taureau s&rsquo;inscrit dans une mosa\u00efque captivante qui non seulement embellit la canette, mais lui ajoute \u00e9galement une valeur esth\u00e9tique, en faisant un excellent souvenir. Ce produit n&rsquo;est pas seulement fonctionnel, en gardant les boissons froides, mais il c\u00e9l\u00e8bre \u00e9galement la tradition espagnole, transformant chaque gorg\u00e9e en une exp\u00e9rience culturelle. En tant que repr\u00e9sentant de la majest\u00e9 de la campagne et de l&rsquo;h\u00e9ritage taurin de l&rsquo;Espagne, cette canette est un rappel parfait de la diversit\u00e9 culturelle que le pays offre.<\/p>\n<p>Chez Ol\u00e9 Mosaic, nous sommes fiers de pr\u00e9senter cet authentique souvenir qui allie art et utilit\u00e9, id\u00e9al pour les touristes \u00e0 la recherche d&rsquo;un souvenir significatif de leur voyage en Espagne. En tant que grossistes de souvenirs, nous proposons des produits uniques qui capturent l&rsquo;essence de la culture espagnole et rendent chaque moment m\u00e9morable.<\/p>\n","protected":false},"excerpt":{"rendered":"<p>Canette en acier inoxydable de 500 ml, d\u00e9cor\u00e9e d&rsquo;un design vibrant de taureau en style mosa\u00efque, repr\u00e9sentant un symbole iconique de la culture espagnole. La canette pr\u00e9sente des couleurs vives comme le rouge, le vert, le jaune et le bleu sur un fond blanc avec des motifs imitant la texture des carreaux classiques. Id\u00e9ale pour garder vos boissons froides, elle allie fonctionnalit\u00e9 et art dans un produit qui c\u00e9l\u00e8bre la tradition espagnole.<\/p>\n","protected":false},"featured_media":11146,"template":"","meta":{"_acf_changed":false},"product_brand":[],"product_cat":[796],"product_tag":[530],"class_list":{"0":"post-31185","1":"product","2":"type-product","3":"status-publish","4":"has-post-thumbnail","6":"product_cat-boites-en-metal","7":"product_tag-animaux","8":"pa_motivo-taureaux","10":"first","11":"instock","12":"shipping-taxable","13":"product-type-simple"},"acf":[],"_links":{"self":[{"href":"https:\/\/olemosaic.com\/fr\/wp-json\/wp\/v2\/product\/31185","targetHints":{"allow":["GET"]}}],"collection":[{"href":"https:\/\/olemosaic.com\/fr\/wp-json\/wp\/v2\/product"}],"about":[{"href":"https:\/\/olemosaic.com\/fr\/wp-json\/wp\/v2\/types\/product"}],"wp:featuredmedia":[{"embeddable":true,"href":"https:\/\/olemosaic.com\/fr\/wp-json\/wp\/v2\/media\/11146"}],"wp:attachment":[{"href":"https:\/\/olemosaic.com\/fr\/wp-json\/wp\/v2\/media?parent=31185"}],"wp:term":[{"taxonomy":"product_brand","embeddable":true,"href":"https:\/\/olemosaic.com\/fr\/wp-json\/wp\/v2\/product_brand?post=31185"},{"taxonomy":"product_cat","embeddable":true,"href":"https:\/\/olemosaic.com\/fr\/wp-json\/wp\/v2\/product_cat?post=31185"},{"taxonomy":"product_tag","embeddable":true,"href":"https:\/\/olemosaic.com\/fr\/wp-json\/wp\/v2\/product_tag?post=31185"}],"curies":[{"name":"wp","href":"https:\/\/api.w.org\/{rel}","templated":true}]}}