{"id":31166,"date":"2025-02-20T22:32:59","date_gmt":"2025-02-20T22:32:59","guid":{"rendered":"http:\/\/olemosaic.com\/producto\/funda-de-telefono-para-iphone-11-promax-tpu-mosaico-blanco\/"},"modified":"2025-07-25T19:38:18","modified_gmt":"2025-07-25T17:38:18","slug":"coque-telephone-iphone-11-pro-max-tpu-mosaique-blanc","status":"publish","type":"product","link":"https:\/\/olemosaic.com\/fr\/produit\/coque-telephone-iphone-11-pro-max-tpu-mosaique-blanc\/","title":{"rendered":"Coque de t\u00e9l\u00e9phone pour iPhone 11 Pro Max (TPU). Mosa\u00efque. Blanc"},"content":{"rendered":"<p>Cette coque d\u00e9corative pour iPhone 11 Pro Max fusionne fonctionnalit\u00e9 et art, parfaite pour ceux qui recherchent un souvenir authentique de la vibrante culture espagnole. Fabriqu\u00e9e en TPU de haute qualit\u00e9, cette coque ne prot\u00e8ge pas seulement votre appareil, mais affiche \u00e9galement un design de mosa\u00efque exquis qui \u00e9voque la riche tradition artistique de la c\u00e9ramique m\u00e9diterran\u00e9enne. Son motif color\u00e9 combine des tons de bleu, rouge, orange et blanc, cr\u00e9ant une symphonie visuelle attrayante qui rappelle les mosa\u00efques ornant les places et les b\u00e2timents embl\u00e9matiques d&rsquo;Espagne.<\/p>\n<p>Chaque forme g\u00e9om\u00e9trique et florale de cette coque a \u00e9t\u00e9 con\u00e7ue pour capturer l&rsquo;essence du folklore m\u00e9diterran\u00e9en, apportant une touche contemporaine \u00e0 un classique tr\u00e8s demand\u00e9 par les touristes. La finition brillante fait ressortir chaque d\u00e9tail, en faisant un objet d&rsquo;admiration et de conversation. Ce souvenir ne refl\u00e8te pas seulement l&rsquo;authenticit\u00e9 de la culture artistique espagnole, mais constitue \u00e9galement un excellent choix pour les boutiques de cadeaux touristiques souhaitant proposer des produits \u00e0 valeur culturelle. Chez Ol\u00e9 Mosaic, en tant que grossiste d&rsquo;accessoires, nous garantissons la qualit\u00e9 et la singularit\u00e9 de chaque produit, faisant de cette coque une option id\u00e9ale pour ceux qui recherchent des souvenirs uniques et fonctionnels de leur visite en Espagne.<\/p>\n","protected":false},"excerpt":{"rendered":"<p>Coque de t\u00e9l\u00e9phone pour iPhone 11 Pro Max fabriqu\u00e9e en TPU, d\u00e9cor\u00e9e d&rsquo;un design de mosa\u00efque vibrant. Cette coque pr\u00e9sente une combinaison vari\u00e9e de motifs en bleu, rouge, orange et blanc, \u00e9voquant la riche tradition artistique de la c\u00e9ramique espagnole. Id\u00e9ale pour prot\u00e9ger votre appareil, sa finition montre une fusion charmante de formes g\u00e9om\u00e9triques et florales, rappelant l&rsquo;esprit du folklore et de la culture m\u00e9diterran\u00e9enne.<\/p>\n","protected":false},"featured_media":12995,"template":"","meta":{"_acf_changed":false},"product_brand":[],"product_cat":[674],"product_tag":[],"class_list":{"0":"post-31166","1":"product","2":"type-product","3":"status-publish","4":"has-post-thumbnail","6":"product_cat-etuis-pour-telephones-portables","7":"pa_motivo-mosaique","9":"first","10":"instock","11":"shipping-taxable","12":"product-type-simple"},"acf":[],"_links":{"self":[{"href":"https:\/\/olemosaic.com\/fr\/wp-json\/wp\/v2\/product\/31166","targetHints":{"allow":["GET"]}}],"collection":[{"href":"https:\/\/olemosaic.com\/fr\/wp-json\/wp\/v2\/product"}],"about":[{"href":"https:\/\/olemosaic.com\/fr\/wp-json\/wp\/v2\/types\/product"}],"wp:featuredmedia":[{"embeddable":true,"href":"https:\/\/olemosaic.com\/fr\/wp-json\/wp\/v2\/media\/12995"}],"wp:attachment":[{"href":"https:\/\/olemosaic.com\/fr\/wp-json\/wp\/v2\/media?parent=31166"}],"wp:term":[{"taxonomy":"product_brand","embeddable":true,"href":"https:\/\/olemosaic.com\/fr\/wp-json\/wp\/v2\/product_brand?post=31166"},{"taxonomy":"product_cat","embeddable":true,"href":"https:\/\/olemosaic.com\/fr\/wp-json\/wp\/v2\/product_cat?post=31166"},{"taxonomy":"product_tag","embeddable":true,"href":"https:\/\/olemosaic.com\/fr\/wp-json\/wp\/v2\/product_tag?post=31166"}],"curies":[{"name":"wp","href":"https:\/\/api.w.org\/{rel}","templated":true}]}}