{"id":31165,"date":"2025-02-20T23:32:59","date_gmt":"2025-02-20T22:32:59","guid":{"rendered":"http:\/\/olemosaic.com\/producto\/iman-de-resina-panoramica-barcelona-4\/"},"modified":"2025-07-25T20:15:15","modified_gmt":"2025-07-25T18:15:15","slug":"aimant-resine-panoramique-sagrada-familia-barcelone","status":"publish","type":"product","link":"https:\/\/olemosaic.com\/fr\/produit\/aimant-resine-panoramique-sagrada-familia-barcelone\/","title":{"rendered":"Aimant en r\u00e9sine. Panoramique. Sagrada Familia. Barcelone."},"content":{"rendered":"<p>Cet aimant en r\u00e9sine capture l&rsquo;essence vibrante de Barcelone, devenant le souvenir parfait pour ceux qui souhaitent emporter un morceau de l&#8217;embl\u00e9matique cit\u00e9 comtale. Avec un design panoramique et color\u00e9, l&rsquo;aimant met en avant la silhouette incomparable de la Sagrada Familia, majestueusement orn\u00e9e de tons dor\u00e9s et rouge\u00e2tres, ainsi que la c\u00e9l\u00e8bre mosa\u00efque du Park G\u00fcell, qui ajoute une touche d&rsquo;art moderne avec ses nuances de bleu, vert et jaune. Le mot \u00ab\u00a0Barcelona\u00a0\u00bb ressort en lettres frappantes, garantissant que le nom de la ville perdure dans la m\u00e9moire de ceux qui le voient.<\/p>\n<p>Cet aimant n&#8217;embellit pas seulement n&rsquo;importe quel r\u00e9frig\u00e9rateur, mais invite \u00e9galement les touristes \u00e0 se souvenir du riche h\u00e9ritage architectural et culturel de la ville. La connexion avec Barcelone est soulign\u00e9e par ses motifs iconiques, qui capturent le g\u00e9nie cr\u00e9atif d&rsquo;Antoni Gaud\u00ed, une r\u00e9f\u00e9rence du modernisme catalan. En tant que souvenir repr\u00e9sentatif de la richesse artistique de la r\u00e9gion, il est parfait pour ceux qui recherchent un souvenir authentique illustrant le meilleur de la culture espagnole.<\/p>\n<p>Chez Ol\u00e9 Mosaic, nous sommes fiers de proposer des souvenirs en gros de haute qualit\u00e9, et cet aimant en r\u00e9sine est une excellente option pour les boutiques de cadeaux touristiques souhaitant offrir des produits authentiques et m\u00e9morables. Avec son design attrayant et sa signification culturelle, cet aimant de Barcelone est un produit que vos clients adoreront.<\/p>\n","protected":false},"excerpt":{"rendered":"<p>Aimant capturant l&rsquo;essence de Barcelone avec une vue panoramique vibrante. Cet aimant color\u00e9 pr\u00e9sente des motifs embl\u00e9matiques tels que la Sagrada Familia et la c\u00e9l\u00e8bre mosa\u00efque du Park G\u00fcell, r\u00e9alis\u00e9s avec des d\u00e9tails minutieux dans des tons de bleu, vert, rouge et jaune. Avec le nom \u00ab\u00a0Barcelona\u00a0\u00bb en lettres frappantes, ce souvenir est parfait pour se souvenir de l&rsquo;architecture et de l&rsquo;art de la Cit\u00e9 Comtale. Id\u00e9al pour d\u00e9corer n&rsquo;importe quel r\u00e9frig\u00e9rateur avec une touche de modernit\u00e9 et de culture.<\/p>\n","protected":false},"featured_media":9356,"template":"","meta":{"_acf_changed":false},"product_brand":[],"product_cat":[697],"product_tag":[],"class_list":{"0":"post-31165","1":"product","2":"type-product","3":"status-publish","4":"has-post-thumbnail","6":"product_cat-aimants","7":"pa_ciudad-barcelona","8":"pa_motivo-panoramas","9":"pa_pais-espana","11":"first","12":"instock","13":"shipping-taxable","14":"product-type-simple"},"acf":[],"_links":{"self":[{"href":"https:\/\/olemosaic.com\/fr\/wp-json\/wp\/v2\/product\/31165","targetHints":{"allow":["GET"]}}],"collection":[{"href":"https:\/\/olemosaic.com\/fr\/wp-json\/wp\/v2\/product"}],"about":[{"href":"https:\/\/olemosaic.com\/fr\/wp-json\/wp\/v2\/types\/product"}],"wp:featuredmedia":[{"embeddable":true,"href":"https:\/\/olemosaic.com\/fr\/wp-json\/wp\/v2\/media\/9356"}],"wp:attachment":[{"href":"https:\/\/olemosaic.com\/fr\/wp-json\/wp\/v2\/media?parent=31165"}],"wp:term":[{"taxonomy":"product_brand","embeddable":true,"href":"https:\/\/olemosaic.com\/fr\/wp-json\/wp\/v2\/product_brand?post=31165"},{"taxonomy":"product_cat","embeddable":true,"href":"https:\/\/olemosaic.com\/fr\/wp-json\/wp\/v2\/product_cat?post=31165"},{"taxonomy":"product_tag","embeddable":true,"href":"https:\/\/olemosaic.com\/fr\/wp-json\/wp\/v2\/product_tag?post=31165"}],"curies":[{"name":"wp","href":"https:\/\/api.w.org\/{rel}","templated":true}]}}