{"id":31164,"date":"2025-02-20T23:32:59","date_gmt":"2025-02-20T22:32:59","guid":{"rendered":"http:\/\/olemosaic.com\/producto\/iman-de-resina-casa-batllo-barcelona-3\/"},"modified":"2025-07-25T18:53:05","modified_gmt":"2025-07-25T16:53:05","slug":"aimant-resine-casa-batllo-mosaique-barcelone","status":"publish","type":"product","link":"https:\/\/olemosaic.com\/fr\/produit\/aimant-resine-casa-batllo-mosaique-barcelone\/","title":{"rendered":"Aimant en r\u00e9sine. Casa Batll\u00f3. Mosa\u00efque. Barcelone."},"content":{"rendered":"<p>Cet aimant en r\u00e9sine repr\u00e9sente l&#8217;embl\u00e9matique Casa Batll\u00f3 de Barcelone, une pi\u00e8ce qui capture l&rsquo;essence du modernisme catalan avec un design color\u00e9 et vibrant. Fabriqu\u00e9 avec une attention particuli\u00e8re aux d\u00e9tails, l&rsquo;aimant reproduit le c\u00e9l\u00e8bre toit en forme d&rsquo;\u00e9cailles, \u00e9voquant les \u0153uvres fantastiques d&rsquo;Antoni Gaud\u00ed, caract\u00e9ris\u00e9es par leur int\u00e9gration de l&rsquo;art et de la nature. Les formes organiques des balcons, qui semblent prendre vie, se d\u00e9tachent dans des tons ensoleill\u00e9s de jaune, bleu et vert, offrant un attrait visuel qui ne passe pas inaper\u00e7u.<\/p>\n<p>Peint \u00e0 la main, cet aimant pr\u00e9sente des textures qui \u00e9voquent la magie de cette structure iconique et de son environnement, en faisant un souvenir authentique du riche h\u00e9ritage architectural de Barcelone. La Casa Batll\u00f3, reconnue comme patrimoine mondial par l&rsquo;UNESCO, est un symbole de la cr\u00e9ativit\u00e9 et de l&rsquo;innovation de Gaud\u00ed, et cet aimant est un excellent moyen de ramener un morceau de cette histoire chez soi.<\/p>\n<p>Id\u00e9al comme souvenir de Barcelone, cet aimant n&rsquo;est pas seulement un accessoire d\u00e9coratif, mais aussi un souvenir significatif qui connecte les touristes \u00e0 la culture catalane. Chez Ol\u00e9 Mosaic, nous nous sp\u00e9cialisons dans la distribution de souvenirs en gros, offrant des produits authentiques et de qualit\u00e9 qui rehaussent la beaut\u00e9 de l&rsquo;Espagne. Cet aimant de la Casa Batll\u00f3 est un choix parfait pour les boutiques de cadeaux touristiques cherchant \u00e0 enrichir l&rsquo;offre culturelle faite \u00e0 leurs clients.<\/p>\n","protected":false},"excerpt":{"rendered":"<p>Aimant repr\u00e9sentant l&#8217;embl\u00e9matique Casa Batll\u00f3 de Barcelone. Ce souvenir attrayant capture l&rsquo;essence du modernisme catalan avec son design color\u00e9, incluant le c\u00e9l\u00e8bre toit en forme d&rsquo;\u00e9cailles et les balcons caract\u00e9ristiques aux formes organiques. Avec des d\u00e9tails peints \u00e0 la main, cet aimant pr\u00e9sente des tons vibrants et des textures qui \u00e9voquent la magie de l&rsquo;\u0153uvre d&rsquo;Antoni Gaud\u00ed, devenant le souvenir parfait pour les amateurs d&rsquo;architecture.<\/p>\n","protected":false},"featured_media":6733,"template":"","meta":{"_acf_changed":false},"product_brand":[],"product_cat":[697],"product_tag":[],"class_list":{"0":"post-31164","1":"product","2":"type-product","3":"status-publish","4":"has-post-thumbnail","6":"product_cat-aimants","7":"pa_ciudad-barcelona","8":"pa_motivo-casa-batllo","9":"pa_pais-espana","11":"first","12":"instock","13":"shipping-taxable","14":"product-type-simple"},"acf":[],"_links":{"self":[{"href":"https:\/\/olemosaic.com\/fr\/wp-json\/wp\/v2\/product\/31164","targetHints":{"allow":["GET"]}}],"collection":[{"href":"https:\/\/olemosaic.com\/fr\/wp-json\/wp\/v2\/product"}],"about":[{"href":"https:\/\/olemosaic.com\/fr\/wp-json\/wp\/v2\/types\/product"}],"wp:featuredmedia":[{"embeddable":true,"href":"https:\/\/olemosaic.com\/fr\/wp-json\/wp\/v2\/media\/6733"}],"wp:attachment":[{"href":"https:\/\/olemosaic.com\/fr\/wp-json\/wp\/v2\/media?parent=31164"}],"wp:term":[{"taxonomy":"product_brand","embeddable":true,"href":"https:\/\/olemosaic.com\/fr\/wp-json\/wp\/v2\/product_brand?post=31164"},{"taxonomy":"product_cat","embeddable":true,"href":"https:\/\/olemosaic.com\/fr\/wp-json\/wp\/v2\/product_cat?post=31164"},{"taxonomy":"product_tag","embeddable":true,"href":"https:\/\/olemosaic.com\/fr\/wp-json\/wp\/v2\/product_tag?post=31164"}],"curies":[{"name":"wp","href":"https:\/\/api.w.org\/{rel}","templated":true}]}}