{"id":31162,"date":"2025-02-20T23:32:58","date_gmt":"2025-02-20T22:32:58","guid":{"rendered":"http:\/\/olemosaic.com\/producto\/iman-de-resina-casa-batllo-barcelona\/"},"modified":"2025-07-25T18:34:19","modified_gmt":"2025-07-25T16:34:19","slug":"aimant-resine-casa-batllo-barcelone","status":"publish","type":"product","link":"https:\/\/olemosaic.com\/fr\/produit\/aimant-resine-casa-batllo-barcelone\/","title":{"rendered":"Aimant en r\u00e9sine. Casa Batll\u00f3. Barcelone."},"content":{"rendered":"<p>Cet aimant en r\u00e9sine repr\u00e9sente de mani\u00e8re exceptionnelle l&#8217;embl\u00e9matique Casa Batll\u00f3, une ic\u00f4ne du modernisme architectural situ\u00e9e au c\u0153ur de Barcelone. Avec un design vibrant et color\u00e9, ce souvenir est une v\u00e9ritable \u0153uvre d&rsquo;art miniature qui capture les ondulations et les formes caract\u00e9ristiques de l&rsquo;\u00e9difice con\u00e7u par Antoni Gaud\u00ed. La pi\u00e8ce pr\u00e9sente des d\u00e9tails \u00e9labor\u00e9s, tels que de petites fleurs et des mosa\u00efques d\u00e9coratives, qui \u00e9voquent la riche ornementation de la maison, lui conf\u00e9rant un air de sophistication artistique.<\/p>\n<p>\u00c0 la base de l&rsquo;aimant, l&rsquo;inscription \u00ab\u00a0Barcelona Casa Batll\u00f3\u00a0\u00bb se d\u00e9tache en lettres claires, soulignant la provenance de ce souvenir inoubliable. En pla\u00e7ant cet aimant sur le r\u00e9frig\u00e9rateur ou sur toute surface m\u00e9tallique, les touristes peuvent se rem\u00e9morer leur visite \u00e0 l&rsquo;un des plus grands repr\u00e9sentants du modernisme catalan, connu pour sa fa\u00e7ade surr\u00e9aliste et son utilisation innovante de la couleur.<\/p>\n<p>Faisant partie de la collection de souvenirs d&rsquo;Ol\u00e9 Mosaic, cet aimant n&rsquo;est pas seulement une option parfaite pour ceux qui recherchent des souvenirs authentiques et artistiques de Barcelone, mais il repr\u00e9sente \u00e9galement une excellente opportunit\u00e9 pour les boutiques de cadeaux touristiques souhaitant proposer des produits de qualit\u00e9. Avec son authenticit\u00e9 et sa pertinence culturelle, cet aimant de la Casa Batll\u00f3 devient un souvenir attrayant qui rappellera toujours aux visiteurs leur passage dans la singuli\u00e8re et magique Cit\u00e9 Comtale.<\/p>\n","protected":false},"excerpt":{"rendered":"<p>Aimant repr\u00e9sentant l&#8217;embl\u00e9matique Casa Batll\u00f3, situ\u00e9e \u00e0 Barcelone. Ce souvenir color\u00e9 se distingue par son design d\u00e9taill\u00e9 aux tons vibrants, imitant les ondulations et les formes caract\u00e9ristiques du c\u00e9l\u00e8bre \u00e9difice de Gaud\u00ed. Les petites fleurs et les mosa\u00efques d\u00e9coratives ajoutent une touche artistique, tandis que le texte \u00ab Barcelona Casa Batll\u00f3 \u00bb \u00e0 la base souligne sa provenance. Id\u00e9al pour se souvenir de l&rsquo;architecture moderniste unique de la Cit\u00e9 Comtale.<\/p>\n","protected":false},"featured_media":6734,"template":"","meta":{"_acf_changed":false},"product_brand":[],"product_cat":[697],"product_tag":[],"class_list":{"0":"post-31162","1":"product","2":"type-product","3":"status-publish","4":"has-post-thumbnail","6":"product_cat-aimants","7":"pa_ciudad-barcelona","8":"pa_motivo-casa-batllo","9":"pa_pais-espana","11":"first","12":"instock","13":"shipping-taxable","14":"product-type-simple"},"acf":[],"_links":{"self":[{"href":"https:\/\/olemosaic.com\/fr\/wp-json\/wp\/v2\/product\/31162","targetHints":{"allow":["GET"]}}],"collection":[{"href":"https:\/\/olemosaic.com\/fr\/wp-json\/wp\/v2\/product"}],"about":[{"href":"https:\/\/olemosaic.com\/fr\/wp-json\/wp\/v2\/types\/product"}],"wp:featuredmedia":[{"embeddable":true,"href":"https:\/\/olemosaic.com\/fr\/wp-json\/wp\/v2\/media\/6734"}],"wp:attachment":[{"href":"https:\/\/olemosaic.com\/fr\/wp-json\/wp\/v2\/media?parent=31162"}],"wp:term":[{"taxonomy":"product_brand","embeddable":true,"href":"https:\/\/olemosaic.com\/fr\/wp-json\/wp\/v2\/product_brand?post=31162"},{"taxonomy":"product_cat","embeddable":true,"href":"https:\/\/olemosaic.com\/fr\/wp-json\/wp\/v2\/product_cat?post=31162"},{"taxonomy":"product_tag","embeddable":true,"href":"https:\/\/olemosaic.com\/fr\/wp-json\/wp\/v2\/product_tag?post=31162"}],"curies":[{"name":"wp","href":"https:\/\/api.w.org\/{rel}","templated":true}]}}