{"id":31158,"date":"2025-02-20T23:32:58","date_gmt":"2025-02-20T22:32:58","guid":{"rendered":"http:\/\/olemosaic.com\/producto\/iman-de-resina-salamandra-12-cm\/"},"modified":"2025-07-25T19:57:40","modified_gmt":"2025-07-25T17:57:40","slug":"aimant-resine-salamandre-12-cm","status":"publish","type":"product","link":"https:\/\/olemosaic.com\/fr\/produit\/aimant-resine-salamandre-12-cm\/","title":{"rendered":"Aimant en r\u00e9sine. Salamandre. 12 cm."},"content":{"rendered":"<p>Cet aimant en r\u00e9sine en forme de salamandre est un souvenir vibrant qui capture l&rsquo;essence de l&rsquo;art de la mosa\u00efque, si caract\u00e9ristique des r\u00e9gions m\u00e9diterran\u00e9ennes. Avec des dimensions de 12 cm, cet aimant se distingue par sa combinaison complexe et color\u00e9e de tons bleus, verts, oranges et jaunes, qui donnent vie \u00e0 une repr\u00e9sentation stylis\u00e9e de ce symbole embl\u00e9matique de la faune m\u00e9diterran\u00e9enne.<\/p>\n<p>Le design de la salamandre est non seulement attrayant, mais r\u00e9v\u00e8le \u00e9galement une attention m\u00e9ticuleuse aux d\u00e9tails, garantissant que chaque pi\u00e8ce soit unique et pleine de personnalit\u00e9. Sa finition brillante rehausse les couleurs, apportant une touche distinctive qui en fait une excellente option pour orner n&rsquo;importe quelle surface m\u00e9tallique, des r\u00e9frig\u00e9rateurs aux panneaux magn\u00e9tiques dans les maisons ou les commerces.<\/p>\n<p>La salamandre, consid\u00e9r\u00e9e comme un symbole de transformation et de renaissance, poss\u00e8de un lien culturel fort, repr\u00e9sentant la diversit\u00e9 de la nature et la beaut\u00e9 de la faune qui entoure la M\u00e9diterran\u00e9e. Cet aimant n&rsquo;est pas seulement un souvenir charmant, mais aussi une pi\u00e8ce qui c\u00e9l\u00e8bre le riche h\u00e9ritage culturel de la r\u00e9gion.<\/p>\n<p>Chez Ol\u00e9 Mosaic, nous nous sp\u00e9cialisons dans la vente en gros de souvenirs, offrant des produits qui refl\u00e8tent l&rsquo;authenticit\u00e9 et la valeur culturelle de leurs lieux d&rsquo;origine. Cet aimant en r\u00e9sine est une excellente option pour les boutiques de cadeaux touristiques qui cherchent \u00e0 offrir \u00e0 leurs clients un souvenir repr\u00e9sentatif et de qualit\u00e9 de leurs voyages. En tant que distributeurs de souvenirs, nous garantissons que chaque article est une combinaison parfaite d&rsquo;art et de tradition.<\/p>\n","protected":false},"excerpt":{"rendered":"<p>Aimant en forme de salamandre, un design vibrant et color\u00e9 qui \u00e9voque l&rsquo;art de la mosa\u00efque. Cet aimant de 12 cm se distingue par sa combinaison complexe de tons bleus, verts, oranges et jaunes, repr\u00e9sentant de mani\u00e8re stylis\u00e9e un symbole embl\u00e9matique de la faune m\u00e9diterran\u00e9enne. Parfait pour orner n&rsquo;importe quelle surface m\u00e9tallique, sa finition brillante et ses d\u00e9tails minutieux ajoutent une touche distinctive \u00e0 la d\u00e9coration de votre maison.<\/p>\n","protected":false},"featured_media":9257,"template":"","meta":{"_acf_changed":false},"product_brand":[],"product_cat":[697],"product_tag":[530],"class_list":{"0":"post-31158","1":"product","2":"type-product","3":"status-publish","4":"has-post-thumbnail","6":"product_cat-aimants","7":"product_tag-animaux","8":"pa_motivo-salamandres","10":"first","11":"instock","12":"shipping-taxable","13":"product-type-simple"},"acf":[],"_links":{"self":[{"href":"https:\/\/olemosaic.com\/fr\/wp-json\/wp\/v2\/product\/31158","targetHints":{"allow":["GET"]}}],"collection":[{"href":"https:\/\/olemosaic.com\/fr\/wp-json\/wp\/v2\/product"}],"about":[{"href":"https:\/\/olemosaic.com\/fr\/wp-json\/wp\/v2\/types\/product"}],"wp:featuredmedia":[{"embeddable":true,"href":"https:\/\/olemosaic.com\/fr\/wp-json\/wp\/v2\/media\/9257"}],"wp:attachment":[{"href":"https:\/\/olemosaic.com\/fr\/wp-json\/wp\/v2\/media?parent=31158"}],"wp:term":[{"taxonomy":"product_brand","embeddable":true,"href":"https:\/\/olemosaic.com\/fr\/wp-json\/wp\/v2\/product_brand?post=31158"},{"taxonomy":"product_cat","embeddable":true,"href":"https:\/\/olemosaic.com\/fr\/wp-json\/wp\/v2\/product_cat?post=31158"},{"taxonomy":"product_tag","embeddable":true,"href":"https:\/\/olemosaic.com\/fr\/wp-json\/wp\/v2\/product_tag?post=31158"}],"curies":[{"name":"wp","href":"https:\/\/api.w.org\/{rel}","templated":true}]}}