{"id":31154,"date":"2025-02-20T23:32:57","date_gmt":"2025-02-20T22:32:57","guid":{"rendered":"http:\/\/olemosaic.com\/producto\/iman-de-resina-salamandra-9-cm-2\/"},"modified":"2025-07-25T18:41:50","modified_gmt":"2025-07-25T16:41:50","slug":"aimant-en-resine-salamandre-9-cm-2","status":"publish","type":"product","link":"https:\/\/olemosaic.com\/fr\/produit\/aimant-en-resine-salamandre-9-cm-2\/","title":{"rendered":"Aimant en r\u00e9sine. Salamandre. Style floral. 9 cm."},"content":{"rendered":"<p>Cet aimant en r\u00e9sine en forme de salamandre est un souvenir attrayant qui capture l&rsquo;essence vibrante de la faune ib\u00e9rique. Avec des dimensions de 9 cm, cet aimant color\u00e9 pr\u00e9sente un design inspir\u00e9 de l&rsquo;art de la mosa\u00efque, o\u00f9 s&rsquo;entrelacent des tons de bleu, vert, jaune et rouge, \u00e9voquant un style artistique qui c\u00e9l\u00e8bre la diversit\u00e9 naturelle de la r\u00e9gion. La salamandre, symbole de transformation et de renouveau, repr\u00e9sente le riche h\u00e9ritage culturel europ\u00e9en et est devenue une ic\u00f4ne dans diverses traditions locales.<\/p>\n<p>La finition brillante de l&rsquo;aimant souligne les d\u00e9tails m\u00e9ticuleusement con\u00e7us, cr\u00e9ant une pi\u00e8ce qui non seulement orne n&rsquo;importe quelle surface m\u00e9tallique, mais fonctionne \u00e9galement comme un pr\u00e9cieux souvenir de votre visite en Espagne. Id\u00e9al pour ceux qui recherchent des souvenirs authentiques et repr\u00e9sentatifs, cet aimant encapsule la beaut\u00e9 du folklore local, devenant une excellente option pour les touristes. Chez Ol\u00e9 Mosaic, nous nous sp\u00e9cialisons dans la distribution de souvenirs en gros, proposant des aimants artistiques en r\u00e9sine qui attirent des clients du monde entier. Cet aimant de salamandre est un choix parfait pour les boutiques de cadeaux touristiques souhaitant ajouter une touche d&rsquo;originalit\u00e9 et de culture \u00e0 leur offre de souvenirs. Si vous recherchez un souvenir distinctif qui t\u00e9moigne de la richesse culturelle espagnole, cet aimant est le choix id\u00e9al.<\/p>\n","protected":false},"excerpt":{"rendered":"<p>Aimant en forme de salamandre, de 9 cm, avec un design vibrant et color\u00e9. Ce souvenir attrayant pr\u00e9sente un style de mosa\u00efque qui met en valeur des tons bleus, verts, jaunes et rouges, \u00e9voquant la riche flore et faune de la p\u00e9ninsule ib\u00e9rique. Sa finition brillante et ses d\u00e9tails artistiques en font une repr\u00e9sentation id\u00e9ale du folklore local, parfaite pour orner n&rsquo;importe quelle surface m\u00e9tallique et se souvenir de votre visite en Espagne.<\/p>\n","protected":false},"featured_media":9263,"template":"","meta":{"_acf_changed":false},"product_brand":[],"product_cat":[697],"product_tag":[530],"class_list":{"0":"post-31154","1":"product","2":"type-product","3":"status-publish","4":"has-post-thumbnail","6":"product_cat-aimants","7":"product_tag-animaux","8":"pa_motivo-salamandres","10":"first","11":"instock","12":"shipping-taxable","13":"product-type-simple"},"acf":[],"_links":{"self":[{"href":"https:\/\/olemosaic.com\/fr\/wp-json\/wp\/v2\/product\/31154","targetHints":{"allow":["GET"]}}],"collection":[{"href":"https:\/\/olemosaic.com\/fr\/wp-json\/wp\/v2\/product"}],"about":[{"href":"https:\/\/olemosaic.com\/fr\/wp-json\/wp\/v2\/types\/product"}],"wp:featuredmedia":[{"embeddable":true,"href":"https:\/\/olemosaic.com\/fr\/wp-json\/wp\/v2\/media\/9263"}],"wp:attachment":[{"href":"https:\/\/olemosaic.com\/fr\/wp-json\/wp\/v2\/media?parent=31154"}],"wp:term":[{"taxonomy":"product_brand","embeddable":true,"href":"https:\/\/olemosaic.com\/fr\/wp-json\/wp\/v2\/product_brand?post=31154"},{"taxonomy":"product_cat","embeddable":true,"href":"https:\/\/olemosaic.com\/fr\/wp-json\/wp\/v2\/product_cat?post=31154"},{"taxonomy":"product_tag","embeddable":true,"href":"https:\/\/olemosaic.com\/fr\/wp-json\/wp\/v2\/product_tag?post=31154"}],"curies":[{"name":"wp","href":"https:\/\/api.w.org\/{rel}","templated":true}]}}