{"id":31153,"date":"2025-02-20T23:32:57","date_gmt":"2025-02-20T22:32:57","guid":{"rendered":"http:\/\/olemosaic.com\/producto\/iman-de-resina-salamandra-9-cm\/"},"modified":"2025-07-25T20:02:39","modified_gmt":"2025-07-25T18:02:39","slug":"aimant-en-resine-salamandre-9-cm","status":"publish","type":"product","link":"https:\/\/olemosaic.com\/fr\/produit\/aimant-en-resine-salamandre-9-cm\/","title":{"rendered":"Aimant en r\u00e9sine. Salamandre. 9 cm."},"content":{"rendered":"<p>Cet aimant en r\u00e9sine en forme de salamandre est un souvenir attrayant inspir\u00e9 de la c\u00e9l\u00e8bre mosa\u00efque de Gaud\u00ed \u00e0 Barcelone, con\u00e7u pour capturer l&rsquo;essence du modernisme catalan. Avec des dimensions de 9 cm, cet aimant color\u00e9 pr\u00e9sente un design vibrant qui m\u00e9lange des tons rouges, verts et noirs, cr\u00e9ant un effet visuel captivant qui rappelle le trencad\u00eds, la technique caract\u00e9ristique du grand artiste. La salamandre, symbole de la faune locale, se distingue par sa repr\u00e9sentation artistique et son coloris, qui \u00e9voque la singularit\u00e9 de l&rsquo;\u0153uvre de Gaud\u00ed.<\/p>\n<p>Chaque d\u00e9tail de l&rsquo;aimant est m\u00e9ticuleusement \u00e9labor\u00e9, avec de petits fragments qui composent une mosa\u00efque pleine de vie et de personnalit\u00e9. Son utilisation comme aimant n&rsquo;en fait pas seulement un objet d\u00e9coratif id\u00e9al pour le r\u00e9frig\u00e9rateur ou toute surface m\u00e9tallique, mais aussi un rappel constant de la richesse culturelle de Barcelone. Ce souvenir est bien plus qu&rsquo;un objet d\u00e9coratif ; c&rsquo;est une pi\u00e8ce de conversation sur l&rsquo;histoire fascinante du modernisme et de la cr\u00e9ativit\u00e9 espagnole.<\/p>\n<p>Chez Ol\u00e9 Mosaic, nous nous sp\u00e9cialisons dans la distribution de souvenirs de qualit\u00e9 et d&rsquo;authenticit\u00e9 en gros. Cet aimant de salamandre est l&rsquo;option parfaite pour les boutiques de cadeaux touristiques qui souhaitent proposer des produits refl\u00e9tant l&rsquo;h\u00e9ritage culturel de l&rsquo;Espagne. En choisissant cet aimant comme souvenir, les touristes n&#8217;emporteront pas seulement une pi\u00e8ce d&rsquo;art, mais aussi un morceau de l&rsquo;inspirante Barcelone.<\/p>\n","protected":false},"excerpt":{"rendered":"<p>Aimant en forme de salamandre de 9 cm, inspir\u00e9 de la c\u00e9l\u00e8bre mosa\u00efque de Gaud\u00ed \u00e0 Barcelone. Cet aimant color\u00e9 pr\u00e9sente un design vibrant, avec un m\u00e9lange de tons rouges, verts et noirs, qui imite le trencad\u00eds caract\u00e9ristique du modernisme catalan. Id\u00e9al pour d\u00e9corer votre r\u00e9frig\u00e9rateur ou toute surface m\u00e9tallique, ce souvenir est une repr\u00e9sentation artistique de la faune locale, alliant cr\u00e9ativit\u00e9 et tradition dans un produit unique et attrayant.<\/p>\n","protected":false},"featured_media":9265,"template":"","meta":{"_acf_changed":false},"product_brand":[],"product_cat":[697],"product_tag":[530],"class_list":{"0":"post-31153","1":"product","2":"type-product","3":"status-publish","4":"has-post-thumbnail","6":"product_cat-aimants","7":"product_tag-animaux","8":"pa_motivo-salamandres","10":"first","11":"instock","12":"shipping-taxable","13":"product-type-simple"},"acf":[],"_links":{"self":[{"href":"https:\/\/olemosaic.com\/fr\/wp-json\/wp\/v2\/product\/31153","targetHints":{"allow":["GET"]}}],"collection":[{"href":"https:\/\/olemosaic.com\/fr\/wp-json\/wp\/v2\/product"}],"about":[{"href":"https:\/\/olemosaic.com\/fr\/wp-json\/wp\/v2\/types\/product"}],"wp:featuredmedia":[{"embeddable":true,"href":"https:\/\/olemosaic.com\/fr\/wp-json\/wp\/v2\/media\/9265"}],"wp:attachment":[{"href":"https:\/\/olemosaic.com\/fr\/wp-json\/wp\/v2\/media?parent=31153"}],"wp:term":[{"taxonomy":"product_brand","embeddable":true,"href":"https:\/\/olemosaic.com\/fr\/wp-json\/wp\/v2\/product_brand?post=31153"},{"taxonomy":"product_cat","embeddable":true,"href":"https:\/\/olemosaic.com\/fr\/wp-json\/wp\/v2\/product_cat?post=31153"},{"taxonomy":"product_tag","embeddable":true,"href":"https:\/\/olemosaic.com\/fr\/wp-json\/wp\/v2\/product_tag?post=31153"}],"curies":[{"name":"wp","href":"https:\/\/api.w.org\/{rel}","templated":true}]}}