{"id":31152,"date":"2025-02-20T23:32:57","date_gmt":"2025-02-20T22:32:57","guid":{"rendered":"http:\/\/olemosaic.com\/producto\/iman-de-resina-mariposa-mallorca-10-cm\/"},"modified":"2025-07-25T20:42:10","modified_gmt":"2025-07-25T18:42:10","slug":"aimant-en-resine-papillon-majorque-10-cm","status":"publish","type":"product","link":"https:\/\/olemosaic.com\/fr\/produit\/aimant-en-resine-papillon-majorque-10-cm\/","title":{"rendered":"Aimant en r\u00e9sine. Papillon. Majorque. 10 cm."},"content":{"rendered":"<p>Cet aimant en r\u00e9sine en forme de luciole est une c\u00e9l\u00e9bration vibrante de la beaut\u00e9 et de la culture de Majorque. Avec des dimensions de 10 cm, ce souvenir attrayant se distingue par son design d\u00e9coratif, qui fusionne des couleurs intenses et des d\u00e9tails artistiques \u00e9voquant le charme singulier de l&rsquo;\u00eele des Bal\u00e9ares. Son fond noir fait ressortir des motifs en bleu, rouge et jaune, inspir\u00e9s de l&rsquo;art traditionnel majorquin, cr\u00e9ant un contraste visuel qui attirera l&rsquo;attention sur n&rsquo;importe quelle surface m\u00e9tallique. Le nom \u00ab\u00a0MAJORQUE\u00a0\u00bb est incorpor\u00e9 au centre, capturant l&rsquo;essence de cette magnifique destination m\u00e9diterran\u00e9enne dans une pi\u00e8ce \u00e0 la fois d\u00e9corative et significative. Les d\u00e9tails de l&rsquo;illustration, qui \u00e9voquent la faune locale, font que cet aimant ne sert pas seulement de rappel de vos voyages, mais aussi de symbole de la riche biodiversit\u00e9 qu&rsquo;offre Majorque. Id\u00e9al pour les touristes \u00e0 la recherche de souvenirs authentiques et repr\u00e9sentatifs, cet aimant est un cadeau sp\u00e9cial qui pr\u00e9servera les souvenirs d&rsquo;exp\u00e9riences merveilleuses sur l&rsquo;\u00eele. Ol\u00e9 Mosaic est fier de proposer des souvenirs de qualit\u00e9 en gros qui refl\u00e8tent l&rsquo;authenticit\u00e9 et l&rsquo;esprit culturel de leurs origines, faisant de cet aimant une excellente option pour les boutiques de cadeaux touristiques.<\/p>\n","protected":false},"excerpt":{"rendered":"<p>Aimant en forme de luciole, inspir\u00e9 par la beaut\u00e9 de Majorque. Cet attrayant aimant de 10 cm se distingue par son design d\u00e9coratif vibrant, aux couleurs intenses et aux d\u00e9tails artistiques. Sur un fond noir, se d\u00e9ploient des motifs en bleu, rouge et jaune qui \u00e9voquent l&rsquo;art traditionnel de l&rsquo;\u00eele. Le mot \u00ab\u00a0MAJORQUE\u00a0\u00bb centre la pi\u00e8ce, capturant l&rsquo;essence de cette destination m\u00e9diterran\u00e9enne. Id\u00e9al pour se souvenir de vos voyages ou pour un cadeau sp\u00e9cial.<\/p>\n","protected":false},"featured_media":9528,"template":"","meta":{"_acf_changed":false},"product_brand":[],"product_cat":[697],"product_tag":[530],"class_list":{"0":"post-31152","1":"product","2":"type-product","3":"status-publish","4":"has-post-thumbnail","6":"product_cat-aimants","7":"product_tag-animaux","8":"pa_ciudad-mallorca","9":"pa_motivo-papillons","10":"pa_pais-espana","12":"first","13":"instock","14":"shipping-taxable","15":"product-type-simple"},"acf":[],"_links":{"self":[{"href":"https:\/\/olemosaic.com\/fr\/wp-json\/wp\/v2\/product\/31152","targetHints":{"allow":["GET"]}}],"collection":[{"href":"https:\/\/olemosaic.com\/fr\/wp-json\/wp\/v2\/product"}],"about":[{"href":"https:\/\/olemosaic.com\/fr\/wp-json\/wp\/v2\/types\/product"}],"wp:featuredmedia":[{"embeddable":true,"href":"https:\/\/olemosaic.com\/fr\/wp-json\/wp\/v2\/media\/9528"}],"wp:attachment":[{"href":"https:\/\/olemosaic.com\/fr\/wp-json\/wp\/v2\/media?parent=31152"}],"wp:term":[{"taxonomy":"product_brand","embeddable":true,"href":"https:\/\/olemosaic.com\/fr\/wp-json\/wp\/v2\/product_brand?post=31152"},{"taxonomy":"product_cat","embeddable":true,"href":"https:\/\/olemosaic.com\/fr\/wp-json\/wp\/v2\/product_cat?post=31152"},{"taxonomy":"product_tag","embeddable":true,"href":"https:\/\/olemosaic.com\/fr\/wp-json\/wp\/v2\/product_tag?post=31152"}],"curies":[{"name":"wp","href":"https:\/\/api.w.org\/{rel}","templated":true}]}}